{"id":32543,"date":"2025-05-23T11:07:38","date_gmt":"2025-05-23T09:07:38","guid":{"rendered":"https:\/\/www.wikeeps.com\/?post_type=product&#038;p=32543"},"modified":"2026-01-05T21:51:13","modified_gmt":"2026-01-05T20:51:13","slug":"la-torre-temp-bubbl-conservare-e-mantenere-la-temperatura-dello-spumante","status":"publish","type":"product","link":"https:\/\/www.wikeeps.com\/it\/prodotto\/conservazione-dello-champagne\/la-torre-temp-bubbl-conservare-e-mantenere-la-temperatura-dello-spumante\/","title":{"rendered":"Enoturismo dello champagne: conservazione + temperatura ideale"},"content":{"rendered":"<p>[et_pb_section fb_built=&#8221;1&#8243; theme_builder_area=&#8221;post_content&#8221; _builder_version=&#8221;4.27.4&#8243; _module_preset=&#8221;default&#8221;][et_pb_row _builder_version=&#8221;4.27.4&#8243; _module_preset=&#8221;default&#8221; theme_builder_area=&#8221;post_content&#8221;][et_pb_column _builder_version=&#8221;4.27.4&#8243; _module_preset=&#8221;default&#8221; type=&#8221;4_4&#8243; theme_builder_area=&#8221;post_content&#8221;][et_pb_wc_description _builder_version=&#8221;4.27.4&#8243; _module_preset=&#8221;default&#8221; theme_builder_area=&#8221;post_content&#8221; description_type=&#8221;description&#8221; hover_enabled=&#8221;0&#8243; sticky_enabled=&#8221;0&#8243;][\/et_pb_wc_description][\/et_pb_column][\/et_pb_row][\/et_pb_section]<\/p>\n","protected":false},"excerpt":{"rendered":"<p>Enoturismo Champagne: sistema portatile di conservazione e mantenimento della temperatura ideale per degustazioni e fiere.<\/p>\n","protected":false},"featured_media":32068,"template":"","meta":{"_et_pb_use_builder":"on","_et_pb_old_content":"<h2 id=\"systeme-professionnel-portable-oenotourisme-champagne-et-bars-a-vins\" style=\"text-align: center\">Sistema professionale portatile<\/h2>\n<h2 id=\"systeme-professionnel-portable-oenotourisme-champagne-et-bars-a-vins\" style=\"text-align: center\">Enoturismo champagne e wine bar<\/h2>\n<ol>\n \t<li>Il primo sistema professionale portatile, elegante ed efficiente<\/li>\n \t<li>Materiali nobili: legno e acciaio inossidabile<\/li>\n \t<li>Personalizzato con incisione laser<\/li>\n \t<li>Modulo di riscaldamento per 5 bottiglie - raffreddamento tramite trasferimento di calore.<\/li>\n<\/ol>\n<h4 id=\"2-pistolets-bubbl-1-relie-1-nomade\" style=\"text-align: center\">2 pistole Bubbl.<\/h4>\n<h4 id=\"2-pistolets-bubbl-1-relie-1-nomade\" style=\"text-align: center\">1 Rilegato + 1 nomade<\/h4>\n<h4 id=\"la-temptour-contient\" style=\"text-align: center\">La TempTour contiene<\/h4>\n<h4 id=\"5-bouchons-bubbl-smart-cap-tous-vins-effervescents\" style=\"text-align: center\">5 tappi Bubbl. \u00abSmart Cap\u00bb <\/h4>\n<h4 id=\"5-bouchons-bubbl-smart-cap-tous-vins-effervescents\" style=\"text-align: center\">Tutti i vini spumanti<\/h4>\n<h4 id=\"1-bombonne-rechargeable-600-ml-gaz-nologique-co2-n2\" style=\"text-align: center\">1 bombola ricaricabile da 600 ml Gas enologico CO2 \/ N2<\/h4>\n<h2 id=\"l-innovation-oenotourisme-champagne-bubbl\" style=\"text-align: center\">L'innovazione Enoturismo Champagne Bubbl.\u00ae<\/h2>\n<h4 id=\"bubbl-finalement-une-offre-simple-pour-le-service-des-champagnes-au-verre\" style=\"text-align: center\"><strong><em>Bubbl.: finalmente un'offerta semplice per il servizio di Champagne al bicchiere <\/em> <\/strong><\/h4>\n<p style=\"text-align: center\">Bubbl.\u00ae \u00e8 un'i<strong>nnovazione tecnologica francese<\/strong> al servizio degli appassionati e dei professionisti dello spumante. Permette la conservazione dello champagne aperto per <strong>pi\u00f9 di 7 giorni.<\/strong> <\/p>\n<p style=\"text-align: center\">Il sistema ha vinto il premio per l'innovazione 2023 alla fiera internazionale dello spumante VITEFF di Epernay.<\/p>\n\n<h2 id=\"fonctionnement-du-systeme-bubbl\" style=\"text-align: center\">Funzionamento del sistema Bubbl.\u00ae<\/h2>\n<p style=\"text-align: justify\">Stappate normalmente la bottiglia di vino frizzante e versate il numero di bicchieri necessario.<\/p>\n<p style=\"text-align: justify\">Il tappo permette di sigillare la bottiglia aperta. Premendo per 5 secondi il grilletto della pistola, si inietta il gas protettivo: l'anidride carbonica presente nello Champagne viene compressa e l'azoto protegge impedendo l'ossidazione. <\/p>\n<p style=\"text-align: justify\">Cos\u00ec conservati, i vostri vini effervescenti rimangono perfetti per oltre 7 giorni: qualit\u00e0 e aromi rimangono inalterati. Potrete quindi offrire pi\u00f9 champagne al bicchiere senza timore di perdite. <\/p>\n\n<h4 id=\"notre-bombonne-rechargeable-60-cl-bubbl\">La nostra bomboletta ricaricabile da 60 cl Bubbl.<\/h4>\n<p style=\"text-align: justify\"> Le cartucce Bubbl.\u00ae sono <strong>prodotte nell'Unione Europea<\/strong> e contengono <strong>gas enologico.<\/strong><\/p>\n<p style=\"text-align: justify\">Questo gas alimentare proviene dall'aria ed \u00e8 fornito dal nostro partner del gas: <strong>Linde Gas<\/strong>.<\/p>\n<p style=\"text-align: justify\">L'esperienza di Linde nei gas \u00e8 r<strong>iconosciuta in tutto il mondo<\/strong> come garanzia di qualit\u00e0 e prestazioni.<\/p>\n<p style=\"text-align: justify\">Utilizzati nei tini dei pi\u00f9 grandi ch\u00e2teaux, i gas contenuti nelle cartucce Bubbl.\u00ae vi garantiranno la qualit\u00e0 di conservazione richiesta dalle bottiglie pi\u00f9 pregiate.<\/p>\n<p style=\"text-align: justify\">Ogni bomboletta da 60 cl Bubbl.\u00ae consente di conservare <strong>circa 150 bottiglie (75 cl) aperte<\/strong>. Ideale per l'enoturismo nella regione dello Champagne.<\/p>\n<p style=\"text-align: justify\">Li ricarichiamo nel nostro laboratorio situato nella regione dello Champagne, vicino a Chateau-Thierry. Le loro prestazioni consentono di <strong>conservare gli champagne per pi\u00f9 di una settimana<\/strong> (bollicine e aromi). <\/p>\n\n<h2 id=\"faq-bubbl\" style=\"text-align: center\">FAQ Bubbl.\u00ae<\/h2>\n<p style=\"text-align: justify\">La pistola iniettrice \u00e8 dotata di un grilletto. Premendo il grilletto si rilascia il gas enologico. Sono necessari circa 5 secondi per comprimere bene la CO2 rimasta nella bottiglia. In ogni caso, non si corre alcun rischio di inserire troppo gas, poich\u00e9 il tappo Smart Cap regola la pressione e fa fuoriuscire tutto il gas in eccesso.    La conservazione dello Champagne \u00e8 cos\u00ec garantita.<\/p>\n<p style=\"text-align: justify\">Una nuova cartuccia conserva <g id=\"gid_0\">5 bottiglie piene da 75cl di spumante.<\/g> La misurazione \u00e8 stata effettuata utilizzando bottiglie nuove che sono state stappate e servite bicchiere dopo bicchiere, con una protezione tra ogni bicchiere. Se si considera che da una bottiglia si ottengono 6 bicchieri da 12cl, la cartuccia consente di effettuare da 25 a 30 iniezioni.  <\/p>\n<p style=\"text-align: justify\">Per garantire la massima igiene, \u00e8 possibile pulire i tappi Smart Cap, realizzati in silicone alimentare e acciaio inossidabile. Non \u00e8 prevista alcuna altra manutenzione. Assicurarsi di riporre correttamente la pistola ed evitare che cada, poich\u00e9 potrebbe rompersi il grilletto (l'unico pezzo realmente fragile).  <\/p>\n<p style=\"text-align: justify\">La pressione delle dita sull'impugnatura della pistola spinge un gas alimentare nella bottiglia Poich\u00e9 il tappo \u00e8 molto ermetico, l'iniezione ricrea una pressione nella bottiglia che comprime l'anidride carbonica presente, mantenendo il vino sotto atmosfera protettiva. In questo modo si conservano e si proteggono gli aromi del vino per diversi giorni. \u00c8 per questo motivo che la conservazione dello Champagne sfuso \u00e8 ottimale.<\/p>\n<p style=\"text-align: justify\">Il vino risente molto delle temperature troppo elevate. Una volta aperte e protette con Bubbl., le bottiglie di spumante vanno sempre riposte in un refrigeratore o in un secchiello con ghiaccio per mantenere una temperatura di servizio inferiore ai 10 \u00b0C. Il tappo smart Cap bubbl. \u00e8 perfettamente ermetico, ma si consiglia comunque di conservare le bottiglie in posizione verticale per garantire una conservazione ottimale.     Una soluzione per i professionisti: la cantinetta da banco Wibox con mantenimento della temperatura ideale.<\/p>\n<p style=\"text-align: justify\">S\u00ec, Bubbl. \u00e8 il sistema universale per tutti i vini spumanti: Cava, Prosecco, Franciacorta e altri metodi cosiddetti \u201cchampenoise\u201d. Lo Smart Cap \u00e8 universale e si adatta a <g id=\"gid_0\">tutti i formati di bottiglia da 0,75 cl e 1,5 L.<\/g>  <\/p>\n<p style=\"text-align: justify\">Bubbl. \u00e8 stato sviluppato con sommelier e amanti dello champagne per pi\u00f9 di 2 anni. Il livello di CO2 varia da uno Champagne all'altro e non esiste una scienza esatta, ma i nostri test hanno mostrato un vino perfetto dopo una settimana, sia visivamente, gustosamente che olfattivamente.  <\/p>\n<p style=\"text-align: justify\">In effetti, Bubbl. eviter\u00e0 che lo champagne diventi stantio. Ben oltre la settimana annunciata, lo Champagne pu\u00f2 restare piuttosto gradevole... La concentrazione di CO2 e quindi la densit\u00e0 delle bollicine \u00e8 la parte pi\u00f9 difficile da preservare. L'ossidazione apparir\u00e0 solo molto pi\u00f9 tardi, dopo circa 4-5 settimane.   <\/p>\n<p style=\"text-align: justify\">S\u00ec, Bubbl consente di conservare il resto dello Champagne, indipendentemente dal livello nella bottiglia.<\/p>\n<p style=\"text-align: justify\">L'unica differenza \u00e8 che sar\u00e0 necessario caricare leggermente pi\u00f9 gas nella bombola quasi vuota, poich\u00e9 la quantit\u00e0 di ossigeno da comprimere nella bombola vuota \u00e8 maggiore. Ma il sistema \u00e8 perfetto per questo tipo di utilizzo... Non esitate a conservare un ultimo taglio per il giorno dopo! <\/p>","_et_gb_content_width":""},"product_brand":[],"product_cat":[344],"product_tag":[],"class_list":{"0":"post-32543","1":"product","2":"type-product","3":"status-publish","4":"has-post-thumbnail","6":"product_cat-conservazione-dello-champagne","7":"product_shipping_class-cavanova","9":"first","10":"instock","11":"featured","12":"taxable","13":"shipping-taxable","14":"purchasable","15":"product-type-simple"},"yoast_head":"<!-- This site is optimized with the Yoast SEO plugin v27.4 - https:\/\/yoast.com\/product\/yoast-seo-wordpress\/ -->\n<title>Enoturismo champagne: conservazione + temperatura ideale<\/title>\n<meta name=\"description\" content=\"Enoturismo Champagne: sistema portatile di conservazione e mantenimento della temperatura ideale per degustazioni e fiere.\" \/>\n<meta name=\"robots\" content=\"index, follow, max-snippet:-1, max-image-preview:large, max-video-preview:-1\" \/>\n<link rel=\"canonical\" href=\"https:\/\/www.wikeeps.com\/it\/prodotto\/conservazione-dello-champagne\/la-torre-temp-bubbl-conservare-e-mantenere-la-temperatura-dello-spumante\/\" \/>\n<meta property=\"og:locale\" content=\"it_IT\" \/>\n<meta property=\"og:type\" content=\"article\" \/>\n<meta property=\"og:title\" content=\"Enoturismo champagne: conservazione + temperatura ideale\" \/>\n<meta property=\"og:description\" content=\"Enoturismo Champagne: sistema portatile di conservazione e mantenimento della temperatura ideale per degustazioni e fiere.\" \/>\n<meta property=\"og:url\" content=\"https:\/\/www.wikeeps.com\/it\/prodotto\/conservazione-dello-champagne\/la-torre-temp-bubbl-conservare-e-mantenere-la-temperatura-dello-spumante\/\" \/>\n<meta property=\"og:site_name\" content=\"Wikeeps\" \/>\n<meta property=\"article:publisher\" content=\"https:\/\/www.facebook.com\/wikeepsFr\" \/>\n<meta property=\"article:modified_time\" content=\"2026-01-05T20:51:13+00:00\" \/>\n<meta property=\"og:image\" content=\"https:\/\/www.wikeeps.com\/wp-content\/uploads\/2025\/04\/Bubbl.-Temp-Tower.jpg\" \/>\n\t<meta property=\"og:image:width\" content=\"1200\" \/>\n\t<meta property=\"og:image:height\" content=\"675\" \/>\n\t<meta property=\"og:image:type\" content=\"image\/jpeg\" \/>\n<meta name=\"twitter:card\" content=\"summary_large_image\" \/>\n<meta name=\"twitter:site\" content=\"@WIKEEPS\" \/>\n<meta name=\"twitter:label1\" content=\"Tempo di lettura stimato\" \/>\n\t<meta name=\"twitter:data1\" content=\"9 minuti\" \/>\n<script type=\"application\/ld+json\" class=\"yoast-schema-graph\">{\"@context\":\"https:\\\/\\\/schema.org\",\"@graph\":[{\"@type\":\"WebPage\",\"@id\":\"https:\\\/\\\/www.wikeeps.com\\\/it\\\/prodotto\\\/conservazione-dello-champagne\\\/la-torre-temp-bubbl-conservare-e-mantenere-la-temperatura-dello-spumante\\\/\",\"url\":\"https:\\\/\\\/www.wikeeps.com\\\/it\\\/prodotto\\\/conservazione-dello-champagne\\\/la-torre-temp-bubbl-conservare-e-mantenere-la-temperatura-dello-spumante\\\/\",\"name\":\"Enoturismo champagne: conservazione + temperatura ideale\",\"isPartOf\":{\"@id\":\"https:\\\/\\\/www.wikeeps.com\\\/it\\\/#website\"},\"primaryImageOfPage\":{\"@id\":\"https:\\\/\\\/www.wikeeps.com\\\/it\\\/prodotto\\\/conservazione-dello-champagne\\\/la-torre-temp-bubbl-conservare-e-mantenere-la-temperatura-dello-spumante\\\/#primaryimage\"},\"image\":{\"@id\":\"https:\\\/\\\/www.wikeeps.com\\\/it\\\/prodotto\\\/conservazione-dello-champagne\\\/la-torre-temp-bubbl-conservare-e-mantenere-la-temperatura-dello-spumante\\\/#primaryimage\"},\"thumbnailUrl\":\"https:\\\/\\\/www.wikeeps.com\\\/wp-content\\\/uploads\\\/2025\\\/04\\\/Bubbl.-Temp-Tower.jpg\",\"datePublished\":\"2025-05-23T09:07:38+00:00\",\"dateModified\":\"2026-01-05T20:51:13+00:00\",\"description\":\"Enoturismo Champagne: sistema portatile di conservazione e mantenimento della temperatura ideale per degustazioni e fiere.\",\"breadcrumb\":{\"@id\":\"https:\\\/\\\/www.wikeeps.com\\\/it\\\/prodotto\\\/conservazione-dello-champagne\\\/la-torre-temp-bubbl-conservare-e-mantenere-la-temperatura-dello-spumante\\\/#breadcrumb\"},\"inLanguage\":\"it-IT\",\"potentialAction\":[{\"@type\":\"ReadAction\",\"target\":[\"https:\\\/\\\/www.wikeeps.com\\\/it\\\/prodotto\\\/conservazione-dello-champagne\\\/la-torre-temp-bubbl-conservare-e-mantenere-la-temperatura-dello-spumante\\\/\"]}]},{\"@type\":\"ImageObject\",\"inLanguage\":\"it-IT\",\"@id\":\"https:\\\/\\\/www.wikeeps.com\\\/it\\\/prodotto\\\/conservazione-dello-champagne\\\/la-torre-temp-bubbl-conservare-e-mantenere-la-temperatura-dello-spumante\\\/#primaryimage\",\"url\":\"https:\\\/\\\/www.wikeeps.com\\\/wp-content\\\/uploads\\\/2025\\\/04\\\/Bubbl.-Temp-Tower.jpg\",\"contentUrl\":\"https:\\\/\\\/www.wikeeps.com\\\/wp-content\\\/uploads\\\/2025\\\/04\\\/Bubbl.-Temp-Tower.jpg\",\"width\":1200,\"height\":675,\"caption\":\"La Temp tour di Bubbl.\"},{\"@type\":\"BreadcrumbList\",\"@id\":\"https:\\\/\\\/www.wikeeps.com\\\/it\\\/prodotto\\\/conservazione-dello-champagne\\\/la-torre-temp-bubbl-conservare-e-mantenere-la-temperatura-dello-spumante\\\/#breadcrumb\",\"itemListElement\":[{\"@type\":\"ListItem\",\"position\":1,\"name\":\"Accueil\",\"item\":\"https:\\\/\\\/www.wikeeps.com\\\/it\\\/vino-al-calice\\\/\"},{\"@type\":\"ListItem\",\"position\":2,\"name\":\"Eshop\",\"item\":\"https:\\\/\\\/www.wikeeps.com\\\/it\\\/shop\\\/\"},{\"@type\":\"ListItem\",\"position\":3,\"name\":\"Enoturismo dello champagne: conservazione + temperatura ideale\"}]},{\"@type\":\"WebSite\",\"@id\":\"https:\\\/\\\/www.wikeeps.com\\\/it\\\/#website\",\"url\":\"https:\\\/\\\/www.wikeeps.com\\\/it\\\/\",\"name\":\"Wikeeps\",\"description\":\"Service, a\u00e9ration et conservation | vin au verre\",\"publisher\":{\"@id\":\"https:\\\/\\\/www.wikeeps.com\\\/it\\\/#organization\"},\"potentialAction\":[{\"@type\":\"SearchAction\",\"target\":{\"@type\":\"EntryPoint\",\"urlTemplate\":\"https:\\\/\\\/www.wikeeps.com\\\/it\\\/?s={search_term_string}\"},\"query-input\":{\"@type\":\"PropertyValueSpecification\",\"valueRequired\":true,\"valueName\":\"search_term_string\"}}],\"inLanguage\":\"it-IT\"},{\"@type\":\"Organization\",\"@id\":\"https:\\\/\\\/www.wikeeps.com\\\/it\\\/#organization\",\"name\":\"Wikeeps\",\"url\":\"https:\\\/\\\/www.wikeeps.com\\\/it\\\/\",\"logo\":{\"@type\":\"ImageObject\",\"inLanguage\":\"it-IT\",\"@id\":\"https:\\\/\\\/www.wikeeps.com\\\/it\\\/#\\\/schema\\\/logo\\\/image\\\/\",\"url\":\"https:\\\/\\\/www.wikeeps.com\\\/wp-content\\\/uploads\\\/2025\\\/01\\\/Logo-Wikeeps.png\",\"contentUrl\":\"https:\\\/\\\/www.wikeeps.com\\\/wp-content\\\/uploads\\\/2025\\\/01\\\/Logo-Wikeeps.png\",\"width\":1000,\"height\":184,\"caption\":\"Wikeeps\"},\"image\":{\"@id\":\"https:\\\/\\\/www.wikeeps.com\\\/it\\\/#\\\/schema\\\/logo\\\/image\\\/\"},\"sameAs\":[\"https:\\\/\\\/www.facebook.com\\\/wikeepsFr\",\"https:\\\/\\\/x.com\\\/WIKEEPS\",\"https:\\\/\\\/www.instagram.com\\\/wikeeps\\\/\"]}]}<\/script>\n<!-- \/ Yoast SEO plugin. -->","yoast_head_json":{"title":"Enoturismo champagne: conservazione + temperatura ideale","description":"Enoturismo Champagne: sistema portatile di conservazione e mantenimento della temperatura ideale per degustazioni e fiere.","robots":{"index":"index","follow":"follow","max-snippet":"max-snippet:-1","max-image-preview":"max-image-preview:large","max-video-preview":"max-video-preview:-1"},"canonical":"https:\/\/www.wikeeps.com\/it\/prodotto\/conservazione-dello-champagne\/la-torre-temp-bubbl-conservare-e-mantenere-la-temperatura-dello-spumante\/","og_locale":"it_IT","og_type":"article","og_title":"Enoturismo champagne: conservazione + temperatura ideale","og_description":"Enoturismo Champagne: sistema portatile di conservazione e mantenimento della temperatura ideale per degustazioni e fiere.","og_url":"https:\/\/www.wikeeps.com\/it\/prodotto\/conservazione-dello-champagne\/la-torre-temp-bubbl-conservare-e-mantenere-la-temperatura-dello-spumante\/","og_site_name":"Wikeeps","article_publisher":"https:\/\/www.facebook.com\/wikeepsFr","article_modified_time":"2026-01-05T20:51:13+00:00","og_image":[{"width":1200,"height":675,"url":"https:\/\/www.wikeeps.com\/wp-content\/uploads\/2025\/04\/Bubbl.-Temp-Tower.jpg","type":"image\/jpeg"}],"twitter_card":"summary_large_image","twitter_site":"@WIKEEPS","twitter_misc":{"Tempo di lettura stimato":"9 minuti"},"schema":{"@context":"https:\/\/schema.org","@graph":[{"@type":"WebPage","@id":"https:\/\/www.wikeeps.com\/it\/prodotto\/conservazione-dello-champagne\/la-torre-temp-bubbl-conservare-e-mantenere-la-temperatura-dello-spumante\/","url":"https:\/\/www.wikeeps.com\/it\/prodotto\/conservazione-dello-champagne\/la-torre-temp-bubbl-conservare-e-mantenere-la-temperatura-dello-spumante\/","name":"Enoturismo champagne: conservazione + temperatura ideale","isPartOf":{"@id":"https:\/\/www.wikeeps.com\/it\/#website"},"primaryImageOfPage":{"@id":"https:\/\/www.wikeeps.com\/it\/prodotto\/conservazione-dello-champagne\/la-torre-temp-bubbl-conservare-e-mantenere-la-temperatura-dello-spumante\/#primaryimage"},"image":{"@id":"https:\/\/www.wikeeps.com\/it\/prodotto\/conservazione-dello-champagne\/la-torre-temp-bubbl-conservare-e-mantenere-la-temperatura-dello-spumante\/#primaryimage"},"thumbnailUrl":"https:\/\/www.wikeeps.com\/wp-content\/uploads\/2025\/04\/Bubbl.-Temp-Tower.jpg","datePublished":"2025-05-23T09:07:38+00:00","dateModified":"2026-01-05T20:51:13+00:00","description":"Enoturismo Champagne: sistema portatile di conservazione e mantenimento della temperatura ideale per degustazioni e fiere.","breadcrumb":{"@id":"https:\/\/www.wikeeps.com\/it\/prodotto\/conservazione-dello-champagne\/la-torre-temp-bubbl-conservare-e-mantenere-la-temperatura-dello-spumante\/#breadcrumb"},"inLanguage":"it-IT","potentialAction":[{"@type":"ReadAction","target":["https:\/\/www.wikeeps.com\/it\/prodotto\/conservazione-dello-champagne\/la-torre-temp-bubbl-conservare-e-mantenere-la-temperatura-dello-spumante\/"]}]},{"@type":"ImageObject","inLanguage":"it-IT","@id":"https:\/\/www.wikeeps.com\/it\/prodotto\/conservazione-dello-champagne\/la-torre-temp-bubbl-conservare-e-mantenere-la-temperatura-dello-spumante\/#primaryimage","url":"https:\/\/www.wikeeps.com\/wp-content\/uploads\/2025\/04\/Bubbl.-Temp-Tower.jpg","contentUrl":"https:\/\/www.wikeeps.com\/wp-content\/uploads\/2025\/04\/Bubbl.-Temp-Tower.jpg","width":1200,"height":675,"caption":"La Temp tour di Bubbl."},{"@type":"BreadcrumbList","@id":"https:\/\/www.wikeeps.com\/it\/prodotto\/conservazione-dello-champagne\/la-torre-temp-bubbl-conservare-e-mantenere-la-temperatura-dello-spumante\/#breadcrumb","itemListElement":[{"@type":"ListItem","position":1,"name":"Accueil","item":"https:\/\/www.wikeeps.com\/it\/vino-al-calice\/"},{"@type":"ListItem","position":2,"name":"Eshop","item":"https:\/\/www.wikeeps.com\/it\/shop\/"},{"@type":"ListItem","position":3,"name":"Enoturismo dello champagne: conservazione + temperatura ideale"}]},{"@type":"WebSite","@id":"https:\/\/www.wikeeps.com\/it\/#website","url":"https:\/\/www.wikeeps.com\/it\/","name":"Wikeeps","description":"Service, a\u00e9ration et conservation | vin au verre","publisher":{"@id":"https:\/\/www.wikeeps.com\/it\/#organization"},"potentialAction":[{"@type":"SearchAction","target":{"@type":"EntryPoint","urlTemplate":"https:\/\/www.wikeeps.com\/it\/?s={search_term_string}"},"query-input":{"@type":"PropertyValueSpecification","valueRequired":true,"valueName":"search_term_string"}}],"inLanguage":"it-IT"},{"@type":"Organization","@id":"https:\/\/www.wikeeps.com\/it\/#organization","name":"Wikeeps","url":"https:\/\/www.wikeeps.com\/it\/","logo":{"@type":"ImageObject","inLanguage":"it-IT","@id":"https:\/\/www.wikeeps.com\/it\/#\/schema\/logo\/image\/","url":"https:\/\/www.wikeeps.com\/wp-content\/uploads\/2025\/01\/Logo-Wikeeps.png","contentUrl":"https:\/\/www.wikeeps.com\/wp-content\/uploads\/2025\/01\/Logo-Wikeeps.png","width":1000,"height":184,"caption":"Wikeeps"},"image":{"@id":"https:\/\/www.wikeeps.com\/it\/#\/schema\/logo\/image\/"},"sameAs":["https:\/\/www.facebook.com\/wikeepsFr","https:\/\/x.com\/WIKEEPS","https:\/\/www.instagram.com\/wikeeps\/"]}]}},"_links":{"self":[{"href":"https:\/\/www.wikeeps.com\/it\/wp-json\/wp\/v2\/product\/32543","targetHints":{"allow":["GET"]}}],"collection":[{"href":"https:\/\/www.wikeeps.com\/it\/wp-json\/wp\/v2\/product"}],"about":[{"href":"https:\/\/www.wikeeps.com\/it\/wp-json\/wp\/v2\/types\/product"}],"wp:featuredmedia":[{"embeddable":true,"href":"https:\/\/www.wikeeps.com\/it\/wp-json\/wp\/v2\/media\/32068"}],"wp:attachment":[{"href":"https:\/\/www.wikeeps.com\/it\/wp-json\/wp\/v2\/media?parent=32543"}],"wp:term":[{"taxonomy":"product_brand","embeddable":true,"href":"https:\/\/www.wikeeps.com\/it\/wp-json\/wp\/v2\/product_brand?post=32543"},{"taxonomy":"product_cat","embeddable":true,"href":"https:\/\/www.wikeeps.com\/it\/wp-json\/wp\/v2\/product_cat?post=32543"},{"taxonomy":"product_tag","embeddable":true,"href":"https:\/\/www.wikeeps.com\/it\/wp-json\/wp\/v2\/product_tag?post=32543"}],"curies":[{"name":"wp","href":"https:\/\/api.w.org\/{rel}","templated":true}]}}