{"id":1698,"date":"2018-06-01T13:53:35","date_gmt":"2018-06-01T11:53:35","guid":{"rendered":"https:\/\/www.wikeeps.com\/produit\/xtra-balance\/"},"modified":"2024-05-30T09:42:39","modified_gmt":"2024-05-30T07:42:39","slug":"cartucce-gas-argon-vino","status":"publish","type":"product","link":"https:\/\/www.wikeeps.com\/it\/prodotto\/capsule-argon\/cartucce-gas-argon-vino\/","title":{"rendered":"Cartucce gas per vino (80% Argon + 20% Co2)"},"content":{"rendered":"<p>[columnsection wrapper=&#8221;wrapper-small&#8221; layout=&#8221;one-half;one-half&#8221; swap=&#8221;0&#8243; spacing=&#8221;spaced-normal&#8221; animation=&#8221;no-anim&#8221; colalign=&#8221;bottom&#8221; class=&#8221;&#8221; id=&#8221;&#8221;][col size=&#8221;one-half&#8221; last=&#8221;&#8221;]<\/p>\n<h2><strong>L\u2019innovazione Wikeeps\u00ae<\/strong><\/h2>\n<p><span style=\"font-weight: 400;\">Wikeeps\u00ae \u00e8 un\u2019innovazione tecnologica al servizio<\/span> <b>degli amanti del vino e dei professionisti<\/b><span style=\"font-weight: 400;\">.<\/span><\/p>\n<p><span style=\"font-weight: 400;\">Le cartucce Wikeeps\u00ae sono<\/span> <b>prodotte nell&#8217;Unione Europea<\/b><span style=\"font-weight: 400;\"> e contengono gas enologico. Questo gas, di qualit\u00e0 alimentare, proviene dall\u2019aria ed \u00e8 fornito dal nostro partner del gas: Linde Gas.<\/span><\/p>\n<p><span style=\"font-weight: 400;\">Utilizzati nei tini dei pi\u00f9 grandi chateaux, i gas contenuti nelle cartucce Wikeeps\u00ae garantiranno<\/span> <b>la qualit\u00e0 di conservazione<\/b> <span style=\"font-weight: 400;\">che le bottiglie pi\u00f9 belle richiedono.<\/span><\/p>\n<p><span style=\"font-weight: 400;\">Le cartucce a gas Argon Balance completano le scatole<\/span> <a href=\"https:\/\/www.wikeeps.com\/it\/prodotto\/servizio-e-conservazione\/\"><span style=\"font-weight: 400;\">Essential<\/span><\/a><span style=\"font-weight: 400;\">,<\/span> <a href=\"https:\/\/www.wikeeps.com\/it\/prodotto\/kit-prestige\/\"><span style=\"font-weight: 400;\">Prestige<\/span><\/a> <span style=\"font-weight: 400;\">e<\/span> <a href=\"\/?product_cat=coffret-grandioso\"><span style=\"font-weight: 400;\">Grandioso<\/span><\/a> <span style=\"font-weight: 400;\">per servire vini pregiati.<\/span><\/p>\n<p>[\/col][col size=&#8221;one-half&#8221; last=&#8221;last-col&#8221;][sr-singleimage image=&#8221;https:\/\/www.wikeeps.com\/wp-content\/uploads\/2019\/09\/assembly.jpeg&#8221; lazy=&#8221;1&#8243;]<\/p>\n<p>1 &#8211; Cartuccia Argon + CO2<br \/>\n2 &#8211; Impugnatura pistola a vite<br \/>\n3 &#8211; Testa della pistola<br \/>\n4 &#8211; Bocca di servizio<\/p>\n<p>[\/col][\/columnsection][sr-spacer size=&#8221;medium&#8221; hide=&#8221;0&#8243;][fullwidthsection background=&#8221;color&#8221; colorbg=&#8221;#f5f1ee&#8221; imagebg=&#8221;&#8221; imagetype=&#8221;parallax&#8221; selfhostedmp4=&#8221;&#8221; selfhostedwebm=&#8221;&#8221; selfhostedogv=&#8221;&#8221; youtubeid=&#8221;&#8221; vimeoid=&#8221;&#8221; videoratio=&#8221;16\/9&#8243; videoloop=&#8221;1&#8243; videomute=&#8221;0&#8243; videoplaypause=&#8221;0&#8243; videoposter=&#8221;&#8221; videooverlaycolor=&#8221;&#8221; videooverlayopacity=&#8221;0.1&#8243; textcolor=&#8221;text-dark&#8221; paddingtop=&#8221;80px&#8221; paddingtoptablet=&#8221;80px&#8221; paddingtopphone=&#8221;80px&#8221; paddingbottom=&#8221;80px&#8221; paddingbottomtablet=&#8221;80px&#8221; paddingbottomphone=&#8221;80px&#8221; class=&#8221;&#8221; id=&#8221;&#8221;][columnsection wrapper=&#8221;wrapper-medium&#8221; layout=&#8221;one-fourth;one-fourth;one-fourth;one-fourth&#8221; swap=&#8221;0&#8243; spacing=&#8221;spaced-big&#8221; animation=&#8221;no-anim&#8221; colalign=&#8221;top&#8221; class=&#8221;&#8221; id=&#8221;&#8221;][col size=&#8221;one-fourth&#8221; last=&#8221;&#8221;]<\/p>\n<p style=\"text-align: center;\"><strong>WIKEEPS\u00ae<\/strong><\/p>\n<p style=\"text-align: center;\">utilizza un gas neutro, una miscela di Argon e CO2 prodotta da<strong>Linde<\/strong> (leader mondiale dei gas enologici). La sua iniezione nella bottiglia <strong>preserva il vino<\/strong> e mantiene tutte le sue <strong>qualit\u00e0 organolettiche<\/strong> nel bicchiere.<\/p>\n<p>[\/col][col size=&#8221;one-fourth&#8221; last=&#8221;&#8221;]<\/p>\n<p style=\"text-align: center;\"><strong>MESCITA DEL VINO<\/strong><\/p>\n<p style=\"text-align: center;\">Questo gas alimentare inattiva la bottiglia durante ogni servizio e crea un&#8217;<strong>atmosfera protettiva<\/strong> che \u00e8 completamente neutra nel gusto e nell&#8217;odore.<\/p>\n<p>[\/col][col size=&#8221;one-fourth&#8221; last=&#8221;&#8221;]<\/p>\n<p style=\"text-align: center;\"><strong>PRESERVAZIONE DEL VINO<\/strong><\/p>\n<p style=\"text-align: center;\">Al riparo dall&#8217;ossidazione e dal contatto con l&#8217;aria, <strong>il vino conserva tutte le sue qualit\u00e0 e aromi fino a 30 giorni<\/strong> dopo l&#8217;apertura della bottiglia.<\/p>\n<p>[\/col][col size=&#8221;one-fourth&#8221; last=&#8221;last-col&#8221;]<\/p>\n<p style=\"text-align: center;\"><strong>CONOSCENZE<\/strong><\/p>\n<p><span style=\"font-weight: 400;\">Tutti i prodotti Wikeeps sono<\/span> <b>riconosciuti e utilizzati dai professionisti del vino<\/b> <span style=\"font-weight: 400;\">di tutto il mondo.<\/span><\/p>\n<p>[\/col][\/columnsection][\/fullwidthsection][sr-spacer size=&#8221;medium&#8221; hide=&#8221;0&#8243;][columnsection wrapper=&#8221;wrapper-medium&#8221; layout=&#8221;one-half;one-half&#8221; swap=&#8221;0&#8243; spacing=&#8221;spaced-normal&#8221; animation=&#8221;no-anim&#8221; colalign=&#8221;top&#8221; class=&#8221;&#8221; id=&#8221;&#8221;][col size=&#8221;one-half&#8221; last=&#8221;&#8221;][sr-singleimage image=&#8221;http:\/\/www.wikeeps.com\/wp-content\/uploads\/2018\/06\/cartouche-wikeeps.png&#8221; lazy=&#8221;1&#8243;][\/col][col size=&#8221;one-half&#8221; last=&#8221;last-col&#8221;]<\/p>\n<p><img decoding=\"async\" class=\"aligncenter size-full wp-image-16082\" src=\"http:\/\/www.wikeeps.com\/wp-content\/uploads\/2018\/06\/Linde-logo.png\" alt=\"\" width=\"342\" height=\"148\" srcset=\"https:\/\/www.wikeeps.com\/wp-content\/uploads\/2018\/06\/Linde-logo.png 342w, https:\/\/www.wikeeps.com\/wp-content\/uploads\/2018\/06\/Linde-logo-300x130.png 300w, https:\/\/www.wikeeps.com\/wp-content\/uploads\/2018\/06\/Linde-logo-160x69.png 160w, https:\/\/www.wikeeps.com\/wp-content\/uploads\/2018\/06\/Linde-logo-220x95.png 220w\" sizes=\"(max-width: 342px) 100vw, 342px\" \/><\/p>\n<p><span style=\"font-weight: 400;\">Le cartucce Wikeeps\u00ae sono prodotte nell<\/span><b>&#8216;Unione Europea<\/b> <span style=\"font-weight: 400;\">e contengono gas enologico. Questo gas alimentare proviene dall&#8217;aria ed \u00e8 fornito dal nostro partner del gas: Linde Gas.<\/span><\/p>\n<p><span style=\"font-weight: 400;\">L&#8217;esperienza di<\/span> <a href=\"http:\/\/www.linde.com\/\"><span style=\"font-weight: 400;\">Linde<\/span><\/a> <span style=\"font-weight: 400;\">nei gas \u00e8<\/span> <b>riconosciuta in tutto il mondo<\/b> come garanzia di qualit\u00e0 e prestazioni.<\/p>\n<p><span style=\"font-weight: 400;\">Utilizzati nei tini<\/span> <b>dei pi\u00f9 grandi chateaux<\/b><span style=\"font-weight: 400;\">, i gas contenuti nelle cartucce Wikeeps\u00ae garantiranno la qualit\u00e0 di conservazione che le bottiglie pi\u00f9 belle richiedono.<\/span><\/p>\n<p>[sr-singleimage image=&#8221;http:\/\/www.wikeeps.com\/wp-content\/uploads\/2018\/06\/cartouche-vs-vin.png&#8221; lazy=&#8221;1&#8243;]<\/p>\n<p><span style=\"font-weight: 400;\">Ogni cartuccia Wikeeps\u00ae pu\u00f2 servire e conservare<\/span> <b>un minimo di 18 bicchieri, ovvero 3 bottiglie da 75cl.<\/b><\/p>\n<p><span style=\"font-weight: 400;\">Le loro prestazioni, testate in un laboratorio francese indipendente, consentono<\/span> <b>di conservare i vini per pi\u00f9 di 30 giorni.<\/b><\/p>\n<p>[\/col][\/columnsection][sr-spacer size=&#8221;medium&#8221; hide=&#8221;0&#8243;][columnsection wrapper=&#8221;wrapper-medium&#8221; layout=&#8221;one-full&#8221; swap=&#8221;0&#8243; spacing=&#8221;spaced-normal&#8221; animation=&#8221;no-anim&#8221; colalign=&#8221;top&#8221; class=&#8221;&#8221; id=&#8221;&#8221;][col size=&#8221;one-full&#8221; last=&#8221;last-col&#8221;]<\/p>\n<h4><strong>Le tue domande sulle cartucce<br \/>\n<\/strong><\/h4>\n<p>[accordiongroup]<\/p>\n<p>[accordion title=&#8221;Le cartucce Wikeeps sono compatibili con Coravin?&#8221; open=&#8221;no&#8221;]Il formato della cartuccia e il filo sono identici. Tuttavia, Coravin utilizza un cappuccio terminale in plastica come sistema di tenuta che \u00e8 necessario recuperare dalla cartuccia originale. Una volta che questo adattatore nero \u00e8 stato recuperato e avvitato sulla cartuccia di Wikeeps, il funzionamento \u00e8 identico.[\/accordion]<\/p>\n<p>[accordion title=&#8221;Quante bombole posso riempire con una cartuccia di gas?&#8221; open=&#8221;no&#8221;]La quantit\u00e0 di bombole varia da 3 a 5 a seconda della pressione esercitata sul grilletto e della velocit\u00e0 di servizio. La capacit\u00e0 media \u00e8 di 3 bottiglie. Questo ti permette di servire almeno 18 bicchieri di dimensioni standard![\/accordion]<\/p>\n<p>[accordion title=&#8221;Come facciamo a sapere quando una cartuccia di gas \u00e8 vuota?&#8221; open=&#8221;no&#8221;]Se la pressione sul manico della pistola non spinge pi\u00f9 il vino nel bicchiere, la cartuccia \u00e8 vuota. Senza alterare il vostro vino, una cartuccia pu\u00f2 essere tranquillamente sostituita quando una bottiglia non \u00e8 completamente finita. Se la pistola \u00e8 staccata dalla cupola centrale, basta schiacciare la maniglia e sentire un sibilo per vedere se \u00e8 rimasto del gas.<\/p>\n<p>Prima di smaltire una cartuccia, si raccomanda di svuotarla completamente premendo sulla maniglia prima di toglierla dal serbatoio, questo \u00e8 sicuro. I gas provengono dall&#8217;atmosfera, quindi non ci sono rischi ecologici o sanitari.[\/accordion]<\/p>\n<p>[accordion title=&#8221;Cosa devo fare per cambiare cartuccia tra due bottiglie, o per cambiare bottiglia mantenendo la stessa cartuccia?&#8221; open=&#8221;no&#8221;]Prima di cambiare le cartucce, controllate che la cartuccia attuale sia vuota, assicurandovi che il vino non salga pi\u00f9 nel bicchiere. Se questo non \u00e8 il caso, svuotatelo usando la pistola, come descritto sopra. Non \u00e8 un problema passare da una bottiglia all&#8217;altra con la stessa cartuccia. \u00c8 meglio usare la cartuccia di gas designata per ogni vino, come spiegato nelle raccomandazioni del prodotto.<\/p>\n<p>Dal 2020, la gamma X-Tra Balance pu\u00f2 essere utilizzata su tutti i tipi di vino e offre un&#8217;eccellente qualit\u00e0 di conservazione. Si raccomanda di seguire le raccomandazioni sulle scatole delle cartucce.[\/accordion]<\/p>\n<p>[accordion title=&#8221;Cosa succede alle cartucce vuote dopo l&#8217;uso?&#8221; open=&#8221;no&#8221;]Le cartucce in acciaio possono essere riciclate nel sistema di selezione selettiva con i metalli domestici come le lattine.[\/accordion]<\/p>\n<p>[accordion title=&#8221;Quanto dura una cartuccia?&#8221; open=&#8221;no&#8221;]In caso di urto della cartuccia, si consiglia di utilizzarla entro sei mesi. Se la cartuccia non \u00e8 forata, si dovrebbe fare riferimento alla data di scadenza sulla scatola.[\/accordion]<\/p>\n<p>[\/accordiongroup]<\/p>\n<p>[\/col][\/columnsection]<\/p>\n","protected":false},"excerpt":{"rendered":"<p>Adatto a tutti i tipi di vino.<\/p>\n<p>Compatibile con i sistemi tipo Coravin\u00ae <a href=\"https:\/\/www.wikeeps.com\/compatibilite-cartouches-wikeeps-coravin\/\">&#8211; Scopri di pi\u00f9 &#8211;<\/a><\/p>\n<p><span style=\"font-weight: 400;\">Le capsule sono riempite con una miscela<\/span> <b>ideale per la conservazione del vino:<\/b> <span style=\"font-weight: 400;\">80% Argon e 20% Co2.<\/span><\/p>\n<p><span style=\"font-weight: 400;\">Ogni cartuccia Wikeeps\u00ae pu\u00f2<\/span> <b>servire e conservare<\/b> <span style=\"font-weight: 400;\">un minimo di<\/span> <b>18 bicchieri<\/b> <span style=\"font-weight: 400;\">(3 bottiglie da 75cl).<\/span><\/p>\n<p><span style=\"font-weight: 400;\">Le loro prestazioni, testate in un laboratorio francese indipendente, consentono di<\/span> <b>conservare i vini per pi\u00f9 di 30 giorni.<\/b><\/p>\n","protected":false},"featured_media":25202,"template":"","meta":{"_et_pb_use_builder":"","_et_pb_old_content":"","_et_gb_content_width":""},"product_brand":[],"product_cat":[294],"product_tag":[],"class_list":{"0":"post-1698","1":"product","2":"type-product","3":"status-publish","4":"has-post-thumbnail","6":"product_cat-capsule-argon","7":"product_shipping_class-supplyweb","9":"first","10":"onbackorder","11":"sale","12":"taxable","13":"shipping-taxable","14":"purchasable","15":"product-type-variable","16":"has-default-attributes"},"yoast_head":"<!-- This site is optimized with the Yoast SEO plugin v27.4 - https:\/\/yoast.com\/product\/yoast-seo-wordpress\/ -->\n<title>Wikeeps cartucce di gas Argon<\/title>\n<meta name=\"description\" content=\"Cartucce di gas Argon + CO2, con una capacit\u00e0 di 21ml per servire e conservare le tue bottiglie. Compatibile con Coravin\" \/>\n<meta name=\"robots\" content=\"index, follow, max-snippet:-1, max-image-preview:large, max-video-preview:-1\" \/>\n<link rel=\"canonical\" href=\"https:\/\/www.wikeeps.com\/it\/prodotto\/capsule-argon\/cartucce-gas-argon-vino\/\" \/>\n<meta property=\"og:locale\" content=\"it_IT\" \/>\n<meta property=\"og:type\" content=\"article\" \/>\n<meta property=\"og:title\" content=\"Wikeeps cartucce di gas Argon\" \/>\n<meta property=\"og:description\" content=\"Cartucce di gas Argon + CO2, con una capacit\u00e0 di 21ml per servire e conservare le tue bottiglie. Compatibile con Coravin\" \/>\n<meta property=\"og:url\" content=\"https:\/\/www.wikeeps.com\/it\/prodotto\/capsule-argon\/cartucce-gas-argon-vino\/\" \/>\n<meta property=\"og:site_name\" content=\"Wikeeps\" \/>\n<meta property=\"article:publisher\" content=\"https:\/\/www.facebook.com\/wikeepsFr\" \/>\n<meta property=\"article:modified_time\" content=\"2024-05-30T07:42:39+00:00\" \/>\n<meta property=\"og:image\" content=\"https:\/\/www.wikeeps.com\/wp-content\/uploads\/2018\/06\/cartouches-b5.jpg\" \/>\n\t<meta property=\"og:image:width\" content=\"998\" \/>\n\t<meta property=\"og:image:height\" content=\"1200\" \/>\n\t<meta property=\"og:image:type\" content=\"image\/jpeg\" \/>\n<meta name=\"twitter:card\" content=\"summary_large_image\" \/>\n<meta name=\"twitter:site\" content=\"@WIKEEPS\" \/>\n<meta name=\"twitter:label1\" content=\"Tempo di lettura stimato\" \/>\n\t<meta name=\"twitter:data1\" content=\"5 minuti\" \/>\n<script type=\"application\/ld+json\" class=\"yoast-schema-graph\">{\"@context\":\"https:\\\/\\\/schema.org\",\"@graph\":[{\"@type\":\"WebPage\",\"@id\":\"https:\\\/\\\/www.wikeeps.com\\\/it\\\/prodotto\\\/capsule-argon\\\/cartucce-gas-argon-vino\\\/\",\"url\":\"https:\\\/\\\/www.wikeeps.com\\\/it\\\/prodotto\\\/capsule-argon\\\/cartucce-gas-argon-vino\\\/\",\"name\":\"Wikeeps cartucce di gas Argon\",\"isPartOf\":{\"@id\":\"https:\\\/\\\/www.wikeeps.com\\\/it\\\/#website\"},\"primaryImageOfPage\":{\"@id\":\"https:\\\/\\\/www.wikeeps.com\\\/it\\\/prodotto\\\/capsule-argon\\\/cartucce-gas-argon-vino\\\/#primaryimage\"},\"image\":{\"@id\":\"https:\\\/\\\/www.wikeeps.com\\\/it\\\/prodotto\\\/capsule-argon\\\/cartucce-gas-argon-vino\\\/#primaryimage\"},\"thumbnailUrl\":\"https:\\\/\\\/www.wikeeps.com\\\/wp-content\\\/uploads\\\/2018\\\/06\\\/B5_1200.png\",\"datePublished\":\"2018-06-01T11:53:35+00:00\",\"dateModified\":\"2024-05-30T07:42:39+00:00\",\"description\":\"Cartucce di gas Argon + CO2, con una capacit\u00e0 di 21ml per servire e conservare le tue bottiglie. Compatibile con Coravin\",\"breadcrumb\":{\"@id\":\"https:\\\/\\\/www.wikeeps.com\\\/it\\\/prodotto\\\/capsule-argon\\\/cartucce-gas-argon-vino\\\/#breadcrumb\"},\"inLanguage\":\"it-IT\",\"potentialAction\":[{\"@type\":\"ReadAction\",\"target\":[\"https:\\\/\\\/www.wikeeps.com\\\/it\\\/prodotto\\\/capsule-argon\\\/cartucce-gas-argon-vino\\\/\"]}]},{\"@type\":\"ImageObject\",\"inLanguage\":\"it-IT\",\"@id\":\"https:\\\/\\\/www.wikeeps.com\\\/it\\\/prodotto\\\/capsule-argon\\\/cartucce-gas-argon-vino\\\/#primaryimage\",\"url\":\"https:\\\/\\\/www.wikeeps.com\\\/wp-content\\\/uploads\\\/2018\\\/06\\\/B5_1200.png\",\"contentUrl\":\"https:\\\/\\\/www.wikeeps.com\\\/wp-content\\\/uploads\\\/2018\\\/06\\\/B5_1200.png\",\"width\":997,\"height\":1200,\"caption\":\"Cartouche Argon gaz\"},{\"@type\":\"BreadcrumbList\",\"@id\":\"https:\\\/\\\/www.wikeeps.com\\\/it\\\/prodotto\\\/capsule-argon\\\/cartucce-gas-argon-vino\\\/#breadcrumb\",\"itemListElement\":[{\"@type\":\"ListItem\",\"position\":1,\"name\":\"Accueil\",\"item\":\"https:\\\/\\\/www.wikeeps.com\\\/it\\\/vino-al-calice\\\/\"},{\"@type\":\"ListItem\",\"position\":2,\"name\":\"Eshop\",\"item\":\"https:\\\/\\\/www.wikeeps.com\\\/it\\\/shop\\\/\"},{\"@type\":\"ListItem\",\"position\":3,\"name\":\"Cartucce gas per vino (80% Argon + 20% Co2)\"}]},{\"@type\":\"WebSite\",\"@id\":\"https:\\\/\\\/www.wikeeps.com\\\/it\\\/#website\",\"url\":\"https:\\\/\\\/www.wikeeps.com\\\/it\\\/\",\"name\":\"Wikeeps\",\"description\":\"Service, a\u00e9ration et conservation | vin au verre\",\"publisher\":{\"@id\":\"https:\\\/\\\/www.wikeeps.com\\\/it\\\/#organization\"},\"potentialAction\":[{\"@type\":\"SearchAction\",\"target\":{\"@type\":\"EntryPoint\",\"urlTemplate\":\"https:\\\/\\\/www.wikeeps.com\\\/it\\\/?s={search_term_string}\"},\"query-input\":{\"@type\":\"PropertyValueSpecification\",\"valueRequired\":true,\"valueName\":\"search_term_string\"}}],\"inLanguage\":\"it-IT\"},{\"@type\":\"Organization\",\"@id\":\"https:\\\/\\\/www.wikeeps.com\\\/it\\\/#organization\",\"name\":\"Wikeeps\",\"url\":\"https:\\\/\\\/www.wikeeps.com\\\/it\\\/\",\"logo\":{\"@type\":\"ImageObject\",\"inLanguage\":\"it-IT\",\"@id\":\"https:\\\/\\\/www.wikeeps.com\\\/it\\\/#\\\/schema\\\/logo\\\/image\\\/\",\"url\":\"https:\\\/\\\/www.wikeeps.com\\\/wp-content\\\/uploads\\\/2025\\\/01\\\/Logo-Wikeeps.png\",\"contentUrl\":\"https:\\\/\\\/www.wikeeps.com\\\/wp-content\\\/uploads\\\/2025\\\/01\\\/Logo-Wikeeps.png\",\"width\":1000,\"height\":184,\"caption\":\"Wikeeps\"},\"image\":{\"@id\":\"https:\\\/\\\/www.wikeeps.com\\\/it\\\/#\\\/schema\\\/logo\\\/image\\\/\"},\"sameAs\":[\"https:\\\/\\\/www.facebook.com\\\/wikeepsFr\",\"https:\\\/\\\/x.com\\\/WIKEEPS\",\"https:\\\/\\\/www.instagram.com\\\/wikeeps\\\/\"]}]}<\/script>\n<!-- \/ Yoast SEO plugin. -->","yoast_head_json":{"title":"Wikeeps cartucce di gas Argon","description":"Cartucce di gas Argon + CO2, con una capacit\u00e0 di 21ml per servire e conservare le tue bottiglie. Compatibile con Coravin","robots":{"index":"index","follow":"follow","max-snippet":"max-snippet:-1","max-image-preview":"max-image-preview:large","max-video-preview":"max-video-preview:-1"},"canonical":"https:\/\/www.wikeeps.com\/it\/prodotto\/capsule-argon\/cartucce-gas-argon-vino\/","og_locale":"it_IT","og_type":"article","og_title":"Wikeeps cartucce di gas Argon","og_description":"Cartucce di gas Argon + CO2, con una capacit\u00e0 di 21ml per servire e conservare le tue bottiglie. Compatibile con Coravin","og_url":"https:\/\/www.wikeeps.com\/it\/prodotto\/capsule-argon\/cartucce-gas-argon-vino\/","og_site_name":"Wikeeps","article_publisher":"https:\/\/www.facebook.com\/wikeepsFr","article_modified_time":"2024-05-30T07:42:39+00:00","og_image":[{"width":998,"height":1200,"url":"https:\/\/www.wikeeps.com\/wp-content\/uploads\/2018\/06\/cartouches-b5.jpg","type":"image\/jpeg"}],"twitter_card":"summary_large_image","twitter_site":"@WIKEEPS","twitter_misc":{"Tempo di lettura stimato":"5 minuti"},"schema":{"@context":"https:\/\/schema.org","@graph":[{"@type":"WebPage","@id":"https:\/\/www.wikeeps.com\/it\/prodotto\/capsule-argon\/cartucce-gas-argon-vino\/","url":"https:\/\/www.wikeeps.com\/it\/prodotto\/capsule-argon\/cartucce-gas-argon-vino\/","name":"Wikeeps cartucce di gas Argon","isPartOf":{"@id":"https:\/\/www.wikeeps.com\/it\/#website"},"primaryImageOfPage":{"@id":"https:\/\/www.wikeeps.com\/it\/prodotto\/capsule-argon\/cartucce-gas-argon-vino\/#primaryimage"},"image":{"@id":"https:\/\/www.wikeeps.com\/it\/prodotto\/capsule-argon\/cartucce-gas-argon-vino\/#primaryimage"},"thumbnailUrl":"https:\/\/www.wikeeps.com\/wp-content\/uploads\/2018\/06\/B5_1200.png","datePublished":"2018-06-01T11:53:35+00:00","dateModified":"2024-05-30T07:42:39+00:00","description":"Cartucce di gas Argon + CO2, con una capacit\u00e0 di 21ml per servire e conservare le tue bottiglie. Compatibile con Coravin","breadcrumb":{"@id":"https:\/\/www.wikeeps.com\/it\/prodotto\/capsule-argon\/cartucce-gas-argon-vino\/#breadcrumb"},"inLanguage":"it-IT","potentialAction":[{"@type":"ReadAction","target":["https:\/\/www.wikeeps.com\/it\/prodotto\/capsule-argon\/cartucce-gas-argon-vino\/"]}]},{"@type":"ImageObject","inLanguage":"it-IT","@id":"https:\/\/www.wikeeps.com\/it\/prodotto\/capsule-argon\/cartucce-gas-argon-vino\/#primaryimage","url":"https:\/\/www.wikeeps.com\/wp-content\/uploads\/2018\/06\/B5_1200.png","contentUrl":"https:\/\/www.wikeeps.com\/wp-content\/uploads\/2018\/06\/B5_1200.png","width":997,"height":1200,"caption":"Cartouche Argon gaz"},{"@type":"BreadcrumbList","@id":"https:\/\/www.wikeeps.com\/it\/prodotto\/capsule-argon\/cartucce-gas-argon-vino\/#breadcrumb","itemListElement":[{"@type":"ListItem","position":1,"name":"Accueil","item":"https:\/\/www.wikeeps.com\/it\/vino-al-calice\/"},{"@type":"ListItem","position":2,"name":"Eshop","item":"https:\/\/www.wikeeps.com\/it\/shop\/"},{"@type":"ListItem","position":3,"name":"Cartucce gas per vino (80% Argon + 20% Co2)"}]},{"@type":"WebSite","@id":"https:\/\/www.wikeeps.com\/it\/#website","url":"https:\/\/www.wikeeps.com\/it\/","name":"Wikeeps","description":"Service, a\u00e9ration et conservation | vin au verre","publisher":{"@id":"https:\/\/www.wikeeps.com\/it\/#organization"},"potentialAction":[{"@type":"SearchAction","target":{"@type":"EntryPoint","urlTemplate":"https:\/\/www.wikeeps.com\/it\/?s={search_term_string}"},"query-input":{"@type":"PropertyValueSpecification","valueRequired":true,"valueName":"search_term_string"}}],"inLanguage":"it-IT"},{"@type":"Organization","@id":"https:\/\/www.wikeeps.com\/it\/#organization","name":"Wikeeps","url":"https:\/\/www.wikeeps.com\/it\/","logo":{"@type":"ImageObject","inLanguage":"it-IT","@id":"https:\/\/www.wikeeps.com\/it\/#\/schema\/logo\/image\/","url":"https:\/\/www.wikeeps.com\/wp-content\/uploads\/2025\/01\/Logo-Wikeeps.png","contentUrl":"https:\/\/www.wikeeps.com\/wp-content\/uploads\/2025\/01\/Logo-Wikeeps.png","width":1000,"height":184,"caption":"Wikeeps"},"image":{"@id":"https:\/\/www.wikeeps.com\/it\/#\/schema\/logo\/image\/"},"sameAs":["https:\/\/www.facebook.com\/wikeepsFr","https:\/\/x.com\/WIKEEPS","https:\/\/www.instagram.com\/wikeeps\/"]}]}},"_links":{"self":[{"href":"https:\/\/www.wikeeps.com\/it\/wp-json\/wp\/v2\/product\/1698","targetHints":{"allow":["GET"]}}],"collection":[{"href":"https:\/\/www.wikeeps.com\/it\/wp-json\/wp\/v2\/product"}],"about":[{"href":"https:\/\/www.wikeeps.com\/it\/wp-json\/wp\/v2\/types\/product"}],"wp:featuredmedia":[{"embeddable":true,"href":"https:\/\/www.wikeeps.com\/it\/wp-json\/wp\/v2\/media\/25202"}],"wp:attachment":[{"href":"https:\/\/www.wikeeps.com\/it\/wp-json\/wp\/v2\/media?parent=1698"}],"wp:term":[{"taxonomy":"product_brand","embeddable":true,"href":"https:\/\/www.wikeeps.com\/it\/wp-json\/wp\/v2\/product_brand?post=1698"},{"taxonomy":"product_cat","embeddable":true,"href":"https:\/\/www.wikeeps.com\/it\/wp-json\/wp\/v2\/product_cat?post=1698"},{"taxonomy":"product_tag","embeddable":true,"href":"https:\/\/www.wikeeps.com\/it\/wp-json\/wp\/v2\/product_tag?post=1698"}],"curies":[{"name":"wp","href":"https:\/\/api.w.org\/{rel}","templated":true}]}}