{"id":16236,"date":"2020-03-09T12:46:18","date_gmt":"2020-03-09T11:46:18","guid":{"rendered":"https:\/\/www.wikeeps.com\/produit\/cantina-di-banco-8-bottiglie-doppia-temperatura\/"},"modified":"2026-01-05T21:19:24","modified_gmt":"2026-01-05T20:19:24","slug":"cantina-da-banco-8-bottiglie-doppia-temperatura","status":"publish","type":"product","link":"https:\/\/www.wikeeps.com\/it\/prodotto\/cantinetta-vini\/cantina-da-banco-8-bottiglie-doppia-temperatura\/","title":{"rendered":"Piccola cantinetta per vini &#8211; 8 bottiglie &#8211; Doppia temperatura"},"content":{"rendered":"<p>[et_pb_section fb_built=&#8221;1&#8243; _builder_version=&#8221;4.16&#8243; custom_padding=&#8221;0px||||false|false&#8221; global_colors_info=&#8221;{}&#8221;][et_pb_row _builder_version=&#8221;4.16&#8243; background_size=&#8221;initial&#8221; background_position=&#8221;top_left&#8221; background_repeat=&#8221;repeat&#8221; width=&#8221;100%&#8221; custom_padding=&#8221;0px||0px||false|false&#8221; global_colors_info=&#8221;{}&#8221;][et_pb_column type=&#8221;4_4&#8243; _builder_version=&#8221;4.16&#8243; custom_padding=&#8221;|||&#8221; global_colors_info=&#8221;{}&#8221; custom_padding__hover=&#8221;|||&#8221;][et_pb_wc_breadcrumb _builder_version=&#8221;4.16&#8243; global_colors_info=&#8221;{}&#8221;][\/et_pb_wc_breadcrumb][et_pb_wc_cart_notice _builder_version=&#8221;4.27.4&#8243; background_color=&#8221;#7F2629&#8243; custom_button=&#8221;on&#8221; button_text_size=&#8221;16px&#8221; button_text_color=&#8221;#000000&#8243; button_border_radius=&#8221;0px&#8221; button_font=&#8221;|600||on|||||&#8221; global_colors_info=&#8221;{}&#8221;][\/et_pb_wc_cart_notice][\/et_pb_column][\/et_pb_row][et_pb_row column_structure=&#8221;1_2,1_2&#8243; _builder_version=&#8221;4.16&#8243; background_size=&#8221;initial&#8221; background_position=&#8221;top_left&#8221; background_repeat=&#8221;repeat&#8221; width=&#8221;100%&#8221; custom_padding=&#8221;0px||||false|false&#8221; global_colors_info=&#8221;{}&#8221;][et_pb_column type=&#8221;1_2&#8243; _builder_version=&#8221;4.16&#8243; custom_padding=&#8221;|||&#8221; global_colors_info=&#8221;{}&#8221; custom_padding__hover=&#8221;|||&#8221;][et_pb_wc_images _builder_version=&#8221;4.16&#8243; global_colors_info=&#8221;{}&#8221;][\/et_pb_wc_images][\/et_pb_column][et_pb_column type=&#8221;1_2&#8243; _builder_version=&#8221;4.16&#8243; custom_padding=&#8221;|||&#8221; global_colors_info=&#8221;{}&#8221; custom_padding__hover=&#8221;|||&#8221;][et_pb_wc_title _builder_version=&#8221;4.27.0&#8243; header_font=&#8221;|700|||||||&#8221; header_text_color=&#8221;#000000&#8243; global_colors_info=&#8221;{}&#8221;][\/et_pb_wc_title][et_pb_wc_rating _builder_version=&#8221;4.27.4&#8243; rating_text_color=&#8221;#7F2629&#8243; body_text_color=&#8221;#7F2629&#8243; global_colors_info=&#8221;{}&#8221;][\/et_pb_wc_rating][et_pb_wc_price _builder_version=&#8221;4.27.4&#8243; body_font=&#8221;|700|||||||&#8221; body_text_color=&#8221;#7F2629&#8243; global_colors_info=&#8221;{}&#8221;][\/et_pb_wc_price][et_pb_wc_description _builder_version=&#8221;4.27.3&#8243; header_2_font=&#8221;|||on|||||&#8221; header_2_font_size=&#8221;17px&#8221; header_3_font=&#8221;|||on|||||&#8221; global_colors_info=&#8221;{}&#8221;][\/et_pb_wc_description][et_pb_wc_add_to_cart _builder_version=&#8221;4.27.4&#8243; custom_button=&#8221;on&#8221; button_text_size=&#8221;17px&#8221; button_text_color=&#8221;#FFFFFF&#8221; button_bg_color=&#8221;#7F2629&#8243; button_border_width=&#8221;9px&#8221; button_border_color=&#8221;#7F2629&#8243; button_border_radius=&#8221;0px&#8221; button_font=&#8221;|600||on|||||&#8221; global_colors_info=&#8221;{}&#8221;][\/et_pb_wc_add_to_cart][\/et_pb_column][\/et_pb_row][\/et_pb_section][et_pb_section fb_built=&#8221;1&#8243; _builder_version=&#8221;4.16&#8243; custom_padding=&#8221;0px||0px||false|false&#8221; global_colors_info=&#8221;{}&#8221;][et_pb_row _builder_version=&#8221;4.16&#8243; background_size=&#8221;initial&#8221; background_position=&#8221;top_left&#8221; background_repeat=&#8221;repeat&#8221; width=&#8221;100%&#8221; global_colors_info=&#8221;{}&#8221;][et_pb_column type=&#8221;4_4&#8243; _builder_version=&#8221;4.16&#8243; custom_padding=&#8221;|||&#8221; global_colors_info=&#8221;{}&#8221; custom_padding__hover=&#8221;|||&#8221;][et_pb_wc_tabs _builder_version=&#8221;4.16&#8243; global_colors_info=&#8221;{}&#8221;]\t\t\t\t\t[\/et_pb_wc_tabs][\/et_pb_column][\/et_pb_row][et_pb_row use_custom_gutter=&#8221;on&#8221; gutter_width=&#8221;1&#8243; _builder_version=&#8221;4.27.3&#8243; background_enable_color=&#8221;off&#8221; background_size=&#8221;initial&#8221; background_position=&#8221;top_left&#8221; background_repeat=&#8221;repeat&#8221; width=&#8221;100%&#8221; custom_margin=&#8221;40px|auto||auto||&#8221; custom_padding=&#8221;5px|0px|0px|0px|false|true&#8221; animation_style=&#8221;fade&#8221; animation_direction=&#8221;left&#8221; animation_duration=&#8221;800ms&#8221; global_colors_info=&#8221;{}&#8221;][et_pb_column type=&#8221;4_4&#8243; _builder_version=&#8221;4.16&#8243; custom_padding=&#8221;|||&#8221; global_colors_info=&#8221;{}&#8221; custom_padding__hover=&#8221;|||&#8221;][et_pb_wc_upsells _builder_version=&#8221;4.16&#8243; global_colors_info=&#8221;{}&#8221;][\/et_pb_wc_upsells][et_pb_wc_related_products include_categories=&#8221;current,all,104&#8243; icon_hover_color=&#8221;#7F2629&#8243; hover_overlay_color=&#8221;rgba(255,255,255,0.31)&#8221; _builder_version=&#8221;4.27.4&#8243; title_font=&#8221;|700||on|||||&#8221; product_title_font=&#8221;|600|||||||&#8221; product_title_font_size=&#8221;20px&#8221; price_font=&#8221;|600|||||||&#8221; price_text_color=&#8221;#7F2629&#8243; custom_margin=&#8221;-1px||||false|false&#8221; global_colors_info=&#8221;{}&#8221;][\/et_pb_wc_related_products][\/et_pb_column][\/et_pb_row][\/et_pb_section]<\/p>\n","protected":false},"excerpt":{"rendered":"<p>Cantinetta da banco 8 botiglie doppia temperatura.<\/p>\n<p>Compact e design &#8211; Illuminazione a LED delle etichette (blu \/ bianco \/ rosso)<\/p>\n<p>Adatto a tutti i formati di bottiglia 0,75 cl \/ Magnum \/ Champagne.<\/p>\n<p>Doppia temperatura, ovvero 2 scomparti da 4 + 4<\/p>\n<p>Regolabile da 5\u00b0 a 18\u00b0C<\/p>\n<p> raffreddamento a compressore.<\/p>\n","protected":false},"featured_media":16237,"template":"","meta":{"_et_pb_use_builder":"on","_et_pb_old_content":"<h2>Questa piccola cantinetta pu\u00f2 essere posizionata sul bancone.\n\u00c8 compatibile con tutti i formati di bottiglia: 0,75 cl - Champagne e Magnum 1,5 L.<\/h2>\nQuesta piccola cantina per vini \u00e8 dotata di tecnologia di raffreddamento a compressore. .\nCi\u00f2 consente una regolazione molto precisa delle 2 zone della cantina da 3 a 18 \u00b0C.\nIn questo modo \u00e8 possibile avere uno scomparto per 4 bottiglie di champagne regolato a 9 \u00b0C e un altro scomparto per 4 bottiglie a 14 \u00b0C per i vini rossi.\n<h2>La Wibox8 CD \u00e8 una piccola cantinetta da banco compatta ed elegante.\nMetter\u00e0 in risalto le vostre etichette alla carta (vino al bicchiere e champagne al bicchiere).<br><\/h2>\nLa piccola cantina raffredda e aumenta la temperatura (non influenzata dalla temperatura ambiente).\nQuesto \u00e8 molto utile per le degustazioni in luoghi dove le temperature scendono al di sotto delle temperature di degustazione...\n\nCaratteristiche principali:\n<ul>\n \t<li>Raffreddamento compresso con refrigerante R600a<\/li>\n \t<li>Touch screen LED bianco, illuminazione LED a colori variabili (blu, bianco, rosso)<\/li>\n \t<li>Vetro a doppia parete<\/li>\n \t<li>Capacita 8 bottiglie<\/li>\n<\/ul>\nDimensioni: 78 * 33* 29 cm \u2013 15Kg\n\n<i>Sia per la degustazione in cantina che per il servizio del vino nei ristoranti, questa cantinetta da banco sapr\u00e0 valorizzare tutti i vostri vini in degustazione, che saranno inoltre serviti alla temperatura ideale grazie a una regolazione precisa.\nCompatta, si posiziona discretamente sul vostro bancone.\nDi notte, si illumina elegantemente con tonalit\u00e0 di bianco, rosso o blu per adattarsi al meglio al vostro arredamento e all'atmosfera dei vostri interni.\n<\/i>\n\nCombinata con il servizio e i sistemi di stoccaggio <a href=\"https:\/\/www.wikeeps.com\/it\/prodotto\/mescita-del-vino\/servizio-e-conservazione\/\">Wikeeps Essential Kit<\/a>, questa cantina diventa il pacchetto perfetto per lavorare con la vostra offerta di vino al bicchiere senza preoccuparsi di conservare le bottiglie aperte per 3 settimane\u2026\n\n\u00a0\n<h3>La piccola cantina: la soluzione compatta per gli amanti del vino e i professionisti.<\/h3>\nGli amanti del vino sanno bene che la giusta temperatura di servizio pu\u00f2 fare la differenza tra un vino delizioso e uno mediocre. \u00c8 qui che entra in gioco la piccola cantinetta per vini, una soluzione compatta e pratica per conservare e preservare le vostre bottiglie di vino in condizioni ottimali. In questo articolo esploreremo i vantaggi della piccola cantinetta per vini, le caratteristiche da considerare al momento dell'acquisto e come scegliere quella pi\u00f9 adatta alle vostre esigenze.  \n<h4>Piccola cantina: che cos'\u00e8?<\/h4>\nUna piccola cantinetta per vini \u00e8 un apparecchio compatto progettato per conservare e mantenere le bottiglie di vino alla temperatura ideale di servizio. A differenza delle cantine tradizionali, spesso ingombranti e voluminose, le cantinette per vino sono perfette per gli spazi ridotti come cucine, appartamenti o uffici. Offrono una soluzione pratica per gli amanti del vino che desiderano avere alcune bottiglie a portata di mano, pronte per essere degustate in qualsiasi momento.  \n<h4>Vantaggi della piccola cantina per vini<\/h4>\n<ol>\n \t<li><strong>Risparmio di spazio<\/strong>: il motivo principale per scegliere una cantinetta per vini di piccole dimensioni \u00e8 il suo formato compatto, che consente di installarla in spazi ristretti come cucine, sale da pranzo o appartamenti. Pu\u00f2 anche essere collocata sotto un bancone o integrata in un mobile esistente, rendendola la scelta ideale per gli spazi ridotti. <\/li>\n \t<li><strong>Controllo della temperatura<\/strong>: le piccole cantine sono dotate di un sistema elettronico all'avanguardia che consente di regolare e mantenere la temperatura a un livello ottimale per l'invecchiamento e il servizio del vino. Ci\u00f2 garantisce che le vostre bottiglie siano sempre pronte per essere degustate nelle migliori condizioni. <\/li>\n \t<li><strong>Livello sonoro ridotto<\/strong>: a differenza di alcune cantine pi\u00f9 grandi, le cantine di piccole dimensioni sono spesso progettate per essere silenziose o a bassa rumorosit\u00e0, il che le rende ideali per gli spazi abitativi o di lavoro in cui \u00e8 apprezzata la tranquillit\u00e0.<\/li>\n<\/ol>\n<h4>Caratteristiche da ricercare<\/h4>\nQuando scegliete una piccola cantinetta per vini, ecco alcune caratteristiche importanti da tenere in considerazione:\n<ul>\n \t<li><strong>Capacit\u00e0 delle bottiglie<\/strong>: determinate il numero di bottiglie che desiderate conservare nella vostra cantina e scegliete un modello con una capacit\u00e0 adeguata alle vostre esigenze.<\/li>\n \t<li><strong>Regolazione della temperatura<\/strong>: cercate una cantinetta con regolazione elettronica della temperatura che vi consenta di scegliere con precisione la temperatura ideale per i vostri vini.<\/li>\n \t<li><strong>Tipo di ripiani:<\/strong> i ripiani in legno sono spesso preferiti perch\u00e9 offrono un supporto stabile e proteggono le bottiglie dalle potenziali vibrazioni.<\/li>\n \t<li><strong>Display<\/strong>: un display chiaro e di facile lettura consente di monitorare facilmente la temperatura e di effettuare le regolazioni necessarie.<\/li>\n \t<li><strong>Design ed estetica<\/strong>: scegliete un modello dal design elegante e dalle finiture di alta qualit\u00e0 che si integri armoniosamente nel vostro spazio.<\/li>\n<\/ul>\n<h4>Conclusioni<\/h4>\nLa piccola cantina per vini \u00e8 una soluzione pratica ed efficace per gli amanti del vino che desiderano conservare e preservare le loro bottiglie in condizioni ottimali, anche negli spazi pi\u00f9 ristretti. Con il loro formato compatto, il controllo preciso della temperatura e il basso livello di rumorosit\u00e0, queste cantine per vini offrono un modo pratico ed elegante per conservare i vostri vini preferiti a portata di mano. Tenendo conto delle caratteristiche importanti al momento dell'acquisto, potrete essere sicuri di trovare una piccola cantina che soddisfi le vostre esigenze e vi permetta di godervi appieno le vostre degustazioni di vino.  \n\n\u00a0","_et_gb_content_width":""},"product_brand":[],"product_cat":[287,288],"product_tag":[],"class_list":{"0":"post-16236","1":"product","2":"type-product","3":"status-publish","4":"has-post-thumbnail","6":"product_cat-cantinetta-vini","7":"product_cat-cantina-da-banco","8":"product_shipping_class-cavanova","10":"first","11":"instock","12":"taxable","13":"shipping-taxable","14":"purchasable","15":"product-type-simple"},"yoast_head":"<!-- This site is optimized with the Yoast SEO plugin v27.4 - https:\/\/yoast.com\/product\/yoast-seo-wordpress\/ -->\n<title>Piccola cantinetta per vini - 8 bottiglie - Doppia temperatura , con design<\/title>\n<meta name=\"description\" content=\"Piccola cantinetta da banco. 8 bottiglie di tutti i formati da 0,75 cl e Magnum a doppia temperatura da 5 a 18 \u00b0C. Perfetta per degustare i vostri vini.\" \/>\n<meta name=\"robots\" content=\"index, follow, max-snippet:-1, max-image-preview:large, max-video-preview:-1\" \/>\n<link rel=\"canonical\" href=\"https:\/\/www.wikeeps.com\/it\/prodotto\/cantinetta-vini\/cantina-da-banco-8-bottiglie-doppia-temperatura\/\" \/>\n<meta property=\"og:locale\" content=\"it_IT\" \/>\n<meta property=\"og:type\" content=\"article\" \/>\n<meta property=\"og:title\" content=\"Piccola cantinetta per vini - 8 bottiglie - Doppia temperatura , con design\" \/>\n<meta property=\"og:description\" content=\"Piccola cantinetta da banco. 8 bottiglie di tutti i formati da 0,75 cl e Magnum a doppia temperatura da 5 a 18 \u00b0C. Perfetta per degustare i vostri vini.\" \/>\n<meta property=\"og:url\" content=\"https:\/\/www.wikeeps.com\/it\/prodotto\/cantinetta-vini\/cantina-da-banco-8-bottiglie-doppia-temperatura\/\" \/>\n<meta property=\"og:site_name\" content=\"Wikeeps\" \/>\n<meta property=\"article:publisher\" content=\"https:\/\/www.facebook.com\/wikeepsFr\" \/>\n<meta property=\"article:modified_time\" content=\"2026-01-05T20:19:24+00:00\" \/>\n<meta property=\"og:image\" content=\"https:\/\/www.wikeeps.com\/wp-content\/uploads\/2020\/03\/8-bouteilles-2-temp.jpeg\" \/>\n\t<meta property=\"og:image:width\" content=\"998\" \/>\n\t<meta property=\"og:image:height\" content=\"1200\" \/>\n\t<meta property=\"og:image:type\" content=\"image\/jpeg\" \/>\n<meta name=\"twitter:card\" content=\"summary_large_image\" \/>\n<meta name=\"twitter:site\" content=\"@WIKEEPS\" \/>\n<meta name=\"twitter:label1\" content=\"Tempo di lettura stimato\" \/>\n\t<meta name=\"twitter:data1\" content=\"1 minuto\" \/>\n<script type=\"application\/ld+json\" class=\"yoast-schema-graph\">{\"@context\":\"https:\\\/\\\/schema.org\",\"@graph\":[{\"@type\":\"WebPage\",\"@id\":\"https:\\\/\\\/www.wikeeps.com\\\/it\\\/prodotto\\\/cantinetta-vini\\\/cantina-da-banco-8-bottiglie-doppia-temperatura\\\/\",\"url\":\"https:\\\/\\\/www.wikeeps.com\\\/it\\\/prodotto\\\/cantinetta-vini\\\/cantina-da-banco-8-bottiglie-doppia-temperatura\\\/\",\"name\":\"Piccola cantinetta per vini - 8 bottiglie - Doppia temperatura , con design\",\"isPartOf\":{\"@id\":\"https:\\\/\\\/www.wikeeps.com\\\/it\\\/#website\"},\"primaryImageOfPage\":{\"@id\":\"https:\\\/\\\/www.wikeeps.com\\\/it\\\/prodotto\\\/cantinetta-vini\\\/cantina-da-banco-8-bottiglie-doppia-temperatura\\\/#primaryimage\"},\"image\":{\"@id\":\"https:\\\/\\\/www.wikeeps.com\\\/it\\\/prodotto\\\/cantinetta-vini\\\/cantina-da-banco-8-bottiglie-doppia-temperatura\\\/#primaryimage\"},\"thumbnailUrl\":\"https:\\\/\\\/www.wikeeps.com\\\/wp-content\\\/uploads\\\/2020\\\/03\\\/8-bouteilles-2-temp.jpeg\",\"datePublished\":\"2020-03-09T11:46:18+00:00\",\"dateModified\":\"2026-01-05T20:19:24+00:00\",\"description\":\"Piccola cantinetta da banco. 8 bottiglie di tutti i formati da 0,75 cl e Magnum a doppia temperatura da 5 a 18 \u00b0C. Perfetta per degustare i vostri vini.\",\"breadcrumb\":{\"@id\":\"https:\\\/\\\/www.wikeeps.com\\\/it\\\/prodotto\\\/cantinetta-vini\\\/cantina-da-banco-8-bottiglie-doppia-temperatura\\\/#breadcrumb\"},\"inLanguage\":\"it-IT\",\"potentialAction\":[{\"@type\":\"ReadAction\",\"target\":[\"https:\\\/\\\/www.wikeeps.com\\\/it\\\/prodotto\\\/cantinetta-vini\\\/cantina-da-banco-8-bottiglie-doppia-temperatura\\\/\"]}]},{\"@type\":\"ImageObject\",\"inLanguage\":\"it-IT\",\"@id\":\"https:\\\/\\\/www.wikeeps.com\\\/it\\\/prodotto\\\/cantinetta-vini\\\/cantina-da-banco-8-bottiglie-doppia-temperatura\\\/#primaryimage\",\"url\":\"https:\\\/\\\/www.wikeeps.com\\\/wp-content\\\/uploads\\\/2020\\\/03\\\/8-bouteilles-2-temp.jpeg\",\"contentUrl\":\"https:\\\/\\\/www.wikeeps.com\\\/wp-content\\\/uploads\\\/2020\\\/03\\\/8-bouteilles-2-temp.jpeg\",\"width\":998,\"height\":1200,\"caption\":\"cantinetta\"},{\"@type\":\"BreadcrumbList\",\"@id\":\"https:\\\/\\\/www.wikeeps.com\\\/it\\\/prodotto\\\/cantinetta-vini\\\/cantina-da-banco-8-bottiglie-doppia-temperatura\\\/#breadcrumb\",\"itemListElement\":[{\"@type\":\"ListItem\",\"position\":1,\"name\":\"Accueil\",\"item\":\"https:\\\/\\\/www.wikeeps.com\\\/it\\\/vino-al-calice\\\/\"},{\"@type\":\"ListItem\",\"position\":2,\"name\":\"Eshop\",\"item\":\"https:\\\/\\\/www.wikeeps.com\\\/it\\\/shop\\\/\"},{\"@type\":\"ListItem\",\"position\":3,\"name\":\"Piccola cantinetta per vini &#8211; 8 bottiglie &#8211; Doppia temperatura\"}]},{\"@type\":\"WebSite\",\"@id\":\"https:\\\/\\\/www.wikeeps.com\\\/it\\\/#website\",\"url\":\"https:\\\/\\\/www.wikeeps.com\\\/it\\\/\",\"name\":\"Wikeeps\",\"description\":\"Service, a\u00e9ration et conservation | vin au verre\",\"publisher\":{\"@id\":\"https:\\\/\\\/www.wikeeps.com\\\/it\\\/#organization\"},\"potentialAction\":[{\"@type\":\"SearchAction\",\"target\":{\"@type\":\"EntryPoint\",\"urlTemplate\":\"https:\\\/\\\/www.wikeeps.com\\\/it\\\/?s={search_term_string}\"},\"query-input\":{\"@type\":\"PropertyValueSpecification\",\"valueRequired\":true,\"valueName\":\"search_term_string\"}}],\"inLanguage\":\"it-IT\"},{\"@type\":\"Organization\",\"@id\":\"https:\\\/\\\/www.wikeeps.com\\\/it\\\/#organization\",\"name\":\"Wikeeps\",\"url\":\"https:\\\/\\\/www.wikeeps.com\\\/it\\\/\",\"logo\":{\"@type\":\"ImageObject\",\"inLanguage\":\"it-IT\",\"@id\":\"https:\\\/\\\/www.wikeeps.com\\\/it\\\/#\\\/schema\\\/logo\\\/image\\\/\",\"url\":\"https:\\\/\\\/www.wikeeps.com\\\/wp-content\\\/uploads\\\/2025\\\/01\\\/Logo-Wikeeps.png\",\"contentUrl\":\"https:\\\/\\\/www.wikeeps.com\\\/wp-content\\\/uploads\\\/2025\\\/01\\\/Logo-Wikeeps.png\",\"width\":1000,\"height\":184,\"caption\":\"Wikeeps\"},\"image\":{\"@id\":\"https:\\\/\\\/www.wikeeps.com\\\/it\\\/#\\\/schema\\\/logo\\\/image\\\/\"},\"sameAs\":[\"https:\\\/\\\/www.facebook.com\\\/wikeepsFr\",\"https:\\\/\\\/x.com\\\/WIKEEPS\",\"https:\\\/\\\/www.instagram.com\\\/wikeeps\\\/\"]}]}<\/script>\n<!-- \/ Yoast SEO plugin. -->","yoast_head_json":{"title":"Piccola cantinetta per vini - 8 bottiglie - Doppia temperatura , con design","description":"Piccola cantinetta da banco. 8 bottiglie di tutti i formati da 0,75 cl e Magnum a doppia temperatura da 5 a 18 \u00b0C. Perfetta per degustare i vostri vini.","robots":{"index":"index","follow":"follow","max-snippet":"max-snippet:-1","max-image-preview":"max-image-preview:large","max-video-preview":"max-video-preview:-1"},"canonical":"https:\/\/www.wikeeps.com\/it\/prodotto\/cantinetta-vini\/cantina-da-banco-8-bottiglie-doppia-temperatura\/","og_locale":"it_IT","og_type":"article","og_title":"Piccola cantinetta per vini - 8 bottiglie - Doppia temperatura , con design","og_description":"Piccola cantinetta da banco. 8 bottiglie di tutti i formati da 0,75 cl e Magnum a doppia temperatura da 5 a 18 \u00b0C. Perfetta per degustare i vostri vini.","og_url":"https:\/\/www.wikeeps.com\/it\/prodotto\/cantinetta-vini\/cantina-da-banco-8-bottiglie-doppia-temperatura\/","og_site_name":"Wikeeps","article_publisher":"https:\/\/www.facebook.com\/wikeepsFr","article_modified_time":"2026-01-05T20:19:24+00:00","og_image":[{"width":998,"height":1200,"url":"https:\/\/www.wikeeps.com\/wp-content\/uploads\/2020\/03\/8-bouteilles-2-temp.jpeg","type":"image\/jpeg"}],"twitter_card":"summary_large_image","twitter_site":"@WIKEEPS","twitter_misc":{"Tempo di lettura stimato":"1 minuto"},"schema":{"@context":"https:\/\/schema.org","@graph":[{"@type":"WebPage","@id":"https:\/\/www.wikeeps.com\/it\/prodotto\/cantinetta-vini\/cantina-da-banco-8-bottiglie-doppia-temperatura\/","url":"https:\/\/www.wikeeps.com\/it\/prodotto\/cantinetta-vini\/cantina-da-banco-8-bottiglie-doppia-temperatura\/","name":"Piccola cantinetta per vini - 8 bottiglie - Doppia temperatura , con design","isPartOf":{"@id":"https:\/\/www.wikeeps.com\/it\/#website"},"primaryImageOfPage":{"@id":"https:\/\/www.wikeeps.com\/it\/prodotto\/cantinetta-vini\/cantina-da-banco-8-bottiglie-doppia-temperatura\/#primaryimage"},"image":{"@id":"https:\/\/www.wikeeps.com\/it\/prodotto\/cantinetta-vini\/cantina-da-banco-8-bottiglie-doppia-temperatura\/#primaryimage"},"thumbnailUrl":"https:\/\/www.wikeeps.com\/wp-content\/uploads\/2020\/03\/8-bouteilles-2-temp.jpeg","datePublished":"2020-03-09T11:46:18+00:00","dateModified":"2026-01-05T20:19:24+00:00","description":"Piccola cantinetta da banco. 8 bottiglie di tutti i formati da 0,75 cl e Magnum a doppia temperatura da 5 a 18 \u00b0C. Perfetta per degustare i vostri vini.","breadcrumb":{"@id":"https:\/\/www.wikeeps.com\/it\/prodotto\/cantinetta-vini\/cantina-da-banco-8-bottiglie-doppia-temperatura\/#breadcrumb"},"inLanguage":"it-IT","potentialAction":[{"@type":"ReadAction","target":["https:\/\/www.wikeeps.com\/it\/prodotto\/cantinetta-vini\/cantina-da-banco-8-bottiglie-doppia-temperatura\/"]}]},{"@type":"ImageObject","inLanguage":"it-IT","@id":"https:\/\/www.wikeeps.com\/it\/prodotto\/cantinetta-vini\/cantina-da-banco-8-bottiglie-doppia-temperatura\/#primaryimage","url":"https:\/\/www.wikeeps.com\/wp-content\/uploads\/2020\/03\/8-bouteilles-2-temp.jpeg","contentUrl":"https:\/\/www.wikeeps.com\/wp-content\/uploads\/2020\/03\/8-bouteilles-2-temp.jpeg","width":998,"height":1200,"caption":"cantinetta"},{"@type":"BreadcrumbList","@id":"https:\/\/www.wikeeps.com\/it\/prodotto\/cantinetta-vini\/cantina-da-banco-8-bottiglie-doppia-temperatura\/#breadcrumb","itemListElement":[{"@type":"ListItem","position":1,"name":"Accueil","item":"https:\/\/www.wikeeps.com\/it\/vino-al-calice\/"},{"@type":"ListItem","position":2,"name":"Eshop","item":"https:\/\/www.wikeeps.com\/it\/shop\/"},{"@type":"ListItem","position":3,"name":"Piccola cantinetta per vini &#8211; 8 bottiglie &#8211; Doppia temperatura"}]},{"@type":"WebSite","@id":"https:\/\/www.wikeeps.com\/it\/#website","url":"https:\/\/www.wikeeps.com\/it\/","name":"Wikeeps","description":"Service, a\u00e9ration et conservation | vin au verre","publisher":{"@id":"https:\/\/www.wikeeps.com\/it\/#organization"},"potentialAction":[{"@type":"SearchAction","target":{"@type":"EntryPoint","urlTemplate":"https:\/\/www.wikeeps.com\/it\/?s={search_term_string}"},"query-input":{"@type":"PropertyValueSpecification","valueRequired":true,"valueName":"search_term_string"}}],"inLanguage":"it-IT"},{"@type":"Organization","@id":"https:\/\/www.wikeeps.com\/it\/#organization","name":"Wikeeps","url":"https:\/\/www.wikeeps.com\/it\/","logo":{"@type":"ImageObject","inLanguage":"it-IT","@id":"https:\/\/www.wikeeps.com\/it\/#\/schema\/logo\/image\/","url":"https:\/\/www.wikeeps.com\/wp-content\/uploads\/2025\/01\/Logo-Wikeeps.png","contentUrl":"https:\/\/www.wikeeps.com\/wp-content\/uploads\/2025\/01\/Logo-Wikeeps.png","width":1000,"height":184,"caption":"Wikeeps"},"image":{"@id":"https:\/\/www.wikeeps.com\/it\/#\/schema\/logo\/image\/"},"sameAs":["https:\/\/www.facebook.com\/wikeepsFr","https:\/\/x.com\/WIKEEPS","https:\/\/www.instagram.com\/wikeeps\/"]}]}},"_links":{"self":[{"href":"https:\/\/www.wikeeps.com\/it\/wp-json\/wp\/v2\/product\/16236","targetHints":{"allow":["GET"]}}],"collection":[{"href":"https:\/\/www.wikeeps.com\/it\/wp-json\/wp\/v2\/product"}],"about":[{"href":"https:\/\/www.wikeeps.com\/it\/wp-json\/wp\/v2\/types\/product"}],"wp:featuredmedia":[{"embeddable":true,"href":"https:\/\/www.wikeeps.com\/it\/wp-json\/wp\/v2\/media\/16237"}],"wp:attachment":[{"href":"https:\/\/www.wikeeps.com\/it\/wp-json\/wp\/v2\/media?parent=16236"}],"wp:term":[{"taxonomy":"product_brand","embeddable":true,"href":"https:\/\/www.wikeeps.com\/it\/wp-json\/wp\/v2\/product_brand?post=16236"},{"taxonomy":"product_cat","embeddable":true,"href":"https:\/\/www.wikeeps.com\/it\/wp-json\/wp\/v2\/product_cat?post=16236"},{"taxonomy":"product_tag","embeddable":true,"href":"https:\/\/www.wikeeps.com\/it\/wp-json\/wp\/v2\/product_tag?post=16236"}],"curies":[{"name":"wp","href":"https:\/\/api.w.org\/{rel}","templated":true}]}}