{"id":23041,"date":"2023-08-01T15:19:23","date_gmt":"2023-08-01T13:19:23","guid":{"rendered":"https:\/\/www.wikeeps.com\/?page_id=23041"},"modified":"2025-05-27T19:17:33","modified_gmt":"2025-05-27T17:17:33","slug":"vino-frizzante","status":"publish","type":"page","link":"https:\/\/www.wikeeps.com\/it\/vino-frizzante\/","title":{"rendered":"Bottiglia di champagne"},"content":{"rendered":"<p>[et_pb_section fb_built=&#8221;1&#8243; admin_label=&#8221;section&#8221; _builder_version=&#8221;4.16&#8243; custom_padding=&#8221;1px|||||&#8221; global_colors_info=&#8221;{}&#8221;][et_pb_row use_custom_gutter=&#8221;on&#8221; gutter_width=&#8221;1&#8243; _builder_version=&#8221;4.27.4&#8243; background_enable_color=&#8221;off&#8221; background_size=&#8221;initial&#8221; background_position=&#8221;top_left&#8221; background_repeat=&#8221;repeat&#8221; width=&#8221;100%&#8221; custom_margin=&#8221;27px|auto||auto||&#8221; custom_padding=&#8221;40px|0px|14px|0px|false|true&#8221; animation_style=&#8221;slide&#8221; animation_direction=&#8221;left&#8221; animation_duration=&#8221;800ms&#8221; animation_intensity_slide=&#8221;30%&#8221; global_colors_info=&#8221;{}&#8221;][et_pb_column type=&#8221;4_4&#8243; _builder_version=&#8221;4.16&#8243; custom_padding=&#8221;|||&#8221; global_colors_info=&#8221;{}&#8221; custom_padding__hover=&#8221;|||&#8221;][et_pb_post_title meta=&#8221;off&#8221; featured_image=&#8221;off&#8221; _builder_version=&#8221;4.27.4&#8243; _module_preset=&#8221;default&#8221; title_font=&#8221;|700||on|||||&#8221; title_text_align=&#8221;center&#8221; title_text_color=&#8221;#000000&#8243; title_font_size=&#8221;30px&#8221; global_colors_info=&#8221;{}&#8221;][\/et_pb_post_title][et_pb_divider color=&#8221;#000000&#8243; divider_weight=&#8221;3px&#8221; _builder_version=&#8221;4.27.3&#8243; _module_preset=&#8221;default&#8221; width=&#8221;16%&#8221; module_alignment=&#8221;center&#8221; global_colors_info=&#8221;{}&#8221;][\/et_pb_divider][\/et_pb_column][\/et_pb_row][et_pb_row admin_label=&#8221;row&#8221; _builder_version=&#8221;4.16&#8243; background_size=&#8221;initial&#8221; background_position=&#8221;top_left&#8221; background_repeat=&#8221;repeat&#8221; global_colors_info=&#8221;{}&#8221;][et_pb_column type=&#8221;4_4&#8243; _builder_version=&#8221;4.16&#8243; custom_padding=&#8221;|||&#8221; global_colors_info=&#8221;{}&#8221; custom_padding__hover=&#8221;|||&#8221;][et_pb_text admin_label=&#8221;Text&#8221; _builder_version=&#8221;4.27.4&#8243; header_2_font=&#8221;|600|||||||&#8221; background_size=&#8221;initial&#8221; background_position=&#8221;top_left&#8221; background_repeat=&#8221;repeat&#8221; hover_enabled=&#8221;0&#8243; global_colors_info=&#8221;{}&#8221; sticky_enabled=&#8221;0&#8243;]<\/p>\n<h2>Bubbl. lo strumento essenziale per la bottiglia di champagne<\/h2>\n<p style=\"text-align: justify;\">Bubbl. \u00e8 una rivoluzione per i ristoratori e per tutti gli amanti delle bollicine. Grazie a questo innovativo sistema \u00e8 oggi possibile <strong>prolungare la vita di una bottiglia <\/strong> aperta per pi\u00f9 di una settimana senza compromettere la qualit\u00e0 di questa bevanda divenuta cos\u00ec ricercata e per questo un prodotto di lusso.<\/p>\n<p>[\/et_pb_text][\/et_pb_column][\/et_pb_row][et_pb_row _builder_version=&#8221;4.27.4&#8243; _module_preset=&#8221;default&#8221;][et_pb_column _builder_version=&#8221;4.27.4&#8243; _module_preset=&#8221;default&#8221; type=&#8221;4_4&#8243;][et_pb_image src=&#8221;https:\/\/www.wikeeps.com\/wp-content\/uploads\/2025\/01\/Systeme-BUBBL-Wikeeps-1.jpg&#8221; _builder_version=&#8221;4.27.4&#8243; _module_preset=&#8221;default&#8221; alt=&#8221;Sistema Bubbl. da Wikeeps per proteggere la bottiglia di champagne &#8221; title_text=&#8221;Sistema-BUBBL-Wikeeps-1&#8243; hover_enabled=&#8221;0&#8243; sticky_enabled=&#8221;0&#8243;][\/et_pb_image][\/et_pb_column][\/et_pb_row][et_pb_row admin_label=&#8221;row&#8221; _builder_version=&#8221;4.16&#8243; background_size=&#8221;initial&#8221; background_position=&#8221;top_left&#8221; background_repeat=&#8221;repeat&#8221; global_colors_info=&#8221;{}&#8221;][et_pb_column type=&#8221;4_4&#8243; _builder_version=&#8221;4.16&#8243; custom_padding=&#8221;|||&#8221; global_colors_info=&#8221;{}&#8221; custom_padding__hover=&#8221;|||&#8221;][et_pb_text admin_label=&#8221;Text&#8221; _builder_version=&#8221;4.27.4&#8243; header_2_font=&#8221;|600|||||||&#8221; background_size=&#8221;initial&#8221; background_position=&#8221;top_left&#8221; background_repeat=&#8221;repeat&#8221; hover_enabled=&#8221;0&#8243; global_colors_info=&#8221;{}&#8221; sticky_enabled=&#8221;0&#8243;]<\/p>\n<h2><\/h2>\n<h2>Cos&#8217;\u00e8 Bubbl.? il sistema di conservazione dello Champagne? <\/h2>\n<p style=\"text-align: justify;\">In precedenza, una bottiglia aperta perdeva rapidamente (entro poche ore) la sua freschezza (ossidazione del vino) ed effervescenza (contenuto di CO2 disciolto), il che limitava la capacit\u00e0 dei ristoranti di servire lo spumante al bicchiere. Con Bubbl. questa alterazione legata alle perdite operative \u00e8 ridotta quasi a zero. Il sistema previene l&#8217;ossidazione prematura del vino e preserva le bollicine del vino, grazie all&#8217;iniezione di un gas enologico composto da CO2 e azoto.<\/p>\n<h2>L&#8217;origine della tecnologia Bubbl. per lo spumante <\/h2>\n<p style=\"text-align: justify;\">Bubbl. riprende i codici della vinificazione e si basa sulla <a href=\"https:\/\/www.wikeeps.com\/it\/innovazione-wikeeps-conservazione-del-vino\/\"><strong>tecnologia Wikeeps system<\/strong><\/a>, un sistema brevettato nel 2012 e ampiamente utilizzato dai professionisti del vino per la conservazione e il servizio del vino fermo. Bubbl. \u00e8 quindi uno strumento affidabile, collaudato e ampiamente apprezzato da tutti i professionisti e gli amatori del vino.<\/p>\n<p>&nbsp;<\/p>\n<p style=\"text-align: center;\"><iframe title=\"YouTube video player\" src=\"https:\/\/www.youtube.com\/embed\/pvKBb_jA4pg?si=XmeTxUCzUVuDw0AO\" width=\"560\" height=\"315\" frameborder=\"0\" allowfullscreen=\"allowfullscreen\"><\/iframe><\/p>\n<p>&nbsp;<\/p>\n<p style=\"text-align: justify;\"><a href=\"https:\/\/www.wikeeps.com\/it\/conservazione-spumante-aperto\/\"><strong>Grazie a Bubbl.<\/strong><\/a> i ristoratori possono ora ampliare la propria offerta di vini al bicchiere. Possono offrire ai propri clienti l&#8217;opportunit\u00e0 di scoprire una maggiore variet\u00e0 di champagne e spumanti in generale riducendo le perdite subite per ogni bottiglia aperta. Come 10 anni fa con il vino al bicchiere, Bubbl. permetter\u00e0 a ciascun professionista di mettere in risalto la migliore annata del viticoltore, bianco, rosato, non dosato&#8230; senza alcun limite e di esprimere l&#8217;intera tavolozza di un terroir e di una casa vinicola. <\/p>\n<p><img decoding=\"async\" class=\"wp-image-22870 size-full aligncenter\" src=\"https:\/\/www.wikeeps.com\/wp-content\/uploads\/2023\/07\/celebration-g3b3f4d931_640.jpg\" alt=\"Una serata tra amici con bottiglie di Champagne\" width=\"640\" height=\"427\" srcset=\"https:\/\/www.wikeeps.com\/wp-content\/uploads\/2023\/07\/celebration-g3b3f4d931_640.jpg 640w, https:\/\/www.wikeeps.com\/wp-content\/uploads\/2023\/07\/celebration-g3b3f4d931_640-480x320.jpg 480w\" sizes=\"(min-width: 0px) and (max-width: 480px) 480px, (min-width: 481px) 640px, 100vw\" \/><\/p>\n<p>[\/et_pb_text][\/et_pb_column][\/et_pb_row][et_pb_row _builder_version=&#8221;4.16&#8243; background_size=&#8221;initial&#8221; background_position=&#8221;top_left&#8221; background_repeat=&#8221;repeat&#8221; width=&#8221;100%&#8221; global_colors_info=&#8221;{}&#8221;][et_pb_column type=&#8221;4_4&#8243; _builder_version=&#8221;4.16&#8243; custom_padding=&#8221;|||&#8221; global_colors_info=&#8221;{}&#8221; custom_padding__hover=&#8221;|||&#8221;][et_pb_text _builder_version=&#8221;4.27.4&#8243; _module_preset=&#8221;default&#8221; text_font_size=&#8221;17px&#8221; text_line_height=&#8221;1.8em&#8221; header_text_color=&#8221;#FFFFFF&#8221; header_2_font=&#8221;|700||on|||||&#8221; header_2_text_color=&#8221;#000000&#8243; header_2_font_size=&#8221;30px&#8221; custom_margin=&#8221;-3px||-1px||false|false&#8221; global_colors_info=&#8221;{}&#8221;]<\/p>\n<h2 style=\"text-align: center;\">FAQ &#8211; Come scegliere il tuo champagne?<\/h2>\n<p>[\/et_pb_text][et_pb_divider color=&#8221;#000000&#8243; divider_weight=&#8221;3px&#8221; _builder_version=&#8221;4.27.3&#8243; _module_preset=&#8221;default&#8221; width=&#8221;16%&#8221; module_alignment=&#8221;center&#8221; global_colors_info=&#8221;{}&#8221;][\/et_pb_divider][et_pb_toggle title=&#8221;1. Come si chiama una bottiglia da 9 litri?&#8221; closed_toggle_background_color=&#8221;#EDEDED&#8221; icon_color=&#8221;#C3AE56&#8243; open_icon_color=&#8221;#C3AE56&#8243; _builder_version=&#8221;4.27.3&#8243; _module_preset=&#8221;default&#8221; custom_margin=&#8221;||5px||false|false&#8221; global_colors_info=&#8221;{}&#8221;]<\/p>\n<p style=\"text-align: justify;\"><em><strong>Una bottiglia di champagne da 9 litri si chiama Salmanazar.<\/strong><\/em> Il nome si riferisce a Shalmaneser, un antico re d&#8217;Assiria. \u00c8 una pratica comune nell&#8217;industria dello champagne e del vino dare nomi biblici alle grandi bottiglie. <\/p>\n<p style=\"text-align: justify;\">Un Salmanazar contiene l&#8217;equivalente di 12 bottiglie standard di vino o champagne (ogni bottiglia standard contiene 750 ml). Bottiglie di grandi dimensioni come Shalmanazar sono spesso utilizzate per celebrazioni o eventi speciali grazie alle loro dimensioni impressionanti. <\/p>\n<p style=\"text-align: justify;\">Inoltre, alcuni appassionati di vino sostengono che le bottiglie di grandi dimensioni possono migliorare il processo di invecchiamento del vino perch\u00e9 il vino invecchia pi\u00f9 lentamente in una bottiglia grande rispetto ad una bottiglia standard.<\/p>\n<p style=\"text-align: justify;\">Vale anche la pena notare che le bottiglie di grandi dimensioni, comprese le Salmanazar, vengono spesso riempite con bottiglie standard per garantire la qualit\u00e0 del vino o dello champagne.<\/p>\n<p>[\/et_pb_toggle][et_pb_toggle title=&#8221;2. Quali sono le diverse dimensioni delle bottiglie di champagne?&#8221; closed_toggle_background_color=&#8221;#EDEDED&#8221; icon_color=&#8221;#C3AE56&#8243; open_icon_color=&#8221;#C3AE56&#8243; _builder_version=&#8221;4.27.3&#8243; _module_preset=&#8221;default&#8221; custom_margin=&#8221;||5px||false|false&#8221; global_colors_info=&#8221;{}&#8221;]<\/p>\n<p style=\"text-align: justify;\">Esistono diversi formati di bottiglie di champagne, dalla pi\u00f9 piccola, chiamata \u201cDemi\u201d o \u201cMezza\u201d, alla pi\u00f9 grande, \u201cMelchizedek\u201d. Ecco un elenco delle dimensioni pi\u00f9 comunemente utilizzate: <\/p>\n<ol style=\"text-align: justify;\">\n<li><strong>Met\u00e0 o Met\u00e0:<\/strong> contiene 375 millilitri, la met\u00e0 di una bottiglia standard.<\/li>\n<li><strong>Bottiglia standard:<\/strong> contiene 750 millilitri. Magnum: contiene 1,5 litri, l&#8217;equivalente di due bottiglie standard. <\/li>\n<li><strong>Jeroboam :<\/strong> contiene 3 litri, l&#8217;equivalente di quattro bottiglie standard.<\/li>\n<li><strong>Rehoboam :<\/strong> contiene 4,5 litri, l&#8217;equivalente di sei bottiglie standard.<\/li>\n<li><strong>Methuselah :<\/strong> contiene 6 litri, l&#8217;equivalente di otto bottiglie standard.<\/li>\n<li><strong>Salmanazar:<\/strong> contiene 9 litri, l&#8217;equivalente di dodici bottiglie standard.<\/li>\n<li><strong>Balthazar:<\/strong> contiene 12 litri, l&#8217;equivalente di sedici bottiglie standard.<\/li>\n<li><strong>Nebuchadnezzar:<\/strong> contiene 15 litri, l&#8217;equivalente di venti bottiglie standard.<\/li>\n<li><strong>Melchizedek ou Midas:<\/strong> contiene 30 litri, l&#8217;equivalente di quaranta bottiglie standard.<\/li>\n<\/ol>\n<p style=\"text-align: justify;\">Non tutte queste dimensioni sono comunemente utilizzate; oltre a Nabucodonosor, sono generalmente riservati ad occasioni speciali. Questi nomi, per lo pi\u00f9 di origine biblica, sono specifici per gli spumanti come lo Champagne. Le dimensioni delle bottiglie per i vini non frizzanti possono avere nomi e volumi diversi.  <\/p>\n<p>[\/et_pb_toggle][et_pb_toggle title=&#8221;3. Quanto costa una bottiglia di Champagne?&#8221; closed_toggle_background_color=&#8221;#EDEDED&#8221; icon_color=&#8221;#C3AE56&#8243; open_icon_color=&#8221;#C3AE56&#8243; _builder_version=&#8221;4.27.3&#8243; _module_preset=&#8221;default&#8221; custom_margin=&#8221;||5px||false|false&#8221; global_colors_info=&#8221;{}&#8221;]<\/p>\n<p style=\"text-align: justify;\">Il prezzo di una bottiglia di Champagne pu\u00f2 variare molto a seconda di diversi fattori, tra cui la tipologia di Champagne, se Champagne brut, Champagne bianco, rosato o altre varianti. Inoltre, il marchio, l\u2019annata, la dimensione della bottiglia e il luogo di acquisto possono influenzare il costo di questa lussuosa forma di spumante. <\/p>\n<ul style=\"text-align: justify;\">\n<li><strong>Champagne Brut entry-level:<\/strong> gli champagne Brut entry-level non millesimati di buone marche possono costare dai 30 ai 50 euro. Il termine \u201cbrut\u201d indica un vino secco con poco zucchero aggiunto durante il dosaggio. <\/li>\n<li><strong>Champagne Blanc de Blancs di fascia media:<\/strong> per lo Champagne Blanc de Blancs, ottenuto solo da uve bianche, solitamente Chardonnay, i prezzi per i marchi di fascia media possono variare da 50 a 100 euro.<\/li>\n<li><strong>Champagne Brut di fascia alta:<\/strong> per gli champagne brut di marchi prestigiosi, come Dom P\u00e9rignon o Krug, puoi aspettarti di pagare da 100 a diverse centinaia di euro a bottiglia.<\/li>\n<li><strong>Champagne di lusso:<\/strong> per le bottiglie di champagne da collezione, che possono includere champagne d&#8217;annata o bottiglie di dimensioni pi\u00f9 grandi, i prezzi possono salire a diverse migliaia di euro.<\/li>\n<\/ul>\n<p style=\"text-align: justify;\">Questi prezzi sono stime generali e possono variare a seconda del mercato e della domanda. Lo \u201cChampagne\u201d \u00e8 uno spumante specifico della regione francese dello Champagne e porta una denominazione d&#8217;origine contr\u00f4l\u00e9e (AOC). Tuttavia, anche altre regioni del mondo producono ottimi spumanti, che possono offrire un notevole valore a prezzi inferiori rispetto allo Champagne.  <\/p>\n<p>[\/et_pb_toggle][et_pb_toggle title=&#8221;4. Qual \u00e8 lo champagne pi\u00f9 venduto?&#8221; closed_toggle_background_color=&#8221;#EDEDED&#8221; icon_color=&#8221;#C3AE56&#8243; open_icon_color=&#8221;#C3AE56&#8243; _builder_version=&#8221;4.27.3&#8243; _module_preset=&#8221;default&#8221; custom_margin=&#8221;||5px||false|false&#8221; global_colors_info=&#8221;{}&#8221;]<\/p>\n<p style=\"text-align: justify;\"><em><strong>Mo\u00ebt &amp; Chandon \u00e8 il marchio di champagne pi\u00f9 venduto al mondo.<\/strong><\/em> Questa casa di champagne, con sede a \u00c9pernay in Francia, \u00e8 rinomata per le sue annate di qualit\u00e0 e le tecniche di vinificazione innovative. \u00c8 famoso anche per il suo Champagne Brut Imp\u00e9rial, una delle bottiglie di champagne pi\u00f9 apprezzate sul mercato internazionale.  <\/p>\n<p style=\"text-align: justify;\">Tuttavia, \u00e8 importante notare che la popolarit\u00e0 di un marchio pu\u00f2 variare in base a molti fattori, tra cui il mercato specifico, la regione e le preferenze dei singoli consumatori. Ad esempio, ci sono altre grandi case di champagne anch&#8217;esse molto riconosciute a livello mondiale come Veuve Clicquot, Nicolas Feuillatte, Ruinart, Bollinger, Heidsieck, Taittinger e Laurent-Perrier. <\/p>\n<p style=\"text-align: justify;\">Per quanto riguarda la bottiglia cosiddetta lusso o prestigio, Dom P\u00e9rignon (che \u00e8 prodotta da Mo\u00ebt &amp; Chandon) e Louis Roederer Cristal sono tra i marchi pi\u00f9 ricercati e apprezzati.<\/p>\n<p style=\"text-align: justify;\">Da notare che nonostante queste marche siano molto vendute e molto apprezzate, la qualit\u00e0 dello champagne pu\u00f2 variare notevolmente: a seconda del blend se \u00e8 brut, ros\u00e9, blanc de blanc anche all&#8217;interno di una stessa marca, a seconda dell&#8217;annata, dell&#8217;annata e altri fattori.<\/p>\n<p>[\/et_pb_toggle][\/et_pb_column][\/et_pb_row][\/et_pb_section]<\/p>\n","protected":false},"excerpt":{"rendered":"<p>Bubbl. lo strumento essenziale per la bottiglia di champagne Bubbl. \u00e8 una rivoluzione per i ristoratori e per tutti gli amanti delle bollicine. Grazie a questo innovativo sistema \u00e8 oggi possibile prolungare la vita di una bottiglia aperta per pi\u00f9 di una settimana senza compromettere la qualit\u00e0 di questa bevanda divenuta cos\u00ec ricercata e per [&hellip;]<\/p>\n","protected":false},"author":551,"featured_media":22869,"parent":0,"menu_order":0,"comment_status":"closed","ping_status":"closed","template":"","meta":{"_et_pb_use_builder":"on","_et_pb_old_content":"","_et_gb_content_width":"","footnotes":""},"class_list":["post-23041","page","type-page","status-publish","has-post-thumbnail","hentry"],"yoast_head":"<!-- This site is optimized with the Yoast SEO plugin v27.4 - https:\/\/yoast.com\/product\/yoast-seo-wordpress\/ -->\n<title>Champagne - Bubbl. conserva la bottiglia aperta<\/title>\n<meta name=\"description\" content=\"Bubbl, il sistema portatile che permette ai ristoratori di conservare per una settimana gli aromi e le bollicine dello Champagne stappato\" \/>\n<meta name=\"robots\" content=\"index, follow, max-snippet:-1, max-image-preview:large, max-video-preview:-1\" \/>\n<link rel=\"canonical\" href=\"https:\/\/www.wikeeps.com\/it\/vino-frizzante\/\" \/>\n<meta property=\"og:locale\" content=\"it_IT\" \/>\n<meta property=\"og:type\" content=\"article\" \/>\n<meta property=\"og:title\" content=\"Champagne - Bubbl. conserva la bottiglia aperta\" \/>\n<meta property=\"og:description\" content=\"Bubbl, il sistema portatile che permette ai ristoratori di conservare per una settimana gli aromi e le bollicine dello Champagne stappato\" \/>\n<meta property=\"og:url\" content=\"https:\/\/www.wikeeps.com\/it\/vino-frizzante\/\" \/>\n<meta property=\"og:site_name\" content=\"Wikeeps\" \/>\n<meta property=\"article:publisher\" content=\"https:\/\/www.facebook.com\/wikeepsFr\" \/>\n<meta property=\"article:modified_time\" content=\"2025-05-27T17:17:33+00:00\" \/>\n<meta property=\"og:image\" content=\"https:\/\/www.wikeeps.com\/wp-content\/uploads\/2023\/07\/alexander-kovacs-zQYFPnJyCkE-unsplash-1.jpg\" \/>\n\t<meta property=\"og:image:width\" content=\"640\" \/>\n\t<meta property=\"og:image:height\" content=\"427\" \/>\n\t<meta property=\"og:image:type\" content=\"image\/jpeg\" \/>\n<meta name=\"twitter:card\" content=\"summary_large_image\" \/>\n<meta name=\"twitter:site\" content=\"@WIKEEPS\" \/>\n<meta name=\"twitter:label1\" content=\"Tempo di lettura stimato\" \/>\n\t<meta name=\"twitter:data1\" content=\"5 minuti\" \/>\n<script type=\"application\/ld+json\" class=\"yoast-schema-graph\">{\"@context\":\"https:\\\/\\\/schema.org\",\"@graph\":[{\"@type\":\"WebPage\",\"@id\":\"https:\\\/\\\/www.wikeeps.com\\\/it\\\/vino-frizzante\\\/\",\"url\":\"https:\\\/\\\/www.wikeeps.com\\\/it\\\/vino-frizzante\\\/\",\"name\":\"Champagne - Bubbl. conserva la bottiglia aperta\",\"isPartOf\":{\"@id\":\"https:\\\/\\\/www.wikeeps.com\\\/it\\\/#website\"},\"primaryImageOfPage\":{\"@id\":\"https:\\\/\\\/www.wikeeps.com\\\/it\\\/vino-frizzante\\\/#primaryimage\"},\"image\":{\"@id\":\"https:\\\/\\\/www.wikeeps.com\\\/it\\\/vino-frizzante\\\/#primaryimage\"},\"thumbnailUrl\":\"https:\\\/\\\/www.wikeeps.com\\\/wp-content\\\/uploads\\\/2023\\\/07\\\/alexander-kovacs-zQYFPnJyCkE-unsplash-1.jpg\",\"datePublished\":\"2023-08-01T13:19:23+00:00\",\"dateModified\":\"2025-05-27T17:17:33+00:00\",\"description\":\"Bubbl, il sistema portatile che permette ai ristoratori di conservare per una settimana gli aromi e le bollicine dello Champagne stappato\",\"breadcrumb\":{\"@id\":\"https:\\\/\\\/www.wikeeps.com\\\/it\\\/vino-frizzante\\\/#breadcrumb\"},\"inLanguage\":\"it-IT\",\"potentialAction\":[{\"@type\":\"ReadAction\",\"target\":[\"https:\\\/\\\/www.wikeeps.com\\\/it\\\/vino-frizzante\\\/\"]}]},{\"@type\":\"ImageObject\",\"inLanguage\":\"it-IT\",\"@id\":\"https:\\\/\\\/www.wikeeps.com\\\/it\\\/vino-frizzante\\\/#primaryimage\",\"url\":\"https:\\\/\\\/www.wikeeps.com\\\/wp-content\\\/uploads\\\/2023\\\/07\\\/alexander-kovacs-zQYFPnJyCkE-unsplash-1.jpg\",\"contentUrl\":\"https:\\\/\\\/www.wikeeps.com\\\/wp-content\\\/uploads\\\/2023\\\/07\\\/alexander-kovacs-zQYFPnJyCkE-unsplash-1.jpg\",\"width\":640,\"height\":427,\"caption\":\"Champagne avec 3 verres\"},{\"@type\":\"BreadcrumbList\",\"@id\":\"https:\\\/\\\/www.wikeeps.com\\\/it\\\/vino-frizzante\\\/#breadcrumb\",\"itemListElement\":[{\"@type\":\"ListItem\",\"position\":1,\"name\":\"Accueil\",\"item\":\"https:\\\/\\\/www.wikeeps.com\\\/it\\\/vino-al-calice\\\/\"},{\"@type\":\"ListItem\",\"position\":2,\"name\":\"Bottiglia di champagne\"}]},{\"@type\":\"WebSite\",\"@id\":\"https:\\\/\\\/www.wikeeps.com\\\/it\\\/#website\",\"url\":\"https:\\\/\\\/www.wikeeps.com\\\/it\\\/\",\"name\":\"Wikeeps\",\"description\":\"Service, a\u00e9ration et conservation | vin au verre\",\"publisher\":{\"@id\":\"https:\\\/\\\/www.wikeeps.com\\\/it\\\/#organization\"},\"potentialAction\":[{\"@type\":\"SearchAction\",\"target\":{\"@type\":\"EntryPoint\",\"urlTemplate\":\"https:\\\/\\\/www.wikeeps.com\\\/it\\\/?s={search_term_string}\"},\"query-input\":{\"@type\":\"PropertyValueSpecification\",\"valueRequired\":true,\"valueName\":\"search_term_string\"}}],\"inLanguage\":\"it-IT\"},{\"@type\":\"Organization\",\"@id\":\"https:\\\/\\\/www.wikeeps.com\\\/it\\\/#organization\",\"name\":\"Wikeeps\",\"url\":\"https:\\\/\\\/www.wikeeps.com\\\/it\\\/\",\"logo\":{\"@type\":\"ImageObject\",\"inLanguage\":\"it-IT\",\"@id\":\"https:\\\/\\\/www.wikeeps.com\\\/it\\\/#\\\/schema\\\/logo\\\/image\\\/\",\"url\":\"https:\\\/\\\/www.wikeeps.com\\\/wp-content\\\/uploads\\\/2025\\\/01\\\/Logo-Wikeeps.png\",\"contentUrl\":\"https:\\\/\\\/www.wikeeps.com\\\/wp-content\\\/uploads\\\/2025\\\/01\\\/Logo-Wikeeps.png\",\"width\":1000,\"height\":184,\"caption\":\"Wikeeps\"},\"image\":{\"@id\":\"https:\\\/\\\/www.wikeeps.com\\\/it\\\/#\\\/schema\\\/logo\\\/image\\\/\"},\"sameAs\":[\"https:\\\/\\\/www.facebook.com\\\/wikeepsFr\",\"https:\\\/\\\/x.com\\\/WIKEEPS\",\"https:\\\/\\\/www.instagram.com\\\/wikeeps\\\/\"]}]}<\/script>\n<!-- \/ Yoast SEO plugin. -->","yoast_head_json":{"title":"Champagne - Bubbl. conserva la bottiglia aperta","description":"Bubbl, il sistema portatile che permette ai ristoratori di conservare per una settimana gli aromi e le bollicine dello Champagne stappato","robots":{"index":"index","follow":"follow","max-snippet":"max-snippet:-1","max-image-preview":"max-image-preview:large","max-video-preview":"max-video-preview:-1"},"canonical":"https:\/\/www.wikeeps.com\/it\/vino-frizzante\/","og_locale":"it_IT","og_type":"article","og_title":"Champagne - Bubbl. conserva la bottiglia aperta","og_description":"Bubbl, il sistema portatile che permette ai ristoratori di conservare per una settimana gli aromi e le bollicine dello Champagne stappato","og_url":"https:\/\/www.wikeeps.com\/it\/vino-frizzante\/","og_site_name":"Wikeeps","article_publisher":"https:\/\/www.facebook.com\/wikeepsFr","article_modified_time":"2025-05-27T17:17:33+00:00","og_image":[{"width":640,"height":427,"url":"https:\/\/www.wikeeps.com\/wp-content\/uploads\/2023\/07\/alexander-kovacs-zQYFPnJyCkE-unsplash-1.jpg","type":"image\/jpeg"}],"twitter_card":"summary_large_image","twitter_site":"@WIKEEPS","twitter_misc":{"Tempo di lettura stimato":"5 minuti"},"schema":{"@context":"https:\/\/schema.org","@graph":[{"@type":"WebPage","@id":"https:\/\/www.wikeeps.com\/it\/vino-frizzante\/","url":"https:\/\/www.wikeeps.com\/it\/vino-frizzante\/","name":"Champagne - Bubbl. conserva la bottiglia aperta","isPartOf":{"@id":"https:\/\/www.wikeeps.com\/it\/#website"},"primaryImageOfPage":{"@id":"https:\/\/www.wikeeps.com\/it\/vino-frizzante\/#primaryimage"},"image":{"@id":"https:\/\/www.wikeeps.com\/it\/vino-frizzante\/#primaryimage"},"thumbnailUrl":"https:\/\/www.wikeeps.com\/wp-content\/uploads\/2023\/07\/alexander-kovacs-zQYFPnJyCkE-unsplash-1.jpg","datePublished":"2023-08-01T13:19:23+00:00","dateModified":"2025-05-27T17:17:33+00:00","description":"Bubbl, il sistema portatile che permette ai ristoratori di conservare per una settimana gli aromi e le bollicine dello Champagne stappato","breadcrumb":{"@id":"https:\/\/www.wikeeps.com\/it\/vino-frizzante\/#breadcrumb"},"inLanguage":"it-IT","potentialAction":[{"@type":"ReadAction","target":["https:\/\/www.wikeeps.com\/it\/vino-frizzante\/"]}]},{"@type":"ImageObject","inLanguage":"it-IT","@id":"https:\/\/www.wikeeps.com\/it\/vino-frizzante\/#primaryimage","url":"https:\/\/www.wikeeps.com\/wp-content\/uploads\/2023\/07\/alexander-kovacs-zQYFPnJyCkE-unsplash-1.jpg","contentUrl":"https:\/\/www.wikeeps.com\/wp-content\/uploads\/2023\/07\/alexander-kovacs-zQYFPnJyCkE-unsplash-1.jpg","width":640,"height":427,"caption":"Champagne avec 3 verres"},{"@type":"BreadcrumbList","@id":"https:\/\/www.wikeeps.com\/it\/vino-frizzante\/#breadcrumb","itemListElement":[{"@type":"ListItem","position":1,"name":"Accueil","item":"https:\/\/www.wikeeps.com\/it\/vino-al-calice\/"},{"@type":"ListItem","position":2,"name":"Bottiglia di champagne"}]},{"@type":"WebSite","@id":"https:\/\/www.wikeeps.com\/it\/#website","url":"https:\/\/www.wikeeps.com\/it\/","name":"Wikeeps","description":"Service, a\u00e9ration et conservation | vin au verre","publisher":{"@id":"https:\/\/www.wikeeps.com\/it\/#organization"},"potentialAction":[{"@type":"SearchAction","target":{"@type":"EntryPoint","urlTemplate":"https:\/\/www.wikeeps.com\/it\/?s={search_term_string}"},"query-input":{"@type":"PropertyValueSpecification","valueRequired":true,"valueName":"search_term_string"}}],"inLanguage":"it-IT"},{"@type":"Organization","@id":"https:\/\/www.wikeeps.com\/it\/#organization","name":"Wikeeps","url":"https:\/\/www.wikeeps.com\/it\/","logo":{"@type":"ImageObject","inLanguage":"it-IT","@id":"https:\/\/www.wikeeps.com\/it\/#\/schema\/logo\/image\/","url":"https:\/\/www.wikeeps.com\/wp-content\/uploads\/2025\/01\/Logo-Wikeeps.png","contentUrl":"https:\/\/www.wikeeps.com\/wp-content\/uploads\/2025\/01\/Logo-Wikeeps.png","width":1000,"height":184,"caption":"Wikeeps"},"image":{"@id":"https:\/\/www.wikeeps.com\/it\/#\/schema\/logo\/image\/"},"sameAs":["https:\/\/www.facebook.com\/wikeepsFr","https:\/\/x.com\/WIKEEPS","https:\/\/www.instagram.com\/wikeeps\/"]}]}},"_links":{"self":[{"href":"https:\/\/www.wikeeps.com\/it\/wp-json\/wp\/v2\/pages\/23041","targetHints":{"allow":["GET"]}}],"collection":[{"href":"https:\/\/www.wikeeps.com\/it\/wp-json\/wp\/v2\/pages"}],"about":[{"href":"https:\/\/www.wikeeps.com\/it\/wp-json\/wp\/v2\/types\/page"}],"author":[{"embeddable":true,"href":"https:\/\/www.wikeeps.com\/it\/wp-json\/wp\/v2\/users\/551"}],"replies":[{"embeddable":true,"href":"https:\/\/www.wikeeps.com\/it\/wp-json\/wp\/v2\/comments?post=23041"}],"version-history":[{"count":5,"href":"https:\/\/www.wikeeps.com\/it\/wp-json\/wp\/v2\/pages\/23041\/revisions"}],"predecessor-version":[{"id":32633,"href":"https:\/\/www.wikeeps.com\/it\/wp-json\/wp\/v2\/pages\/23041\/revisions\/32633"}],"wp:featuredmedia":[{"embeddable":true,"href":"https:\/\/www.wikeeps.com\/it\/wp-json\/wp\/v2\/media\/22869"}],"wp:attachment":[{"href":"https:\/\/www.wikeeps.com\/it\/wp-json\/wp\/v2\/media?parent=23041"}],"curies":[{"name":"wp","href":"https:\/\/api.w.org\/{rel}","templated":true}]}}