{"id":22992,"date":"2023-07-31T12:05:38","date_gmt":"2023-07-31T10:05:38","guid":{"rendered":"https:\/\/www.wikeeps.com\/?page_id=22992"},"modified":"2025-01-27T14:50:53","modified_gmt":"2025-01-27T13:50:53","slug":"cava","status":"publish","type":"page","link":"https:\/\/www.wikeeps.com\/it\/cava\/","title":{"rendered":"Cava"},"content":{"rendered":"<p>[et_pb_section fb_built=&#8221;1&#8243; admin_label=&#8221;section&#8221; _builder_version=&#8221;4.16&#8243; custom_padding=&#8221;1px|||||&#8221; global_colors_info=&#8221;{}&#8221;][et_pb_row use_custom_gutter=&#8221;on&#8221; gutter_width=&#8221;1&#8243; _builder_version=&#8221;4.27.4&#8243; background_enable_color=&#8221;off&#8221; background_size=&#8221;initial&#8221; background_position=&#8221;top_left&#8221; background_repeat=&#8221;repeat&#8221; width=&#8221;100%&#8221; custom_margin=&#8221;27px|auto||auto||&#8221; custom_padding=&#8221;40px|0px|14px|0px|false|true&#8221; animation_style=&#8221;slide&#8221; animation_direction=&#8221;left&#8221; animation_duration=&#8221;800ms&#8221; animation_intensity_slide=&#8221;30%&#8221; global_colors_info=&#8221;{}&#8221;][et_pb_column type=&#8221;4_4&#8243; _builder_version=&#8221;4.16&#8243; custom_padding=&#8221;|||&#8221; global_colors_info=&#8221;{}&#8221; custom_padding__hover=&#8221;|||&#8221;][et_pb_post_title meta=&#8221;off&#8221; featured_image=&#8221;off&#8221; _builder_version=&#8221;4.27.4&#8243; _module_preset=&#8221;default&#8221; title_font=&#8221;|700||on|||||&#8221; title_text_align=&#8221;center&#8221; title_text_color=&#8221;#000000&#8243; title_font_size=&#8221;30px&#8221; global_colors_info=&#8221;{}&#8221;][\/et_pb_post_title][et_pb_divider color=&#8221;#000000&#8243; divider_weight=&#8221;3px&#8221; _builder_version=&#8221;4.27.3&#8243; _module_preset=&#8221;default&#8221; width=&#8221;16%&#8221; module_alignment=&#8221;center&#8221; global_colors_info=&#8221;{}&#8221;][\/et_pb_divider][et_pb_text admin_label=&#8221;Text&#8221; _builder_version=&#8221;4.27.4&#8243; header_font_size=&#8221;29px&#8221; header_2_font_size=&#8221;23px&#8221; header_2_line_height=&#8221;1.2em&#8221; background_size=&#8221;initial&#8221; background_position=&#8221;top_left&#8221; background_repeat=&#8221;repeat&#8221; hover_enabled=&#8221;0&#8243; global_colors_info=&#8221;{}&#8221; sticky_enabled=&#8221;0&#8243;]<\/p>\n<h2 style=\"text-align: center;\"><strong>Goditi il \u200b\u200btuo Cava pi\u00f9 a lungo con Bubbl.<\/strong><\/h2>\n<p>[\/et_pb_text][\/et_pb_column][\/et_pb_row][et_pb_row admin_label=&#8221;row&#8221; _builder_version=&#8221;4.16&#8243; background_size=&#8221;initial&#8221; background_position=&#8221;top_left&#8221; background_repeat=&#8221;repeat&#8221; global_colors_info=&#8221;{}&#8221;][et_pb_column type=&#8221;4_4&#8243; _builder_version=&#8221;4.16&#8243; custom_padding=&#8221;|||&#8221; global_colors_info=&#8221;{}&#8221; custom_padding__hover=&#8221;|||&#8221;][et_pb_text admin_label=&#8221;Text&#8221; _builder_version=&#8221;4.27.4&#8243; header_2_font=&#8221;|600|||||||&#8221; background_size=&#8221;initial&#8221; background_position=&#8221;top_left&#8221; background_repeat=&#8221;repeat&#8221; hover_enabled=&#8221;0&#8243; global_colors_info=&#8221;{}&#8221; sticky_enabled=&#8221;0&#8243;]<\/p>\n<h2>Cos&#8217;\u00e8 un Cava spagnolo?<\/h2>\n<p>Questo delizioso <em><strong>spumante spagnolo<\/strong><\/em> merita tutta la tua attenzione. Il termine &#8220;Cava&#8221;, che significa &#8220;cantina&#8221; o &#8220;cantina&#8221; in catalano e spagnolo, si riferisce alle cantine sotterranee dove questo spumante spagnolo veniva tradizionalmente conservato durante il suo processo di invecchiamento. <\/p>\n<p>Viene prodotto utilizzando il metodo tradizionale (noto anche come metodo champenoise) in cui avviene la seconda fermentazione (che crea le bollicine) in bottiglia. Il nome &#8220;Cava&#8221; \u00e8 stato adottato per questo spumante nel 1970, in riferimento alle sue <strong>cantine di invecchiamento. <\/strong> <\/p>\n<p><img decoding=\"async\" class=\"aligncenter wp-image-22819 size-full\" src=\"https:\/\/www.wikeeps.com\/wp-content\/uploads\/2023\/07\/anthony-delanoix-vmrCxMRdq58-unsplash.jpg\" alt=\"Cava delizioso spumante spagnolo\" width=\"640\" height=\"427\" srcset=\"https:\/\/www.wikeeps.com\/wp-content\/uploads\/2023\/07\/anthony-delanoix-vmrCxMRdq58-unsplash.jpg 640w, https:\/\/www.wikeeps.com\/wp-content\/uploads\/2023\/07\/anthony-delanoix-vmrCxMRdq58-unsplash-480x320.jpg 480w\" sizes=\"(min-width: 0px) and (max-width: 480px) 480px, (min-width: 481px) 640px, 100vw\" \/><\/p>\n<p style=\"text-align: justify;\">Generalmente chiamati brut, questi vini <a href=\"https:\/\/www.wikeeps.com\/lexcellence-du-vin-petillant-espagnol\/\">&#8220;cava&#8221; sono prodotti solo in Spagna<\/a>. A seconda della durata dell&#8217;affinamento in bottiglia si distinguono tre famiglie principali: Cava (minimo 9 mesi), Cava Reserva <strong> (minimo 15 mesi)<\/strong> e Cava Gran Reserva, che deve riposare per almeno 30 mesi in bottiglia nella stessa bodega. <\/p>\n<p style=\"text-align: justify;\">Il prezzo del Brut \u00e8 molto pi\u00f9 conveniente rispetto allo Champagne a causa della durata dell&#8217;invecchiamento (15 mesi in cantina e tre anni minimo in Champagne per i millesimati). Se le opinioni divergono, questo vino spagnolo rimane un eccellente rapporto qualit\u00e0-prezzo. <\/p>\n<p style=\"text-align: justify;\">Le sue bollicine fini, i suoi aromi fruttati e floreali e la sua tavolozza di sapori distinti lo rendono un&#8217;ottima alternativa allo champagne. Ma come puoi godertelo senza doverlo finire tutto d&#8217;un fiato? La risposta \u00e8 semplice: <strong>usa il sistema Bubbl.<\/strong> conservazione dei vini spumanti.   <\/p>\n<h2>Goditi il \u200b\u200btuo Cava al tuo ritmo<\/h2>\n<p>Grazie a Bubbl. non \u00e8 pi\u00f9 necessario finire una bottiglia in una sola sera. Bolla. \u00e8 un dispositivo per la conservazione dello <a href=\"https:\/\/www.wikeeps.com\/it\/spumante\/\"><strong>spumante<\/strong><\/a> che permette di mantenere una bottiglia aperta per una settimana, preservando le caratteristiche di frizzantezza e il gusto del vino.<\/p>\n<p>Che ti piaccia il brut naturale, extra dry o dolce, Bubbl. ti aiuter\u00e0 a preservare questi spumanti mantenendone le bollicine e proteggendoli dall&#8217;ossidazione. <\/p>\n<p><img decoding=\"async\" class=\"aligncenter wp-image-22651 size-full\" src=\"https:\/\/www.wikeeps.com\/wp-content\/uploads\/2023\/07\/Bubbl.-conservation-du-champagne.png\" alt=\"Bubbl. permette una conservazione efficace per una settimana\" width=\"1441\" height=\"469\" srcset=\"https:\/\/www.wikeeps.com\/wp-content\/uploads\/2023\/07\/Bubbl.-conservation-du-champagne.png 1441w, https:\/\/www.wikeeps.com\/wp-content\/uploads\/2023\/07\/Bubbl.-conservation-du-champagne-1280x417.png 1280w, https:\/\/www.wikeeps.com\/wp-content\/uploads\/2023\/07\/Bubbl.-conservation-du-champagne-980x319.png 980w, https:\/\/www.wikeeps.com\/wp-content\/uploads\/2023\/07\/Bubbl.-conservation-du-champagne-480x156.png 480w\" sizes=\"(min-width: 0px) and (max-width: 480px) 480px, (min-width: 481px) and (max-width: 980px) 980px, (min-width: 981px) and (max-width: 1280px) 1280px, (min-width: 1281px) 1441px, 100vw\" \/><\/p>\n<h2><\/h2>\n<h2>Come Bubbl. conserva lo spumante? <\/h2>\n<p>Bubbl. utilizza una miscela di gas enologici, composta da 80% CO2 e 20% Azoto, per comprimere il gas esistente in bottiglia e proteggere il vino dall&#8217;ossidazione. Lo \u201cSmart Cap\u201d garantisce una perfetta chiusura, preservando cos\u00ec la freschezza e l&#8217;effervescenza del Cava. <\/p>\n<p style=\"text-align: center;\"><iframe title=\"YouTube video player\" src=\"https:\/\/www.youtube.com\/embed\/bhpRs-shFRQ\" width=\"560\" height=\"315\" frameborder=\"0\" allowfullscreen=\"allowfullscreen\"><\/iframe><\/p>\n<h2>Bubbl., un accessorio indispensabile per gli amanti del Cava<\/h2>\n<p style=\"text-align: justify;\">Se sei un amante del Cava, Bubbl. \u00e8 un accessorio indispensabile per la degustazione. Ti permetter\u00e0 di goderti la tua bottiglia di Cava per diversi giorni senza compromettere la qualit\u00e0 del vino. Goditi il \u200b\u200btuo Cava come vuoi, quando vuoi, preservando ogni nota aromatica di questo eccezionale spumante.   <\/p>\n<p style=\"text-align: justify;\">In breve, se stai cercando il modo migliore per conservare la tua bottiglia di Cava, non cercare oltre: Bubbl. \u00e8 la soluzione ideale per te. Con Bubbl., il piacere del Cava continua.<\/p>\n<p><img decoding=\"async\" class=\"aligncenter wp-image-22822 size-full\" src=\"https:\/\/www.wikeeps.com\/wp-content\/uploads\/2023\/07\/pexels-fotograf-jylland-2995283.jpg\" alt=\"Lo champagne e la festa\" width=\"640\" height=\"427\" srcset=\"https:\/\/www.wikeeps.com\/wp-content\/uploads\/2023\/07\/pexels-fotograf-jylland-2995283.jpg 640w, https:\/\/www.wikeeps.com\/wp-content\/uploads\/2023\/07\/pexels-fotograf-jylland-2995283-480x320.jpg 480w\" sizes=\"(min-width: 0px) and (max-width: 480px) 480px, (min-width: 481px) 640px, 100vw\" \/><\/p>\n<h2>Domande frequenti:<\/h2>\n<p><strong>Qual \u00e8 la differenza tra Cava e Prosecco?<\/strong><\/p>\n<p>Cava e Prosecco sono due tipi di spumante che provengono da regioni diverse e sono prodotti con metodi diversi. Sebbene entrambi siano spesso consumati come alternative allo champagne, esistono differenze significative tra loro. <\/p>\n<ol>\n<li><strong>Origine:<\/strong> il Cava proviene dalla Spagna, principalmente dalla Catalogna, mentre il Prosecco \u00e8 uno spumante italiano del Veneto.<\/li>\n<li><strong>Vitigni:<\/strong> Il Cava \u00e8 prodotto principalmente dai <strong>vitigni <\/strong> <strong>Macabeu<\/strong>, Parellada e Xarel-lo, mentre il Prosecco \u00e8 prodotto dal vitigno Glera.<\/li>\n<li><strong>Metodo di produzione:<\/strong> Il Cava viene prodotto utilizzando il metodo tradizionale (o <a href=\"https:\/\/www.toutlevin.com\/article\/la-methode-charmat-qu-est-ce-que-cest\"><strong>metodo champenoise<\/strong><\/a>), dove la seconda fermentazione (che produce le bollicine) avviene in bottiglia. Questo \u00e8 lo stesso metodo utilizzato per lo champagne. Il Prosecco, invece, viene solitamente prodotto utilizzando il metodo Charmat, dove la seconda fermentazione avviene in vasche di acciaio inox prima dell&#8217;imbottigliamento.  <\/li>\n<li><strong>Gusto:<\/strong> a causa di queste differenze, hanno profili aromatici distinti. Il Cava ha spesso un sapore pi\u00f9 complesso e pu\u00f2 presentare note di mela verde, pera e limone con sfumature di pane tostato dovute al suo affinamento sui lieviti. Il Prosecco tende ad essere pi\u00f9 fruttato e floreale, con note di mela, pera, pesca, melone e fiori bianchi.  <\/li>\n<\/ol>\n<p>Queste differenze possono sicuramente influenzare la scelta dello spumante, a seconda delle tue preferenze di gusto e del tipo di pasto con cui intendi servirlo.<\/p>\n<p>&nbsp;<\/p>\n<div class=\"group w-full text-gray-800 dark:text-gray-100 border-b border-black\/10 dark:border-gray-900\/50 bg-gray-50 dark:bg-[#444654]\">\n<div class=\"flex p-4 gap-4 text-base md:gap-6 md:max-w-2xl lg:max-w-[38rem] xl:max-w-3xl md:py-6 lg:px-0 m-auto\">\n<div class=\"relative flex w-[calc(100%-50px)] flex-col gap-1 md:gap-3 lg:w-[calc(100%-115px)]\">\n<div class=\"flex flex-grow flex-col gap-3\">\n<div class=\"min-h-[20px] flex items-start overflow-x-auto whitespace-pre-wrap break-words flex-col gap-4\">\n<div class=\"markdown prose w-full break-words dark:prose-invert light\">\n<p><strong>Come berlo?<\/strong><\/p>\n<p>Degustare Cava, come qualsiasi vino spumante, pu\u00f2 essere un&#8217;esperienza arricchente e gustosa con un piccolo tocco personale. Ecco un metodo semplice: <\/p>\n<ol>\n<li> <strong>Preparazione del bicchiere:<\/strong> scegli un bicchiere da champagne o un flute, progettati per trattenere le bollicine e concentrare gli aromi.<\/li>\n<li><strong>Aggiunta di aromi:<\/strong> In ogni bicchiere versare un filo di succo di limone e un tocco di miele liquido. Miscelazione: mescolare delicatamente finch\u00e9 il miele non sar\u00e0 completamente sciolto. <\/li>\n<li><strong>Aggiunta del Cava:<\/strong> Rabboccare lentamente con il Cava, versandolo lentamente lungo il lato del bicchiere per trattenere quante pi\u00f9 bollicine possibile.<\/li>\n<li><strong>Decorazione:<\/strong> aggiungi il tocco finale con alcune viole commestibili per una presentazione elegante.<\/li>\n<li><strong>Degustazione:<\/strong> Prendetevi il tempo per godervi le bollicine effervescenti e gli aromi sottili e complessi.<\/li>\n<\/ol>\n<p>Se non riesci a finire la tua bottiglia di Cava, non dimenticare di usare il tuo Bubbl. per preservarne l&#8217;effervescenza ed i sapori per future degustazioni. <\/p>\n<\/div>\n<\/div>\n<\/div>\n<\/div>\n<\/div>\n<\/div>\n<div class=\"group w-full text-gray-800 dark:text-gray-100 border-b border-black\/10 dark:border-gray-900\/50 dark:bg-gray-800\">\n<div class=\"flex p-4 gap-4 text-base md:gap-6 md:max-w-2xl lg:max-w-[38rem] xl:max-w-3xl md:py-6 lg:px-0 m-auto\">\n<div class=\"relative flex w-[calc(100%-50px)] flex-col gap-1 md:gap-3 lg:w-[calc(100%-115px)]\">\n<div class=\"flex flex-grow flex-col gap-3\">\n<div class=\"min-h-[20px] flex items-start overflow-x-auto whitespace-pre-wrap break-words flex-col gap-4\"><\/div>\n<\/div>\n<\/div>\n<\/div>\n<\/div>\n<div class=\"group w-full text-gray-800 dark:text-gray-100 border-b border-black\/10 dark:border-gray-900\/50 bg-gray-50 dark:bg-[#444654]\">\n<div class=\"flex p-4 gap-4 text-base md:gap-6 md:max-w-2xl lg:max-w-[38rem] xl:max-w-3xl md:py-6 lg:px-0 m-auto\">\n<div class=\"relative flex w-[calc(100%-50px)] flex-col gap-1 md:gap-3 lg:w-[calc(100%-115px)]\">\n<div class=\"flex flex-grow flex-col gap-3\">\n<div class=\"min-h-[20px] flex items-start overflow-x-auto whitespace-pre-wrap break-words flex-col gap-4\">\n<div class=\"markdown prose w-full break-words dark:prose-invert light\">\n<p>&nbsp;<\/p>\n<p><strong>Dove viene prodotto?<\/strong><\/p>\n<p>\u00c8 uno spumante prodotto in Spagna. Sebbene il Cava possa essere prodotto in diverse regioni vinicole del paese, la stragrande maggioranza (oltre il 95%) viene prodotta in Catalogna, nella regione del Pened\u00e8s, a sud-ovest di Barcellona. <\/p>\n<p>La citt\u00e0 di Sant Sadurn\u00ed d&#8217;Anoia, in particolare, \u00e8 considerata la sua citt\u00e0 natale. Qui si trovano alcune delle aziende vinicole pi\u00f9 grandi e antiche, tra cui Codorn\u00edu e Freixenet. <\/p>\n<\/div>\n<\/div>\n<\/div>\n<\/div>\n<\/div>\n<\/div>\n<p>[\/et_pb_text][\/et_pb_column][\/et_pb_row][\/et_pb_section]<\/p>\n","protected":false},"excerpt":{"rendered":"<p>Goditi il \u200b\u200btuo Cava pi\u00f9 a lungo con Bubbl.Cos&#8217;\u00e8 un Cava spagnolo? Questo delizioso spumante spagnolo merita tutta la tua attenzione. Il termine &#8220;Cava&#8221;, che significa &#8220;cantina&#8221; o &#8220;cantina&#8221; in catalano e spagnolo, si riferisce alle cantine sotterranee dove questo spumante spagnolo veniva tradizionalmente conservato durante il suo processo di invecchiamento. Viene prodotto utilizzando il [&hellip;]<\/p>\n","protected":false},"author":551,"featured_media":22821,"parent":0,"menu_order":0,"comment_status":"closed","ping_status":"closed","template":"","meta":{"_et_pb_use_builder":"on","_et_pb_old_content":"","_et_gb_content_width":"","footnotes":""},"class_list":["post-22992","page","type-page","status-publish","has-post-thumbnail","hentry"],"yoast_head":"<!-- This site is optimized with the Yoast SEO plugin v27.4 - https:\/\/yoast.com\/product\/yoast-seo-wordpress\/ -->\n<title>Cava da gustare pi\u00f9 a lungo con Bubbl.<\/title>\n<meta name=\"description\" content=\"Goditi pi\u00f9 a lungo ogni nota aromatica del tuo vino Cava Brut spagnolo preferito con Bubbl. - l&#039;accessorio di conservazione -\" \/>\n<meta name=\"robots\" content=\"index, follow, max-snippet:-1, max-image-preview:large, max-video-preview:-1\" \/>\n<link rel=\"canonical\" href=\"https:\/\/www.wikeeps.com\/it\/cava\/\" \/>\n<meta property=\"og:locale\" content=\"it_IT\" \/>\n<meta property=\"og:type\" content=\"article\" \/>\n<meta property=\"og:title\" content=\"Cava da gustare pi\u00f9 a lungo con Bubbl.\" \/>\n<meta property=\"og:description\" content=\"Goditi pi\u00f9 a lungo ogni nota aromatica del tuo vino Cava Brut spagnolo preferito con Bubbl. - l&#039;accessorio di conservazione -\" \/>\n<meta property=\"og:url\" content=\"https:\/\/www.wikeeps.com\/it\/cava\/\" \/>\n<meta property=\"og:site_name\" content=\"Wikeeps\" \/>\n<meta property=\"article:publisher\" content=\"https:\/\/www.facebook.com\/wikeepsFr\" \/>\n<meta property=\"article:modified_time\" content=\"2025-01-27T13:50:53+00:00\" \/>\n<meta property=\"og:image\" content=\"https:\/\/www.wikeeps.com\/wp-content\/uploads\/2023\/07\/anthony-delanoix-vmrCxMRdq58-unsplash.jpg\" \/>\n\t<meta property=\"og:image:width\" content=\"640\" \/>\n\t<meta property=\"og:image:height\" content=\"427\" \/>\n\t<meta property=\"og:image:type\" content=\"image\/jpeg\" \/>\n<meta name=\"twitter:card\" content=\"summary_large_image\" \/>\n<meta name=\"twitter:site\" content=\"@WIKEEPS\" \/>\n<meta name=\"twitter:label1\" content=\"Tempo di lettura stimato\" \/>\n\t<meta name=\"twitter:data1\" content=\"6 minuti\" \/>\n<script type=\"application\/ld+json\" class=\"yoast-schema-graph\">{\"@context\":\"https:\\\/\\\/schema.org\",\"@graph\":[{\"@type\":\"WebPage\",\"@id\":\"https:\\\/\\\/www.wikeeps.com\\\/it\\\/cava\\\/\",\"url\":\"https:\\\/\\\/www.wikeeps.com\\\/it\\\/cava\\\/\",\"name\":\"Cava da gustare pi\u00f9 a lungo con Bubbl.\",\"isPartOf\":{\"@id\":\"https:\\\/\\\/www.wikeeps.com\\\/it\\\/#website\"},\"primaryImageOfPage\":{\"@id\":\"https:\\\/\\\/www.wikeeps.com\\\/it\\\/cava\\\/#primaryimage\"},\"image\":{\"@id\":\"https:\\\/\\\/www.wikeeps.com\\\/it\\\/cava\\\/#primaryimage\"},\"thumbnailUrl\":\"https:\\\/\\\/www.wikeeps.com\\\/wp-content\\\/uploads\\\/2023\\\/07\\\/anthony-delanoix-vmrCxMRdq58-unsplash.jpg\",\"datePublished\":\"2023-07-31T10:05:38+00:00\",\"dateModified\":\"2025-01-27T13:50:53+00:00\",\"description\":\"Goditi pi\u00f9 a lungo ogni nota aromatica del tuo vino Cava Brut spagnolo preferito con Bubbl. - l'accessorio di conservazione -\",\"breadcrumb\":{\"@id\":\"https:\\\/\\\/www.wikeeps.com\\\/it\\\/cava\\\/#breadcrumb\"},\"inLanguage\":\"it-IT\",\"potentialAction\":[{\"@type\":\"ReadAction\",\"target\":[\"https:\\\/\\\/www.wikeeps.com\\\/it\\\/cava\\\/\"]}]},{\"@type\":\"ImageObject\",\"inLanguage\":\"it-IT\",\"@id\":\"https:\\\/\\\/www.wikeeps.com\\\/it\\\/cava\\\/#primaryimage\",\"url\":\"https:\\\/\\\/www.wikeeps.com\\\/wp-content\\\/uploads\\\/2023\\\/07\\\/anthony-delanoix-vmrCxMRdq58-unsplash.jpg\",\"contentUrl\":\"https:\\\/\\\/www.wikeeps.com\\\/wp-content\\\/uploads\\\/2023\\\/07\\\/anthony-delanoix-vmrCxMRdq58-unsplash.jpg\",\"width\":640,\"height\":427,\"caption\":\"Le Cava d\u00e9licieux vin mousseux espagnol\"},{\"@type\":\"BreadcrumbList\",\"@id\":\"https:\\\/\\\/www.wikeeps.com\\\/it\\\/cava\\\/#breadcrumb\",\"itemListElement\":[{\"@type\":\"ListItem\",\"position\":1,\"name\":\"Accueil\",\"item\":\"https:\\\/\\\/www.wikeeps.com\\\/it\\\/vino-al-calice\\\/\"},{\"@type\":\"ListItem\",\"position\":2,\"name\":\"Cava\"}]},{\"@type\":\"WebSite\",\"@id\":\"https:\\\/\\\/www.wikeeps.com\\\/it\\\/#website\",\"url\":\"https:\\\/\\\/www.wikeeps.com\\\/it\\\/\",\"name\":\"Wikeeps\",\"description\":\"Service, a\u00e9ration et conservation | vin au verre\",\"publisher\":{\"@id\":\"https:\\\/\\\/www.wikeeps.com\\\/it\\\/#organization\"},\"potentialAction\":[{\"@type\":\"SearchAction\",\"target\":{\"@type\":\"EntryPoint\",\"urlTemplate\":\"https:\\\/\\\/www.wikeeps.com\\\/it\\\/?s={search_term_string}\"},\"query-input\":{\"@type\":\"PropertyValueSpecification\",\"valueRequired\":true,\"valueName\":\"search_term_string\"}}],\"inLanguage\":\"it-IT\"},{\"@type\":\"Organization\",\"@id\":\"https:\\\/\\\/www.wikeeps.com\\\/it\\\/#organization\",\"name\":\"Wikeeps\",\"url\":\"https:\\\/\\\/www.wikeeps.com\\\/it\\\/\",\"logo\":{\"@type\":\"ImageObject\",\"inLanguage\":\"it-IT\",\"@id\":\"https:\\\/\\\/www.wikeeps.com\\\/it\\\/#\\\/schema\\\/logo\\\/image\\\/\",\"url\":\"https:\\\/\\\/www.wikeeps.com\\\/wp-content\\\/uploads\\\/2025\\\/01\\\/Logo-Wikeeps.png\",\"contentUrl\":\"https:\\\/\\\/www.wikeeps.com\\\/wp-content\\\/uploads\\\/2025\\\/01\\\/Logo-Wikeeps.png\",\"width\":1000,\"height\":184,\"caption\":\"Wikeeps\"},\"image\":{\"@id\":\"https:\\\/\\\/www.wikeeps.com\\\/it\\\/#\\\/schema\\\/logo\\\/image\\\/\"},\"sameAs\":[\"https:\\\/\\\/www.facebook.com\\\/wikeepsFr\",\"https:\\\/\\\/x.com\\\/WIKEEPS\",\"https:\\\/\\\/www.instagram.com\\\/wikeeps\\\/\"]}]}<\/script>\n<!-- \/ Yoast SEO plugin. -->","yoast_head_json":{"title":"Cava da gustare pi\u00f9 a lungo con Bubbl.","description":"Goditi pi\u00f9 a lungo ogni nota aromatica del tuo vino Cava Brut spagnolo preferito con Bubbl. - l'accessorio di conservazione -","robots":{"index":"index","follow":"follow","max-snippet":"max-snippet:-1","max-image-preview":"max-image-preview:large","max-video-preview":"max-video-preview:-1"},"canonical":"https:\/\/www.wikeeps.com\/it\/cava\/","og_locale":"it_IT","og_type":"article","og_title":"Cava da gustare pi\u00f9 a lungo con Bubbl.","og_description":"Goditi pi\u00f9 a lungo ogni nota aromatica del tuo vino Cava Brut spagnolo preferito con Bubbl. - l'accessorio di conservazione -","og_url":"https:\/\/www.wikeeps.com\/it\/cava\/","og_site_name":"Wikeeps","article_publisher":"https:\/\/www.facebook.com\/wikeepsFr","article_modified_time":"2025-01-27T13:50:53+00:00","og_image":[{"width":640,"height":427,"url":"https:\/\/www.wikeeps.com\/wp-content\/uploads\/2023\/07\/anthony-delanoix-vmrCxMRdq58-unsplash.jpg","type":"image\/jpeg"}],"twitter_card":"summary_large_image","twitter_site":"@WIKEEPS","twitter_misc":{"Tempo di lettura stimato":"6 minuti"},"schema":{"@context":"https:\/\/schema.org","@graph":[{"@type":"WebPage","@id":"https:\/\/www.wikeeps.com\/it\/cava\/","url":"https:\/\/www.wikeeps.com\/it\/cava\/","name":"Cava da gustare pi\u00f9 a lungo con Bubbl.","isPartOf":{"@id":"https:\/\/www.wikeeps.com\/it\/#website"},"primaryImageOfPage":{"@id":"https:\/\/www.wikeeps.com\/it\/cava\/#primaryimage"},"image":{"@id":"https:\/\/www.wikeeps.com\/it\/cava\/#primaryimage"},"thumbnailUrl":"https:\/\/www.wikeeps.com\/wp-content\/uploads\/2023\/07\/anthony-delanoix-vmrCxMRdq58-unsplash.jpg","datePublished":"2023-07-31T10:05:38+00:00","dateModified":"2025-01-27T13:50:53+00:00","description":"Goditi pi\u00f9 a lungo ogni nota aromatica del tuo vino Cava Brut spagnolo preferito con Bubbl. - l'accessorio di conservazione -","breadcrumb":{"@id":"https:\/\/www.wikeeps.com\/it\/cava\/#breadcrumb"},"inLanguage":"it-IT","potentialAction":[{"@type":"ReadAction","target":["https:\/\/www.wikeeps.com\/it\/cava\/"]}]},{"@type":"ImageObject","inLanguage":"it-IT","@id":"https:\/\/www.wikeeps.com\/it\/cava\/#primaryimage","url":"https:\/\/www.wikeeps.com\/wp-content\/uploads\/2023\/07\/anthony-delanoix-vmrCxMRdq58-unsplash.jpg","contentUrl":"https:\/\/www.wikeeps.com\/wp-content\/uploads\/2023\/07\/anthony-delanoix-vmrCxMRdq58-unsplash.jpg","width":640,"height":427,"caption":"Le Cava d\u00e9licieux vin mousseux espagnol"},{"@type":"BreadcrumbList","@id":"https:\/\/www.wikeeps.com\/it\/cava\/#breadcrumb","itemListElement":[{"@type":"ListItem","position":1,"name":"Accueil","item":"https:\/\/www.wikeeps.com\/it\/vino-al-calice\/"},{"@type":"ListItem","position":2,"name":"Cava"}]},{"@type":"WebSite","@id":"https:\/\/www.wikeeps.com\/it\/#website","url":"https:\/\/www.wikeeps.com\/it\/","name":"Wikeeps","description":"Service, a\u00e9ration et conservation | vin au verre","publisher":{"@id":"https:\/\/www.wikeeps.com\/it\/#organization"},"potentialAction":[{"@type":"SearchAction","target":{"@type":"EntryPoint","urlTemplate":"https:\/\/www.wikeeps.com\/it\/?s={search_term_string}"},"query-input":{"@type":"PropertyValueSpecification","valueRequired":true,"valueName":"search_term_string"}}],"inLanguage":"it-IT"},{"@type":"Organization","@id":"https:\/\/www.wikeeps.com\/it\/#organization","name":"Wikeeps","url":"https:\/\/www.wikeeps.com\/it\/","logo":{"@type":"ImageObject","inLanguage":"it-IT","@id":"https:\/\/www.wikeeps.com\/it\/#\/schema\/logo\/image\/","url":"https:\/\/www.wikeeps.com\/wp-content\/uploads\/2025\/01\/Logo-Wikeeps.png","contentUrl":"https:\/\/www.wikeeps.com\/wp-content\/uploads\/2025\/01\/Logo-Wikeeps.png","width":1000,"height":184,"caption":"Wikeeps"},"image":{"@id":"https:\/\/www.wikeeps.com\/it\/#\/schema\/logo\/image\/"},"sameAs":["https:\/\/www.facebook.com\/wikeepsFr","https:\/\/x.com\/WIKEEPS","https:\/\/www.instagram.com\/wikeeps\/"]}]}},"_links":{"self":[{"href":"https:\/\/www.wikeeps.com\/it\/wp-json\/wp\/v2\/pages\/22992","targetHints":{"allow":["GET"]}}],"collection":[{"href":"https:\/\/www.wikeeps.com\/it\/wp-json\/wp\/v2\/pages"}],"about":[{"href":"https:\/\/www.wikeeps.com\/it\/wp-json\/wp\/v2\/types\/page"}],"author":[{"embeddable":true,"href":"https:\/\/www.wikeeps.com\/it\/wp-json\/wp\/v2\/users\/551"}],"replies":[{"embeddable":true,"href":"https:\/\/www.wikeeps.com\/it\/wp-json\/wp\/v2\/comments?post=22992"}],"version-history":[{"count":0,"href":"https:\/\/www.wikeeps.com\/it\/wp-json\/wp\/v2\/pages\/22992\/revisions"}],"wp:featuredmedia":[{"embeddable":true,"href":"https:\/\/www.wikeeps.com\/it\/wp-json\/wp\/v2\/media\/22821"}],"wp:attachment":[{"href":"https:\/\/www.wikeeps.com\/it\/wp-json\/wp\/v2\/media?parent=22992"}],"curies":[{"name":"wp","href":"https:\/\/api.w.org\/{rel}","templated":true}]}}