{"id":22716,"date":"2023-07-19T10:04:14","date_gmt":"2023-07-19T08:04:14","guid":{"rendered":"https:\/\/www.wikeeps.com\/?page_id=22716"},"modified":"2025-01-28T11:56:10","modified_gmt":"2025-01-28T10:56:10","slug":"spumante","status":"publish","type":"page","link":"https:\/\/www.wikeeps.com\/it\/spumante\/","title":{"rendered":"Vino spumante"},"content":{"rendered":"<p>[et_pb_section fb_built=&#8221;1&#8243; admin_label=&#8221;section&#8221; _builder_version=&#8221;4.16&#8243; custom_padding=&#8221;3px|||||&#8221; global_colors_info=&#8221;{}&#8221;][et_pb_row use_custom_gutter=&#8221;on&#8221; gutter_width=&#8221;1&#8243; _builder_version=&#8221;4.27.4&#8243; background_enable_color=&#8221;off&#8221; background_size=&#8221;initial&#8221; background_position=&#8221;top_left&#8221; background_repeat=&#8221;repeat&#8221; width=&#8221;100%&#8221; custom_margin=&#8221;27px|auto||auto||&#8221; custom_padding=&#8221;40px|0px|14px|0px|false|true&#8221; animation_style=&#8221;slide&#8221; animation_direction=&#8221;left&#8221; animation_duration=&#8221;800ms&#8221; animation_intensity_slide=&#8221;30%&#8221; global_colors_info=&#8221;{}&#8221;][et_pb_column type=&#8221;4_4&#8243; _builder_version=&#8221;4.16&#8243; custom_padding=&#8221;|||&#8221; global_colors_info=&#8221;{}&#8221; custom_padding__hover=&#8221;|||&#8221;][et_pb_post_title meta=&#8221;off&#8221; featured_image=&#8221;off&#8221; _builder_version=&#8221;4.27.4&#8243; _module_preset=&#8221;default&#8221; title_font=&#8221;|700||on|||||&#8221; title_text_align=&#8221;center&#8221; title_text_color=&#8221;#000000&#8243; title_font_size=&#8221;30px&#8221; global_colors_info=&#8221;{}&#8221;][\/et_pb_post_title][et_pb_divider color=&#8221;#000000&#8243; divider_weight=&#8221;3px&#8221; _builder_version=&#8221;4.27.3&#8243; _module_preset=&#8221;default&#8221; width=&#8221;16%&#8221; module_alignment=&#8221;center&#8221; global_colors_info=&#8221;{}&#8221;][\/et_pb_divider][\/et_pb_column][\/et_pb_row][et_pb_row admin_label=&#8221;row&#8221; _builder_version=&#8221;4.16&#8243; background_size=&#8221;initial&#8221; background_position=&#8221;top_left&#8221; background_repeat=&#8221;repeat&#8221; global_colors_info=&#8221;{}&#8221;][et_pb_column type=&#8221;4_4&#8243; _builder_version=&#8221;4.16&#8243; custom_padding=&#8221;|||&#8221; global_colors_info=&#8221;{}&#8221; custom_padding__hover=&#8221;|||&#8221;][et_pb_text admin_label=&#8221;Text&#8221; _builder_version=&#8221;4.27.4&#8243; header_2_font=&#8221;|600|||||||&#8221; background_size=&#8221;initial&#8221; background_position=&#8221;top_left&#8221; background_repeat=&#8221;repeat&#8221; hover_enabled=&#8221;0&#8243; global_colors_info=&#8221;{}&#8221; link_text_color=&#8221;#C3AE56&#8243; sticky_enabled=&#8221;0&#8243;]<\/p>\n<h2 style=\"text-align: justify;\">Bubbl. si pu\u00f2 usare sugli spumanti? <\/h2>\n<div class=\"flex-1 overflow-hidden\" style=\"text-align: justify;\">\n<div class=\"react-scroll-to-bottom--css-zohin-79elbk h-full dark:bg-gray-800\">\n<div class=\"react-scroll-to-bottom--css-zohin-1n7m0yu\">\n<div class=\"flex flex-col text-sm dark:bg-gray-800\">\n<div class=\"group w-full text-gray-800 dark:text-gray-100 border-b border-black\/10 dark:border-gray-900\/50 bg-gray-50 dark:bg-[#444654]\">\n<div class=\"flex p-4 gap-4 text-base md:gap-6 md:max-w-2xl lg:max-w-[38rem] xl:max-w-3xl md:py-6 lg:px-0 m-auto\">\n<div class=\"relative flex w-[calc(100%-50px)] flex-col gap-1 md:gap-3 lg:w-[calc(100%-115px)]\">\n<div class=\"flex flex-grow flex-col gap-3\">\n<div class=\"min-h-[20px] flex items-start overflow-x-auto whitespace-pre-wrap break-words flex-col gap-4\">\n<div class=\"markdown prose w-full break-words dark:prose-invert light\">\n<p>Assolutamente, <a href=\"https:\/\/www.wikeeps.com\/it\/prodotto\/conservazione-dello-champagne\/conservazione-dello-champagne-aperto\/\">Bubbl.<\/a> non \u00e8 stato progettato solo per conservare lo champagne, ma pu\u00f2 essere utilizzato anche per tutti i tipi di <strong>spumante<\/strong>. Sia che stiate gustando una bottiglia di spumante come il <a href=\"https:\/\/fr.wikipedia.org\/wiki\/Prosecco\"><strong>Prosecco italiano<\/strong><\/a>, il <a href=\"https:\/\/fr.wikipedia.org\/wiki\/Cava_(DO)\"><strong>Cava spagnolo<\/strong><\/a>, il Cr\u00e9mant francese o il Sekt tedesco, Bubbl. vi aiuter\u00e0 a preservare questi vini mantenendo le bollicine e proteggendoli dall&#8217;ossidazione&#8230;  <\/p>\n<p>Utilizzando <a href=\"https:\/\/www.wikeeps.com\/it\/prodotto\/conservazione-dello-champagne\/box-prestige-bubbl-conservation-champagne\/\">Bubbl.<\/a> \u00e8 possibile prolungare la vita di una bottiglia di spumante aperta fino a una settimana, preservando l&#8217;effervescenza e il sapore del vino. Questa \u00e8 un&#8217;ottima notizia per gli amanti dello spumante che vogliono godersi la propria bottiglia per diversi giorni senza compromettere la qualit\u00e0. <\/p>\n<p><img decoding=\"async\" class=\"aligncenter wp-image-22666 size-full\" src=\"https:\/\/www.wikeeps.com\/wp-content\/uploads\/2023\/07\/dan-rooney-VJNVSWXaKkY-unsplash-1-2.jpg\" alt=\"Una persona tiene in mano una bottiglia di champagne \" width=\"640\" height=\"457\" srcset=\"https:\/\/www.wikeeps.com\/wp-content\/uploads\/2023\/07\/dan-rooney-VJNVSWXaKkY-unsplash-1-2.jpg 640w, https:\/\/www.wikeeps.com\/wp-content\/uploads\/2023\/07\/dan-rooney-VJNVSWXaKkY-unsplash-1-2-480x343.jpg 480w\" sizes=\"(min-width: 0px) and (max-width: 480px) 480px, (min-width: 481px) 640px, 100vw\" \/><\/p>\n<p>&nbsp;<\/p>\n<p>Bubbl. utilizza una miscela di gas enologici, composta da 80% CO2 e 20% Azoto, per comprimere il gas presente nella bottiglia di spumante e <a href=\"https:\/\/www.wikeeps.com\/it\/mescita-del-vino-da-wikeeps\/\"><strong>proteggere il vino dall&#8217;ossidazione<\/strong><\/a>. Lo \u201cSmart Cap\u201d assicura una perfetta chiusura, preservando cos\u00ec freschezza ed effervescenza <\/p>\n<p>Si adatta quindi perfettamente a mantenere la qualit\u00e0 delle bottiglie di spumante aperte, rendendolo un accessorio indispensabile per gli amanti delle bollicine.<\/p>\n<p>&nbsp;<\/p>\n<\/div>\n<\/div>\n<\/div>\n<\/div>\n<\/div>\n<\/div>\n<\/div>\n<\/div>\n<\/div>\n<\/div>\n<h2 style=\"text-align: justify;\">Bubbl. si pu\u00f2 usare sul sidro? <\/h2>\n<p style=\"text-align: justify;\">S\u00ec, il sistema Bubbl. pu\u00f2 essere utilizzato anche per conservare bottiglie di sidro aperte. Il sidro, come lo champagne e altri vini spumanti, contiene anidride carbonica (CO2) che gli conferisce l&#8217;effervescenza. Quando si apre una bottiglia di sidro, questa CO2 inizia a fuoriuscire, il che pu\u00f2 portare ad una perdita di bollicine e freschezza.   <\/p>\n<p style=\"text-align: justify;\"><img decoding=\"async\" class=\"aligncenter wp-image-22669 size-full\" src=\"https:\/\/www.wikeeps.com\/wp-content\/uploads\/2023\/07\/giovanna-gomes-_8KV86shhPo-unsplash-1.jpg\" alt=\"\" width=\"640\" height=\"427\" srcset=\"https:\/\/www.wikeeps.com\/wp-content\/uploads\/2023\/07\/giovanna-gomes-_8KV86shhPo-unsplash-1.jpg 640w, https:\/\/www.wikeeps.com\/wp-content\/uploads\/2023\/07\/giovanna-gomes-_8KV86shhPo-unsplash-1-480x320.jpg 480w\" sizes=\"(min-width: 0px) and (max-width: 480px) 480px, (min-width: 481px) 640px, 100vw\" \/><\/p>\n<h2 style=\"text-align: justify;\">Come si confronta con gli altri conservanti per champagne e vini spumanti?<\/h2>\n<p style=\"text-align: justify;\">Il sistema di conservazione Bubbl. si distingue dalle altre soluzioni di conservazione presenti sul mercato grazie al suo approccio unico nel preservare l&#8217;effervescenza degli spumanti e dello champagne. <\/p>\n<p style=\"text-align: justify;\">Innanzitutto ci sono i metodi tradizionali come l&#8217;uso di un cucchiaio o l&#8217;acquisto di un tappo di bottiglia speciale. Questi metodi possono conservare il vino al massimo solo per pochi giorni, che \u00e8 significativamente inferiore alla settimana di conservazione rispetto a Bubbl. pu\u00f2 offrire.  <\/p>\n<p style=\"text-align: justify;\"><img decoding=\"async\" class=\"aligncenter wp-image-22651 size-large\" src=\"https:\/\/www.wikeeps.com\/wp-content\/uploads\/2023\/07\/Bubbl.-conservation-du-champagne-1024x333.png\" alt=\"Bubbl. consente una conservazione efficace di un ambiente\" width=\"1024\" height=\"333\" srcset=\"https:\/\/www.wikeeps.com\/wp-content\/uploads\/2023\/07\/Bubbl.-conservation-du-champagne-980x319.png 980w, https:\/\/www.wikeeps.com\/wp-content\/uploads\/2023\/07\/Bubbl.-conservation-du-champagne-480x156.png 480w\" sizes=\"(min-width: 0px) and (max-width: 480px) 480px, (min-width: 481px) and (max-width: 980px) 980px, (min-width: 981px) 1024px, 100vw\" \/><\/p>\n<p style=\"text-align: justify;\">Infine, Bubbl. si distingue per il tappo \u201cSmart Cap\u201d che garantisce la perfetta chiusura della bottiglia aperta, mantenendo cos\u00ec le caratteristiche di effervescenza e i sapori del vino per una settimana. <\/p>\n<p style=\"text-align: justify;\"><img decoding=\"async\" class=\"aligncenter wp-image-21997 size-full\" src=\"https:\/\/www.wikeeps.com\/wp-content\/uploads\/2023\/06\/Bubbl-Photo.png\" alt=\"Wine preserver by Bubbl. system\" width=\"1024\" height=\"768\" srcset=\"https:\/\/www.wikeeps.com\/wp-content\/uploads\/2023\/06\/Bubbl-Photo.png 1024w, https:\/\/www.wikeeps.com\/wp-content\/uploads\/2023\/06\/Bubbl-Photo-980x735.png 980w, https:\/\/www.wikeeps.com\/wp-content\/uploads\/2023\/06\/Bubbl-Photo-480x360.png 480w\" sizes=\"(min-width: 0px) and (max-width: 480px) 480px, (min-width: 481px) and (max-width: 980px) 980px, (min-width: 981px) 1024px, 100vw\" \/><\/p>\n<h2 style=\"text-align: justify;\">Lo spumante \u00e8 champagne?<\/h2>\n<p style=\"text-align: justify;\"><strong><em>No, lo spumante non \u00e8 necessariamente champagne.<\/em><\/strong> Lo champagne \u00e8 un tipo specifico di vino spumante prodotto nella regione francese dello Champagne. Secondo la legge francese e numerosi accordi internazionali, solo i vini prodotti in questa regione possono portare la denominazione &#8220;Champagne&#8221;. <\/p>\n<p style=\"text-align: justify;\">\u00c8 un termine generico che comprende tutti i vini che contengono bollicine, siano essi prodotti in Francia (compreso lo Champagne, ma anche Cr\u00e9mant, Blanquette de Limoux, ecc.), in Italia (Prosecco, Franciacorta, Asti), Spagna (Cava), Germania (Sekt), USA, Australia, ecc.<\/p>\n<p style=\"text-align: justify;\">Questi vini possono essere prodotti utilizzando diversi metodi, tra cui il metodo tradizionale (o metodo champenoise) utilizzato per lo champagne, ma anche altri metodi come il metodo Charmat o il metodo ancestrale.<\/p>\n<p style=\"text-align: justify;\">Quindi, <em><strong>sebbene tutto lo champagne sia spumante, non tutto lo spumante \u00e8 champagne.<\/strong><\/em><\/p>\n<p>[\/et_pb_text][\/et_pb_column][\/et_pb_row][\/et_pb_section]<\/p>\n","protected":false},"excerpt":{"rendered":"<p>Bubbl. si pu\u00f2 usare sugli spumanti? Assolutamente, Bubbl. non \u00e8 stato progettato solo per conservare lo champagne, ma pu\u00f2 essere utilizzato anche per tutti i tipi di spumante. Sia che stiate gustando una bottiglia di spumante come il Prosecco italiano, il Cava spagnolo, il Cr\u00e9mant francese o il Sekt tedesco, Bubbl. vi aiuter\u00e0 a preservare [&hellip;]<\/p>\n","protected":false},"author":551,"featured_media":22662,"parent":0,"menu_order":0,"comment_status":"closed","ping_status":"closed","template":"","meta":{"_et_pb_use_builder":"on","_et_pb_old_content":"","_et_gb_content_width":"","footnotes":""},"class_list":["post-22716","page","type-page","status-publish","has-post-thumbnail","hentry"],"yoast_head":"<!-- This site is optimized with the Yoast SEO plugin v27.4 - https:\/\/yoast.com\/product\/yoast-seo-wordpress\/ -->\n<title>Bubbl. si pu\u00f2 usare sugli spumanti?<\/title>\n<meta name=\"description\" content=\"Scopri come Bubbl. allunga la vita dei tuoi spumanti stappati, mantenendone le bollicine e proteggendoli dall&#039;ossidazione\" \/>\n<meta name=\"robots\" content=\"index, follow, max-snippet:-1, max-image-preview:large, max-video-preview:-1\" \/>\n<link rel=\"canonical\" href=\"https:\/\/www.wikeeps.com\/it\/spumante\/\" \/>\n<meta property=\"og:locale\" content=\"it_IT\" \/>\n<meta property=\"og:type\" content=\"article\" \/>\n<meta property=\"og:title\" content=\"Bubbl. si pu\u00f2 usare sugli spumanti?\" \/>\n<meta property=\"og:description\" content=\"Scopri come Bubbl. allunga la vita dei tuoi spumanti stappati, mantenendone le bollicine e proteggendoli dall&#039;ossidazione\" \/>\n<meta property=\"og:url\" content=\"https:\/\/www.wikeeps.com\/it\/spumante\/\" \/>\n<meta property=\"og:site_name\" content=\"Wikeeps\" \/>\n<meta property=\"article:publisher\" content=\"https:\/\/www.facebook.com\/wikeepsFr\" \/>\n<meta property=\"article:modified_time\" content=\"2025-01-28T10:56:10+00:00\" \/>\n<meta property=\"og:image\" content=\"https:\/\/www.wikeeps.com\/wp-content\/uploads\/2023\/07\/dan-rooney-VJNVSWXaKkY-unsplash-1.jpg\" \/>\n\t<meta property=\"og:image:width\" content=\"640\" \/>\n\t<meta property=\"og:image:height\" content=\"457\" \/>\n\t<meta property=\"og:image:type\" content=\"image\/jpeg\" \/>\n<meta name=\"twitter:card\" content=\"summary_large_image\" \/>\n<meta name=\"twitter:site\" content=\"@WIKEEPS\" \/>\n<meta name=\"twitter:label1\" content=\"Tempo di lettura stimato\" \/>\n\t<meta name=\"twitter:data1\" content=\"4 minuti\" \/>\n<script type=\"application\/ld+json\" class=\"yoast-schema-graph\">{\"@context\":\"https:\\\/\\\/schema.org\",\"@graph\":[{\"@type\":\"WebPage\",\"@id\":\"https:\\\/\\\/www.wikeeps.com\\\/it\\\/spumante\\\/\",\"url\":\"https:\\\/\\\/www.wikeeps.com\\\/it\\\/spumante\\\/\",\"name\":\"Bubbl. si pu\u00f2 usare sugli spumanti?\",\"isPartOf\":{\"@id\":\"https:\\\/\\\/www.wikeeps.com\\\/it\\\/#website\"},\"primaryImageOfPage\":{\"@id\":\"https:\\\/\\\/www.wikeeps.com\\\/it\\\/spumante\\\/#primaryimage\"},\"image\":{\"@id\":\"https:\\\/\\\/www.wikeeps.com\\\/it\\\/spumante\\\/#primaryimage\"},\"thumbnailUrl\":\"https:\\\/\\\/www.wikeeps.com\\\/wp-content\\\/uploads\\\/2023\\\/07\\\/dan-rooney-VJNVSWXaKkY-unsplash-1.jpg\",\"datePublished\":\"2023-07-19T08:04:14+00:00\",\"dateModified\":\"2025-01-28T10:56:10+00:00\",\"description\":\"Scopri come Bubbl. allunga la vita dei tuoi spumanti stappati, mantenendone le bollicine e proteggendoli dall'ossidazione\",\"breadcrumb\":{\"@id\":\"https:\\\/\\\/www.wikeeps.com\\\/it\\\/spumante\\\/#breadcrumb\"},\"inLanguage\":\"it-IT\",\"potentialAction\":[{\"@type\":\"ReadAction\",\"target\":[\"https:\\\/\\\/www.wikeeps.com\\\/it\\\/spumante\\\/\"]}]},{\"@type\":\"ImageObject\",\"inLanguage\":\"it-IT\",\"@id\":\"https:\\\/\\\/www.wikeeps.com\\\/it\\\/spumante\\\/#primaryimage\",\"url\":\"https:\\\/\\\/www.wikeeps.com\\\/wp-content\\\/uploads\\\/2023\\\/07\\\/dan-rooney-VJNVSWXaKkY-unsplash-1.jpg\",\"contentUrl\":\"https:\\\/\\\/www.wikeeps.com\\\/wp-content\\\/uploads\\\/2023\\\/07\\\/dan-rooney-VJNVSWXaKkY-unsplash-1.jpg\",\"width\":640,\"height\":457,\"caption\":\"Una persona tiene in mano una bottiglia di champagne\"},{\"@type\":\"BreadcrumbList\",\"@id\":\"https:\\\/\\\/www.wikeeps.com\\\/it\\\/spumante\\\/#breadcrumb\",\"itemListElement\":[{\"@type\":\"ListItem\",\"position\":1,\"name\":\"Accueil\",\"item\":\"https:\\\/\\\/www.wikeeps.com\\\/it\\\/vino-al-calice\\\/\"},{\"@type\":\"ListItem\",\"position\":2,\"name\":\"Vino spumante\"}]},{\"@type\":\"WebSite\",\"@id\":\"https:\\\/\\\/www.wikeeps.com\\\/it\\\/#website\",\"url\":\"https:\\\/\\\/www.wikeeps.com\\\/it\\\/\",\"name\":\"Wikeeps\",\"description\":\"Service, a\u00e9ration et conservation | vin au verre\",\"publisher\":{\"@id\":\"https:\\\/\\\/www.wikeeps.com\\\/it\\\/#organization\"},\"potentialAction\":[{\"@type\":\"SearchAction\",\"target\":{\"@type\":\"EntryPoint\",\"urlTemplate\":\"https:\\\/\\\/www.wikeeps.com\\\/it\\\/?s={search_term_string}\"},\"query-input\":{\"@type\":\"PropertyValueSpecification\",\"valueRequired\":true,\"valueName\":\"search_term_string\"}}],\"inLanguage\":\"it-IT\"},{\"@type\":\"Organization\",\"@id\":\"https:\\\/\\\/www.wikeeps.com\\\/it\\\/#organization\",\"name\":\"Wikeeps\",\"url\":\"https:\\\/\\\/www.wikeeps.com\\\/it\\\/\",\"logo\":{\"@type\":\"ImageObject\",\"inLanguage\":\"it-IT\",\"@id\":\"https:\\\/\\\/www.wikeeps.com\\\/it\\\/#\\\/schema\\\/logo\\\/image\\\/\",\"url\":\"https:\\\/\\\/www.wikeeps.com\\\/wp-content\\\/uploads\\\/2025\\\/01\\\/Logo-Wikeeps.png\",\"contentUrl\":\"https:\\\/\\\/www.wikeeps.com\\\/wp-content\\\/uploads\\\/2025\\\/01\\\/Logo-Wikeeps.png\",\"width\":1000,\"height\":184,\"caption\":\"Wikeeps\"},\"image\":{\"@id\":\"https:\\\/\\\/www.wikeeps.com\\\/it\\\/#\\\/schema\\\/logo\\\/image\\\/\"},\"sameAs\":[\"https:\\\/\\\/www.facebook.com\\\/wikeepsFr\",\"https:\\\/\\\/x.com\\\/WIKEEPS\",\"https:\\\/\\\/www.instagram.com\\\/wikeeps\\\/\"]}]}<\/script>\n<!-- \/ Yoast SEO plugin. -->","yoast_head_json":{"title":"Bubbl. si pu\u00f2 usare sugli spumanti?","description":"Scopri come Bubbl. allunga la vita dei tuoi spumanti stappati, mantenendone le bollicine e proteggendoli dall'ossidazione","robots":{"index":"index","follow":"follow","max-snippet":"max-snippet:-1","max-image-preview":"max-image-preview:large","max-video-preview":"max-video-preview:-1"},"canonical":"https:\/\/www.wikeeps.com\/it\/spumante\/","og_locale":"it_IT","og_type":"article","og_title":"Bubbl. si pu\u00f2 usare sugli spumanti?","og_description":"Scopri come Bubbl. allunga la vita dei tuoi spumanti stappati, mantenendone le bollicine e proteggendoli dall'ossidazione","og_url":"https:\/\/www.wikeeps.com\/it\/spumante\/","og_site_name":"Wikeeps","article_publisher":"https:\/\/www.facebook.com\/wikeepsFr","article_modified_time":"2025-01-28T10:56:10+00:00","og_image":[{"width":640,"height":457,"url":"https:\/\/www.wikeeps.com\/wp-content\/uploads\/2023\/07\/dan-rooney-VJNVSWXaKkY-unsplash-1.jpg","type":"image\/jpeg"}],"twitter_card":"summary_large_image","twitter_site":"@WIKEEPS","twitter_misc":{"Tempo di lettura stimato":"4 minuti"},"schema":{"@context":"https:\/\/schema.org","@graph":[{"@type":"WebPage","@id":"https:\/\/www.wikeeps.com\/it\/spumante\/","url":"https:\/\/www.wikeeps.com\/it\/spumante\/","name":"Bubbl. si pu\u00f2 usare sugli spumanti?","isPartOf":{"@id":"https:\/\/www.wikeeps.com\/it\/#website"},"primaryImageOfPage":{"@id":"https:\/\/www.wikeeps.com\/it\/spumante\/#primaryimage"},"image":{"@id":"https:\/\/www.wikeeps.com\/it\/spumante\/#primaryimage"},"thumbnailUrl":"https:\/\/www.wikeeps.com\/wp-content\/uploads\/2023\/07\/dan-rooney-VJNVSWXaKkY-unsplash-1.jpg","datePublished":"2023-07-19T08:04:14+00:00","dateModified":"2025-01-28T10:56:10+00:00","description":"Scopri come Bubbl. allunga la vita dei tuoi spumanti stappati, mantenendone le bollicine e proteggendoli dall'ossidazione","breadcrumb":{"@id":"https:\/\/www.wikeeps.com\/it\/spumante\/#breadcrumb"},"inLanguage":"it-IT","potentialAction":[{"@type":"ReadAction","target":["https:\/\/www.wikeeps.com\/it\/spumante\/"]}]},{"@type":"ImageObject","inLanguage":"it-IT","@id":"https:\/\/www.wikeeps.com\/it\/spumante\/#primaryimage","url":"https:\/\/www.wikeeps.com\/wp-content\/uploads\/2023\/07\/dan-rooney-VJNVSWXaKkY-unsplash-1.jpg","contentUrl":"https:\/\/www.wikeeps.com\/wp-content\/uploads\/2023\/07\/dan-rooney-VJNVSWXaKkY-unsplash-1.jpg","width":640,"height":457,"caption":"Una persona tiene in mano una bottiglia di champagne"},{"@type":"BreadcrumbList","@id":"https:\/\/www.wikeeps.com\/it\/spumante\/#breadcrumb","itemListElement":[{"@type":"ListItem","position":1,"name":"Accueil","item":"https:\/\/www.wikeeps.com\/it\/vino-al-calice\/"},{"@type":"ListItem","position":2,"name":"Vino spumante"}]},{"@type":"WebSite","@id":"https:\/\/www.wikeeps.com\/it\/#website","url":"https:\/\/www.wikeeps.com\/it\/","name":"Wikeeps","description":"Service, a\u00e9ration et conservation | vin au verre","publisher":{"@id":"https:\/\/www.wikeeps.com\/it\/#organization"},"potentialAction":[{"@type":"SearchAction","target":{"@type":"EntryPoint","urlTemplate":"https:\/\/www.wikeeps.com\/it\/?s={search_term_string}"},"query-input":{"@type":"PropertyValueSpecification","valueRequired":true,"valueName":"search_term_string"}}],"inLanguage":"it-IT"},{"@type":"Organization","@id":"https:\/\/www.wikeeps.com\/it\/#organization","name":"Wikeeps","url":"https:\/\/www.wikeeps.com\/it\/","logo":{"@type":"ImageObject","inLanguage":"it-IT","@id":"https:\/\/www.wikeeps.com\/it\/#\/schema\/logo\/image\/","url":"https:\/\/www.wikeeps.com\/wp-content\/uploads\/2025\/01\/Logo-Wikeeps.png","contentUrl":"https:\/\/www.wikeeps.com\/wp-content\/uploads\/2025\/01\/Logo-Wikeeps.png","width":1000,"height":184,"caption":"Wikeeps"},"image":{"@id":"https:\/\/www.wikeeps.com\/it\/#\/schema\/logo\/image\/"},"sameAs":["https:\/\/www.facebook.com\/wikeepsFr","https:\/\/x.com\/WIKEEPS","https:\/\/www.instagram.com\/wikeeps\/"]}]}},"_links":{"self":[{"href":"https:\/\/www.wikeeps.com\/it\/wp-json\/wp\/v2\/pages\/22716","targetHints":{"allow":["GET"]}}],"collection":[{"href":"https:\/\/www.wikeeps.com\/it\/wp-json\/wp\/v2\/pages"}],"about":[{"href":"https:\/\/www.wikeeps.com\/it\/wp-json\/wp\/v2\/types\/page"}],"author":[{"embeddable":true,"href":"https:\/\/www.wikeeps.com\/it\/wp-json\/wp\/v2\/users\/551"}],"replies":[{"embeddable":true,"href":"https:\/\/www.wikeeps.com\/it\/wp-json\/wp\/v2\/comments?post=22716"}],"version-history":[{"count":0,"href":"https:\/\/www.wikeeps.com\/it\/wp-json\/wp\/v2\/pages\/22716\/revisions"}],"wp:featuredmedia":[{"embeddable":true,"href":"https:\/\/www.wikeeps.com\/it\/wp-json\/wp\/v2\/media\/22662"}],"wp:attachment":[{"href":"https:\/\/www.wikeeps.com\/it\/wp-json\/wp\/v2\/media?parent=22716"}],"curies":[{"name":"wp","href":"https:\/\/api.w.org\/{rel}","templated":true}]}}