{"id":20504,"date":"2023-02-10T15:51:19","date_gmt":"2023-02-10T14:51:19","guid":{"rendered":"https:\/\/www.wikeeps.com\/?page_id=20504"},"modified":"2025-03-25T14:00:06","modified_gmt":"2025-03-25T13:00:06","slug":"vino-al-bicchiere","status":"publish","type":"page","link":"https:\/\/www.wikeeps.com\/it\/vino-al-bicchiere\/","title":{"rendered":"Il vino al calice"},"content":{"rendered":"<p>[et_pb_section fb_built=&#8221;1&#8243; admin_label=&#8221;section&#8221; _builder_version=&#8221;4.16&#8243; custom_padding=&#8221;2px|||||&#8221; global_colors_info=&#8221;{}&#8221;][et_pb_row use_custom_gutter=&#8221;on&#8221; gutter_width=&#8221;1&#8243; _builder_version=&#8221;4.27.4&#8243; background_enable_color=&#8221;off&#8221; background_size=&#8221;initial&#8221; background_position=&#8221;top_left&#8221; background_repeat=&#8221;repeat&#8221; width=&#8221;100%&#8221; custom_margin=&#8221;27px|auto||auto||&#8221; custom_padding=&#8221;40px|0px|14px|0px|false|true&#8221; animation_style=&#8221;slide&#8221; animation_direction=&#8221;left&#8221; animation_duration=&#8221;800ms&#8221; animation_intensity_slide=&#8221;30%&#8221; global_colors_info=&#8221;{}&#8221;][et_pb_column type=&#8221;4_4&#8243; _builder_version=&#8221;4.16&#8243; custom_padding=&#8221;|||&#8221; global_colors_info=&#8221;{}&#8221; custom_padding__hover=&#8221;|||&#8221;][et_pb_post_title meta=&#8221;off&#8221; featured_image=&#8221;off&#8221; _builder_version=&#8221;4.27.4&#8243; _module_preset=&#8221;default&#8221; title_font=&#8221;|700||on|||||&#8221; title_text_align=&#8221;center&#8221; title_text_color=&#8221;#000000&#8243; title_font_size=&#8221;30px&#8221; global_colors_info=&#8221;{}&#8221;][\/et_pb_post_title][et_pb_divider color=&#8221;#000000&#8243; divider_weight=&#8221;3px&#8221; _builder_version=&#8221;4.27.3&#8243; _module_preset=&#8221;default&#8221; width=&#8221;16%&#8221; module_alignment=&#8221;center&#8221; global_colors_info=&#8221;{}&#8221;][\/et_pb_divider][et_pb_text admin_label=&#8221;Text&#8221; _builder_version=&#8221;4.27.4&#8243; header_font_size=&#8221;29px&#8221; header_2_font_size=&#8221;23px&#8221; header_2_line_height=&#8221;1.2em&#8221; background_size=&#8221;initial&#8221; background_position=&#8221;top_left&#8221; background_repeat=&#8221;repeat&#8221; global_colors_info=&#8221;{}&#8221;]<\/p>\n<h2 style=\"text-align: center;\"><strong>Migliora l&#8217;esperienza del vino e dello champagne per i tuoi clienti nel tuo locale con il vino al calice<\/strong><\/h2>\n<p>[\/et_pb_text][\/et_pb_column][\/et_pb_row][et_pb_row admin_label=&#8221;row&#8221; _builder_version=&#8221;4.16&#8243; background_size=&#8221;initial&#8221; background_position=&#8221;top_left&#8221; background_repeat=&#8221;repeat&#8221; global_colors_info=&#8221;{}&#8221;][et_pb_column type=&#8221;4_4&#8243; _builder_version=&#8221;4.16&#8243; custom_padding=&#8221;|||&#8221; global_colors_info=&#8221;{}&#8221; custom_padding__hover=&#8221;|||&#8221;][et_pb_text admin_label=&#8221;Text&#8221; _builder_version=&#8221;4.27.4&#8243; background_size=&#8221;initial&#8221; background_position=&#8221;top_left&#8221; background_repeat=&#8221;repeat&#8221; global_colors_info=&#8221;{}&#8221;]<\/p>\n<ul>\n<li>Aumentate le vostre vendite del 30% offrendo un menu di <strong>vini di qualit\u00e0 al calice<\/strong><\/li>\n<li>Servire il vino al calice \u00e8 di moda e i clienti di tutto il mondo apprezzano questa offerta<\/li>\n<li>Offri una degustazione prolungata di Champagne o <a href=\"https:\/\/www.wikeeps.com\/it\/prosecco\/\">Prosecco<\/a> e altri vini spumanti versandoli senza timore di perdite operative<\/li>\n<li>energizza l\u2019esperienza di degustazione della tua cantina e fatti riconoscere come professionista del vino.<\/li>\n<\/ul>\n<h2 class=\"underline\"><strong>Aggiornare e <span class=\"gold\">aumentare lo scontrino<\/span> medio della vostra offerta di vino al calice<\/strong><\/h2>\n<p><strong><\/strong><\/p>\n<p>Il Wikeeps (<span style=\"color: #ff0000;\">per vini fermi<\/span>) e i <span style=\"color: #ff0000;\">Bubbl. (vini spumanti)<\/span> consente di liberare le bottiglie conservate in cantina che hanno difficolt\u00e0 a essere vendute intere. Vendere una bottiglia in pi\u00f9 bicchieri \u00e8 spesso pi\u00f9 semplice e consente una migliore rotazione del prodotto e l&#8217;ottimizzazione del suo prezzo. Wikeeps vi permette &#8211; senza essere una grande cantina con una vetrina che espone centinaia di prodotti, come un hotel, un ristorante, un bar o un tavolo a Parigi &#8211; di portare il servizio del vino, il controllo della temperatura e la conservazione per diverse settimane a un livello professionale senza bisogno di una grande macchina o di un dispenser.<\/p>\n<p><strong>Tagliandoli al bicchiere, potete anche offrire ai vostri clienti i \u201cpreferiti\u201d<\/strong>, vini che non osavate offrire prima e i cui prezzi possono essere leggermente pi\u00f9 alti. In questo modo avrete l&#8217;opportunit\u00e0 di aumentare il numero di ristoranti aperti. Le recensioni dei clienti si moltiplicheranno e la degustazione di vini diventer\u00e0 la firma del vostro locale: bar, buffet, ristorante e hotel.<\/p>\n<p>In abbinamento alle <a href=\"https:\/\/www.wikeeps.com\/it\/cantina\/cantinetta-vini\/\"><strong>cantinette da banco Wibox<\/strong><\/a>, i tuoi vini non solo vengono serviti alla temperatura ideale, ma vengono anche messi in risalto e le etichette cos\u00ec valorizzate susciteranno ancora pi\u00f9 interesse verso la tua offerta di <strong>vini al bicchiere.<\/strong><\/p>\n<p>Le nostre cantine sono <strong>compatte ed eleganti,<\/strong> progettate per servire il vino al bicchiere alla temperatura ideale, da 2 a 8 bottiglie, ciascuna dotata del sistema Wikeeps per l&#8217;aerazione e la conservazione per 3 o 4 settimane. Il prezzo di tutti questi articoli \u00e8 basso (<em>a differenza di una vetrina o di un distributore di tipo mobile<\/em>) e il ritorno dell&#8217;investimento \u00e8 molto rapido!<br \/>Vous y mettrez votre meilleur vin, les ref de votre cave qui sont les plus embl\u00e9matiques.<\/p>\n<h2><strong>Ridurre le perdite su vini e champagne <\/strong><\/h2>\n<p>Sia per i vini che per gli champagne, un sistema Wikeeps combinato con una <span style=\"text-decoration: underline;\">cantina per il controllo della temperatura<\/span>, il servizio e la conservazione \u00e8 unico. I vostri profitti aumenteranno dal 50% al 100%, a seconda del volume di vino al bicchiere e del prezzo di taglio della bottiglia.<\/p>\n<p>Potrete cos\u00ec riporre le vostre bottiglie immobilizzate nella vostra cantina, controllando cos\u00ec meglio le vostre scorte, senza dover passare ad un nuovo formato di contenitore o investire molto in una vetrina o un distributore di vino tipo Winefit.<\/p>\n<p>\n<script async=\"\" src=\"\/\/www.instagram.com\/embed.js\"><\/script>\n<\/p>\n<p>[\/et_pb_text][et_pb_video src=&#8221;https:\/\/youtube.com\/shorts\/UfAQZIQjBtw?si=df0ffGF63_KcmLDN&#8221; _builder_version=&#8221;4.27.4&#8243; _module_preset=&#8221;default&#8221; global_colors_info=&#8221;{}&#8221;][\/et_pb_video][et_pb_text admin_label=&#8221;Text&#8221; _builder_version=&#8221;4.27.4&#8243; background_size=&#8221;initial&#8221; background_position=&#8221;top_left&#8221; background_repeat=&#8221;repeat&#8221; global_colors_info=&#8221;{}&#8221;]<\/p>\n<ul><\/ul>\n<h2 style=\"text-align: center;\"><strong>L&#8217;eleganza francese del servizio del vino al calice da Wikeeps<\/strong><\/h2>\n<h3 style=\"text-align: center;\">Wikeeps \u00e8 realizzato con <strong>materiali nobili,<\/strong> eleganti e durevoli: <strong>acciaio inossidabile forgiato, cappuccio e pistola cromati.<\/strong><\/h3>\n<p><img decoding=\"async\" class=\"alignnone wp-image-20537 aligncenter\" src=\"https:\/\/www.wikeeps.com\/wp-content\/uploads\/2023\/02\/1675861171136-e1675870852721-200x300.jpg\" alt=\"Vino al bicchiere di Barolo con Wikeeps\" width=\"231\" height=\"347\" \/><\/p>\n<h2><\/h2>\n<p>L&#8217;installazione richiede 30 secondi.<\/p>\n<p>Il suo utilizzo si \u00e8 <strong>rivelato semplice<\/strong>, l&#8217;unica manutenzione \u00e8 il risciacquo del beccuccio di servizio con <strong>acqua pulita<\/strong> durante il cambio del vino.<\/p>\n<p>La sua durabilit\u00e0 non ha pi\u00f9 bisogno di essere provata: sono ormai 10 anni che i sommelier di tutto il mondo utilizzano questa soluzione per servire il loro vino al bicchiere.<\/p>\n<p>L&#8217;installazione richiede 30 secondi.<\/p>\n<p>Ti piace il sistema e vorresti offrire pi\u00f9 prodotti, pi\u00f9 bottiglie in vendita al bicchiere nei tuoi ristoranti parigini?<br \/>Nessun problema. Puoi aggiungere tanti <a href=\"https:\/\/www.wikeeps.com\/accessoires-vin\/coffret-service-vin\/\"><strong>kit di servizio<\/strong><\/a> per aumentare il numero di bottiglie servite al bicchiere che desideri.<\/p>\n<p>Questo ovviamente non \u00e8 possibile se si sceglie un distributore o una vetrina oppure si sceglie il numero di bottiglie prima dell&#8217;installazione, che ne determina anche il prezzo. Sarai quindi tu a determinare la capacit\u00e0 della macchina \u201cWikeeps\u201d definendo il numero di tappi in acciaio inox per il numero di prodotti che il tuo hotel, il tuo ristorante o il tuo buffet bar potranno utilizzare.<\/p>\n<p>Il tuo bar o ristorante predilige la vendita sia di <strong>vini fermi che di champagne?<\/strong> Puoi poi dotare il tuo spumante del \u201ctappo intelligente\u201d che, abbinato alle nostre cartucce di gas CO2\/N2, permette di chiudere perfettamente la bottiglia per 7 giorni di conservazione della tua bottiglia di champagne.<\/p>\n<p>Le bottiglie di champagne cos\u00ec promesse da conservare e portare a temperatura saranno molto apprezzate dal cliente.<br \/>Offrire una degustazione di annate non \u00e8 pi\u00f9 la panacea delle grandi cantine&#8230; anche i bicchieri serviti possono restare abbordabili quando si sa che non ci sono pi\u00f9 perdite.<\/p>\n<p>Con Wikeeps troverete tutti gli accessori necessari per facilitare il lavoro del professionista del vino, senza mai sostituire la mano umana&#8230;<\/p>\n<p>Volete un cigaro ?<\/p>\n<p class=\"p1\" style=\"text-align: center;\">\n<p>[\/et_pb_text][\/et_pb_column][\/et_pb_row][et_pb_row _builder_version=&#8221;4.27.4&#8243; _module_preset=&#8221;default&#8221; global_colors_info=&#8221;{}&#8221;][et_pb_column type=&#8221;4_4&#8243; _builder_version=&#8221;4.27.4&#8243; _module_preset=&#8221;default&#8221; global_colors_info=&#8221;{}&#8221;][et_pb_text _builder_version=&#8221;4.27.4&#8243; _module_preset=&#8221;default&#8221; hover_enabled=&#8221;0&#8243; global_colors_info=&#8221;{}&#8221; sticky_enabled=&#8221;0&#8243;]<\/p>\n<h2 style=\"text-align: center;\">\u201cChampagne al calice? Il ristoratore ha troppa paura delle perdite&#8230;..\u201d<\/h2>\n<p>[\/et_pb_text][\/et_pb_column][\/et_pb_row][et_pb_row _builder_version=&#8221;4.27.4&#8243; _module_preset=&#8221;default&#8221; global_colors_info=&#8221;{}&#8221;][et_pb_column type=&#8221;4_4&#8243; _builder_version=&#8221;4.27.4&#8243; _module_preset=&#8221;default&#8221; global_colors_info=&#8221;{}&#8221;][et_pb_video src=&#8221;https:\/\/youtu.be\/gzh0KOWLv_s?si=VBMeXBsf-D37Qqqp&#8221; _builder_version=&#8221;4.27.4&#8243; _module_preset=&#8221;default&#8221; global_colors_info=&#8221;{}&#8221;][\/et_pb_video][\/et_pb_column][\/et_pb_row][et_pb_row admin_label=&#8221;row&#8221; _builder_version=&#8221;4.16&#8243; background_size=&#8221;initial&#8221; background_position=&#8221;top_left&#8221; background_repeat=&#8221;repeat&#8221; global_colors_info=&#8221;{}&#8221;][et_pb_column type=&#8221;4_4&#8243; _builder_version=&#8221;4.16&#8243; custom_padding=&#8221;|||&#8221; global_colors_info=&#8221;{}&#8221; custom_padding__hover=&#8221;|||&#8221;][et_pb_text admin_label=&#8221;Text&#8221; _builder_version=&#8221;4.27.4&#8243; background_size=&#8221;initial&#8221; background_position=&#8221;top_left&#8221; background_repeat=&#8221;repeat&#8221; global_colors_info=&#8221;{}&#8221;]<\/p>\n<ul><\/ul>\n<p>&nbsp;<\/p>\n<h2 style=\"text-align: center;\"><strong>L&#8217;INTERESSE DEL SISTEMA BUBBL. ?<\/strong><br \/><strong>SVILUPPARE UNA CARTA CHAMPAGNE IN BICCHIERE SENZA PERDITE<\/strong><\/h2>\n<p>Da oltre 10 anni Wikeeps \u00e8 specializzata nello sviluppo di gas enologici in collaborazione con il partner tedesco Linde.<\/p>\n<p><strong>Linde \u00e8 il principale fornitore mondiale di gas alimentari, in particolare per l&#8217;industria vinicola.<\/strong><\/p>\n<p>Wikeeps come Bubbl. utilizzare <a href=\"https:\/\/www.wikeeps.com\/it\/cantina\/capsule-argon\/\">cartucce di gas.<\/a><br \/>Il loro formato da 21ml ti permette di viaggiare senza vincoli e in tutto il mondo grazie ai nostri accordi con corrieri internazionali come DHL.<\/p>\n<p>Per il vino, il costo per servire un <strong>vino al bicchiere<\/strong> con Wikeeps \u00e8 di circa <strong>0,20\u20ac<\/strong>.<br \/>Questo <strong>costo \u00e8 contenuto<\/strong> (1 cartuccia costa 4\u20ac e permette di servire 4 bottiglie).<\/p>\n<p>Anche per lo <strong>Champagne<\/strong>, una <strong>cartuccia costa 3,5\u20ac<\/strong> e consente la conservazione di 5 bottiglie, ovvero <strong>0,70\u20ac di costo operativo per bottiglia.<\/strong><\/p>\n<h2 style=\"text-align: center;\"><strong><\/strong><\/h2>\n<h2 style=\"text-align: center;\"><strong>La struttura di vino al calice Wikeeps + Bubbl. nella vostra organizzazione<\/strong><\/h2>\n<p style=\"text-align: center;\"><span style=\"color: #ff0000;\">Semplice, in 3 passaggi.<\/span><\/p>\n<p><img decoding=\"async\" class=\"wp-image-250 size-full aligncenter\" role=\"img\" src=\"https:\/\/www.d-vine.com\/wp-content\/uploads\/one.svg\" alt=\"\" width=\"40\" height=\"60\" \/><\/p>\n<p style=\"text-align: center;\"><strong>Contattateci su contact@wikeeps.com o sul <a href=\"https:\/\/www.wikeeps.com\/it\/contatto\/\">nostro modulo<\/a> per sapere qual \u00e8 il formato pi\u00f9 adatto alla vostra struttura.<\/strong><\/p>\n<p class=\"p1\"><img decoding=\"async\" class=\"wp-image-249 size-full aligncenter\" role=\"img\" src=\"https:\/\/www.d-vine.com\/wp-content\/uploads\/two.svg\" alt=\"\" width=\"40\" height=\"60\" \/><\/p>\n<p class=\"p1\" style=\"text-align: center;\"><strong>Una volta scelta la vostra offerta, ve la consegneremo e vi accompagneremo nel processo di installazione, che rimane semplice e intuitivo.<\/strong><\/p>\n<p class=\"p1\"><img decoding=\"async\" class=\"wp-image-251 size-full aligncenter\" role=\"img\" src=\"https:\/\/www.d-vine.com\/wp-content\/uploads\/three.svg\" alt=\"\" width=\"40\" height=\"60\" \/><\/p>\n<p class=\"p1\" style=\"text-align: center;\"><strong>Potete iniziare o arricchire subito la vostra offerta di vini al bicchiere, sia fermi che spumanti.<\/strong><\/p>\n<p>[\/et_pb_text][\/et_pb_column][\/et_pb_row][\/et_pb_section]<\/p>\n","protected":false},"excerpt":{"rendered":"<p>Migliora l&#8217;esperienza del vino e dello champagne per i tuoi clienti nel tuo locale con il vino al calice Aumentate le vostre vendite del 30% offrendo un menu di vini di qualit\u00e0 al calice Servire il vino al calice \u00e8 di moda e i clienti di tutto il mondo apprezzano questa offerta Offri una degustazione [&hellip;]<\/p>\n","protected":false},"author":551,"featured_media":0,"parent":0,"menu_order":0,"comment_status":"closed","ping_status":"closed","template":"","meta":{"_et_pb_use_builder":"on","_et_pb_old_content":"","_et_gb_content_width":"","footnotes":""},"class_list":["post-20504","page","type-page","status-publish","hentry"],"yoast_head":"<!-- This site is optimized with the Yoast SEO plugin v27.6 - https:\/\/yoast.com\/product\/yoast-seo-wordpress\/ -->\n<title>Vino al Calice da Wikeeps<\/title>\n<meta name=\"description\" content=\"Vino al calice: Wikeeps e Bubbl. Semplici e immediati da allestire, con margini controllati per un&#039;esperienza di degustazione unica.\" \/>\n<meta name=\"robots\" content=\"index, follow, max-snippet:-1, max-image-preview:large, max-video-preview:-1\" \/>\n<link rel=\"canonical\" href=\"https:\/\/www.wikeeps.com\/it\/vino-al-bicchiere\/\" \/>\n<meta property=\"og:locale\" content=\"it_IT\" \/>\n<meta property=\"og:type\" content=\"article\" \/>\n<meta property=\"og:title\" content=\"Vino al Calice da Wikeeps\" \/>\n<meta property=\"og:description\" content=\"Vino al calice: Wikeeps e Bubbl. Semplici e immediati da allestire, con margini controllati per un&#039;esperienza di degustazione unica.\" \/>\n<meta property=\"og:url\" content=\"https:\/\/www.wikeeps.com\/it\/vino-al-bicchiere\/\" \/>\n<meta property=\"og:site_name\" content=\"Wikeeps\" \/>\n<meta property=\"article:publisher\" content=\"https:\/\/www.facebook.com\/wikeepsFr\" \/>\n<meta property=\"article:modified_time\" content=\"2025-03-25T13:00:06+00:00\" \/>\n<meta property=\"og:image\" content=\"https:\/\/www.wikeeps.com\/wp-content\/uploads\/2023\/02\/1675861171136-e1675870852721.jpg\" \/>\n\t<meta property=\"og:image:width\" content=\"666\" \/>\n\t<meta property=\"og:image:height\" content=\"1000\" \/>\n\t<meta property=\"og:image:type\" content=\"image\/jpeg\" \/>\n<meta name=\"twitter:card\" content=\"summary_large_image\" \/>\n<meta name=\"twitter:site\" content=\"@WIKEEPS\" \/>\n<meta name=\"twitter:label1\" content=\"Tempo di lettura stimato\" \/>\n\t<meta name=\"twitter:data1\" content=\"5 minuti\" \/>\n<script type=\"application\/ld+json\" class=\"yoast-schema-graph\">{\"@context\":\"https:\\\/\\\/schema.org\",\"@graph\":[{\"@type\":\"WebPage\",\"@id\":\"https:\\\/\\\/www.wikeeps.com\\\/it\\\/vino-al-bicchiere\\\/\",\"url\":\"https:\\\/\\\/www.wikeeps.com\\\/it\\\/vino-al-bicchiere\\\/\",\"name\":\"Vino al Calice da Wikeeps\",\"isPartOf\":{\"@id\":\"https:\\\/\\\/www.wikeeps.com\\\/it\\\/#website\"},\"primaryImageOfPage\":{\"@id\":\"https:\\\/\\\/www.wikeeps.com\\\/it\\\/vino-al-bicchiere\\\/#primaryimage\"},\"image\":{\"@id\":\"https:\\\/\\\/www.wikeeps.com\\\/it\\\/vino-al-bicchiere\\\/#primaryimage\"},\"thumbnailUrl\":\"https:\\\/\\\/www.wikeeps.com\\\/wp-content\\\/uploads\\\/2023\\\/02\\\/1675861171136-e1675870852721-200x300.jpg\",\"datePublished\":\"2023-02-10T14:51:19+00:00\",\"dateModified\":\"2025-03-25T13:00:06+00:00\",\"description\":\"Vino al calice: Wikeeps e Bubbl. Semplici e immediati da allestire, con margini controllati per un'esperienza di degustazione unica.\",\"breadcrumb\":{\"@id\":\"https:\\\/\\\/www.wikeeps.com\\\/it\\\/vino-al-bicchiere\\\/#breadcrumb\"},\"inLanguage\":\"it-IT\",\"potentialAction\":[{\"@type\":\"ReadAction\",\"target\":[\"https:\\\/\\\/www.wikeeps.com\\\/it\\\/vino-al-bicchiere\\\/\"]}]},{\"@type\":\"ImageObject\",\"inLanguage\":\"it-IT\",\"@id\":\"https:\\\/\\\/www.wikeeps.com\\\/it\\\/vino-al-bicchiere\\\/#primaryimage\",\"url\":\"https:\\\/\\\/www.wikeeps.com\\\/wp-content\\\/uploads\\\/2023\\\/02\\\/1675861171136-e1675870852721-200x300.jpg\",\"contentUrl\":\"https:\\\/\\\/www.wikeeps.com\\\/wp-content\\\/uploads\\\/2023\\\/02\\\/1675861171136-e1675870852721-200x300.jpg\"},{\"@type\":\"BreadcrumbList\",\"@id\":\"https:\\\/\\\/www.wikeeps.com\\\/it\\\/vino-al-bicchiere\\\/#breadcrumb\",\"itemListElement\":[{\"@type\":\"ListItem\",\"position\":1,\"name\":\"Accueil\",\"item\":\"https:\\\/\\\/www.wikeeps.com\\\/it\\\/vino-al-calice\\\/\"},{\"@type\":\"ListItem\",\"position\":2,\"name\":\"Il vino al calice\"}]},{\"@type\":\"WebSite\",\"@id\":\"https:\\\/\\\/www.wikeeps.com\\\/it\\\/#website\",\"url\":\"https:\\\/\\\/www.wikeeps.com\\\/it\\\/\",\"name\":\"Wikeeps\",\"description\":\"Service, a\u00e9ration et conservation | vin au verre\",\"publisher\":{\"@id\":\"https:\\\/\\\/www.wikeeps.com\\\/it\\\/#organization\"},\"potentialAction\":[{\"@type\":\"SearchAction\",\"target\":{\"@type\":\"EntryPoint\",\"urlTemplate\":\"https:\\\/\\\/www.wikeeps.com\\\/it\\\/?s={search_term_string}\"},\"query-input\":{\"@type\":\"PropertyValueSpecification\",\"valueRequired\":true,\"valueName\":\"search_term_string\"}}],\"inLanguage\":\"it-IT\"},{\"@type\":\"Organization\",\"@id\":\"https:\\\/\\\/www.wikeeps.com\\\/it\\\/#organization\",\"name\":\"Wikeeps\",\"url\":\"https:\\\/\\\/www.wikeeps.com\\\/it\\\/\",\"logo\":{\"@type\":\"ImageObject\",\"inLanguage\":\"it-IT\",\"@id\":\"https:\\\/\\\/www.wikeeps.com\\\/it\\\/#\\\/schema\\\/logo\\\/image\\\/\",\"url\":\"https:\\\/\\\/www.wikeeps.com\\\/wp-content\\\/uploads\\\/2025\\\/01\\\/Logo-Wikeeps.png\",\"contentUrl\":\"https:\\\/\\\/www.wikeeps.com\\\/wp-content\\\/uploads\\\/2025\\\/01\\\/Logo-Wikeeps.png\",\"width\":1000,\"height\":184,\"caption\":\"Wikeeps\"},\"image\":{\"@id\":\"https:\\\/\\\/www.wikeeps.com\\\/it\\\/#\\\/schema\\\/logo\\\/image\\\/\"},\"sameAs\":[\"https:\\\/\\\/www.facebook.com\\\/wikeepsFr\",\"https:\\\/\\\/x.com\\\/WIKEEPS\",\"https:\\\/\\\/www.instagram.com\\\/wikeeps\\\/\"]}]}<\/script>\n<!-- \/ Yoast SEO plugin. -->","yoast_head_json":{"title":"Vino al Calice da Wikeeps","description":"Vino al calice: Wikeeps e Bubbl. Semplici e immediati da allestire, con margini controllati per un'esperienza di degustazione unica.","robots":{"index":"index","follow":"follow","max-snippet":"max-snippet:-1","max-image-preview":"max-image-preview:large","max-video-preview":"max-video-preview:-1"},"canonical":"https:\/\/www.wikeeps.com\/it\/vino-al-bicchiere\/","og_locale":"it_IT","og_type":"article","og_title":"Vino al Calice da Wikeeps","og_description":"Vino al calice: Wikeeps e Bubbl. Semplici e immediati da allestire, con margini controllati per un'esperienza di degustazione unica.","og_url":"https:\/\/www.wikeeps.com\/it\/vino-al-bicchiere\/","og_site_name":"Wikeeps","article_publisher":"https:\/\/www.facebook.com\/wikeepsFr","article_modified_time":"2025-03-25T13:00:06+00:00","og_image":[{"width":666,"height":1000,"url":"https:\/\/www.wikeeps.com\/wp-content\/uploads\/2023\/02\/1675861171136-e1675870852721.jpg","type":"image\/jpeg"}],"twitter_card":"summary_large_image","twitter_site":"@WIKEEPS","twitter_misc":{"Tempo di lettura stimato":"5 minuti"},"schema":{"@context":"https:\/\/schema.org","@graph":[{"@type":"WebPage","@id":"https:\/\/www.wikeeps.com\/it\/vino-al-bicchiere\/","url":"https:\/\/www.wikeeps.com\/it\/vino-al-bicchiere\/","name":"Vino al Calice da Wikeeps","isPartOf":{"@id":"https:\/\/www.wikeeps.com\/it\/#website"},"primaryImageOfPage":{"@id":"https:\/\/www.wikeeps.com\/it\/vino-al-bicchiere\/#primaryimage"},"image":{"@id":"https:\/\/www.wikeeps.com\/it\/vino-al-bicchiere\/#primaryimage"},"thumbnailUrl":"https:\/\/www.wikeeps.com\/wp-content\/uploads\/2023\/02\/1675861171136-e1675870852721-200x300.jpg","datePublished":"2023-02-10T14:51:19+00:00","dateModified":"2025-03-25T13:00:06+00:00","description":"Vino al calice: Wikeeps e Bubbl. Semplici e immediati da allestire, con margini controllati per un'esperienza di degustazione unica.","breadcrumb":{"@id":"https:\/\/www.wikeeps.com\/it\/vino-al-bicchiere\/#breadcrumb"},"inLanguage":"it-IT","potentialAction":[{"@type":"ReadAction","target":["https:\/\/www.wikeeps.com\/it\/vino-al-bicchiere\/"]}]},{"@type":"ImageObject","inLanguage":"it-IT","@id":"https:\/\/www.wikeeps.com\/it\/vino-al-bicchiere\/#primaryimage","url":"https:\/\/www.wikeeps.com\/wp-content\/uploads\/2023\/02\/1675861171136-e1675870852721-200x300.jpg","contentUrl":"https:\/\/www.wikeeps.com\/wp-content\/uploads\/2023\/02\/1675861171136-e1675870852721-200x300.jpg"},{"@type":"BreadcrumbList","@id":"https:\/\/www.wikeeps.com\/it\/vino-al-bicchiere\/#breadcrumb","itemListElement":[{"@type":"ListItem","position":1,"name":"Accueil","item":"https:\/\/www.wikeeps.com\/it\/vino-al-calice\/"},{"@type":"ListItem","position":2,"name":"Il vino al calice"}]},{"@type":"WebSite","@id":"https:\/\/www.wikeeps.com\/it\/#website","url":"https:\/\/www.wikeeps.com\/it\/","name":"Wikeeps","description":"Service, a\u00e9ration et conservation | vin au verre","publisher":{"@id":"https:\/\/www.wikeeps.com\/it\/#organization"},"potentialAction":[{"@type":"SearchAction","target":{"@type":"EntryPoint","urlTemplate":"https:\/\/www.wikeeps.com\/it\/?s={search_term_string}"},"query-input":{"@type":"PropertyValueSpecification","valueRequired":true,"valueName":"search_term_string"}}],"inLanguage":"it-IT"},{"@type":"Organization","@id":"https:\/\/www.wikeeps.com\/it\/#organization","name":"Wikeeps","url":"https:\/\/www.wikeeps.com\/it\/","logo":{"@type":"ImageObject","inLanguage":"it-IT","@id":"https:\/\/www.wikeeps.com\/it\/#\/schema\/logo\/image\/","url":"https:\/\/www.wikeeps.com\/wp-content\/uploads\/2025\/01\/Logo-Wikeeps.png","contentUrl":"https:\/\/www.wikeeps.com\/wp-content\/uploads\/2025\/01\/Logo-Wikeeps.png","width":1000,"height":184,"caption":"Wikeeps"},"image":{"@id":"https:\/\/www.wikeeps.com\/it\/#\/schema\/logo\/image\/"},"sameAs":["https:\/\/www.facebook.com\/wikeepsFr","https:\/\/x.com\/WIKEEPS","https:\/\/www.instagram.com\/wikeeps\/"]}]}},"_links":{"self":[{"href":"https:\/\/www.wikeeps.com\/it\/wp-json\/wp\/v2\/pages\/20504","targetHints":{"allow":["GET"]}}],"collection":[{"href":"https:\/\/www.wikeeps.com\/it\/wp-json\/wp\/v2\/pages"}],"about":[{"href":"https:\/\/www.wikeeps.com\/it\/wp-json\/wp\/v2\/types\/page"}],"author":[{"embeddable":true,"href":"https:\/\/www.wikeeps.com\/it\/wp-json\/wp\/v2\/users\/551"}],"replies":[{"embeddable":true,"href":"https:\/\/www.wikeeps.com\/it\/wp-json\/wp\/v2\/comments?post=20504"}],"version-history":[{"count":0,"href":"https:\/\/www.wikeeps.com\/it\/wp-json\/wp\/v2\/pages\/20504\/revisions"}],"wp:attachment":[{"href":"https:\/\/www.wikeeps.com\/it\/wp-json\/wp\/v2\/media?parent=20504"}],"curies":[{"name":"wp","href":"https:\/\/api.w.org\/{rel}","templated":true}]}}