{"id":16344,"date":"2022-01-27T12:48:31","date_gmt":"2022-01-27T11:48:31","guid":{"rendered":"https:\/\/www.wikeeps.com\/informazioni-legali\/"},"modified":"2025-01-27T11:15:51","modified_gmt":"2025-01-27T10:15:51","slug":"informazioni-legali","status":"publish","type":"page","link":"https:\/\/www.wikeeps.com\/it\/informazioni-legali\/","title":{"rendered":"Informazioni legali"},"content":{"rendered":"<p>[et_pb_section fb_built=&#8221;1&#8243; admin_label=&#8221;section&#8221; _builder_version=&#8221;4.16&#8243; global_colors_info=&#8221;{}&#8221; custom_padding=&#8221;3px|||||&#8221;][et_pb_row use_custom_gutter=&#8221;on&#8221; gutter_width=&#8221;1&#8243; _builder_version=&#8221;4.27.4&#8243; background_enable_color=&#8221;off&#8221; background_size=&#8221;initial&#8221; background_position=&#8221;top_left&#8221; background_repeat=&#8221;repeat&#8221; width=&#8221;100%&#8221; custom_margin=&#8221;27px|auto||auto||&#8221; custom_padding=&#8221;40px|0px|14px|0px|false|true&#8221; animation_style=&#8221;slide&#8221; animation_direction=&#8221;left&#8221; animation_duration=&#8221;800ms&#8221; animation_intensity_slide=&#8221;30%&#8221; global_colors_info=&#8221;{}&#8221; theme_builder_area=&#8221;post_content&#8221;][et_pb_column type=&#8221;4_4&#8243; _builder_version=&#8221;4.16&#8243; custom_padding=&#8221;|||&#8221; global_colors_info=&#8221;{}&#8221; custom_padding__hover=&#8221;|||&#8221; theme_builder_area=&#8221;post_content&#8221;][et_pb_post_title meta=&#8221;off&#8221; featured_image=&#8221;off&#8221; _builder_version=&#8221;4.27.4&#8243; _module_preset=&#8221;default&#8221; title_font=&#8221;|700||on|||||&#8221; title_text_align=&#8221;center&#8221; title_text_color=&#8221;#000000&#8243; title_font_size=&#8221;30px&#8221; global_colors_info=&#8221;{}&#8221; theme_builder_area=&#8221;post_content&#8221;][\/et_pb_post_title][et_pb_divider color=&#8221;#000000&#8243; divider_weight=&#8221;3px&#8221; _builder_version=&#8221;4.27.3&#8243; _module_preset=&#8221;default&#8221; width=&#8221;16%&#8221; module_alignment=&#8221;center&#8221; global_colors_info=&#8221;{}&#8221; theme_builder_area=&#8221;post_content&#8221;][\/et_pb_divider][\/et_pb_column][\/et_pb_row][et_pb_row admin_label=&#8221;row&#8221; _builder_version=&#8221;4.16&#8243; background_size=&#8221;initial&#8221; background_position=&#8221;top_left&#8221; background_repeat=&#8221;repeat&#8221; global_colors_info=&#8221;{}&#8221; custom_padding=&#8221;0px|||||&#8221;][et_pb_column type=&#8221;4_4&#8243; _builder_version=&#8221;4.16&#8243; custom_padding=&#8221;|||&#8221; global_colors_info=&#8221;{}&#8221; custom_padding__hover=&#8221;|||&#8221;][et_pb_text admin_label=&#8221;Text&#8221; _builder_version=&#8221;4.16&#8243; background_size=&#8221;initial&#8221; background_position=&#8221;top_left&#8221; background_repeat=&#8221;repeat&#8221; global_colors_info=&#8221;{}&#8221;]<\/p>\n<p style=\"text-align: justify;\"><strong>Il sito wikeeps.com \u00e8 pubblicato da:<\/strong><\/p>\n<p style=\"text-align: justify;\">Time To Market<br \/>40, rue Condorcet<br \/>75009 Paris &#8211; France<br \/>T\u00e9l\u00e9phone : +33 9 87 32 98 00<\/p>\n<p style=\"text-align: justify;\"><strong>CREAZIONE E SVILUPPO<\/strong><\/p>\n<p style=\"text-align: justify;\">Studio Boh\u00e8me <br \/>33300 Bordeaux &#8211; France<\/p>\n<p style=\"text-align: justify;\"><strong>OSPITE DEL SITO <\/strong><br \/><strong>OVH<\/strong><\/p>\n<p style=\"text-align: justify;\"><strong>SAS au capital de 10 000 000 \u20ac<\/strong><\/p>\n<p style=\"text-align: justify;\">RCS Roubaix \u2013 Tourcoing 424 761 419 00045<br \/>Codice APE 6202A<br \/>Partita IVA: FR 22 424 761 419<br \/>Sede legale: 2 rue Kellermann \u2013 59100 Roubaix \u2013 Francia.<br \/>Direttore della pubblicazione: Octave KLABA<\/p>\n<p style=\"text-align: justify;\"><strong>REGISTRAZIONE <\/strong><\/p>\n<p style=\"text-align: justify;\">Iscrizione presso l&#8217;RCS di Parigi con il numero: 501 299 820<br \/>Numero di registrazione dell&#8217;azienda: 501 299 820 00016<br \/>Codice APE o NAF: 702Z<br \/>Societ\u00e0 a responsabilit\u00e0 limitata con capitale di 10.000 euro<br \/>Partita IVA: FR26501299820<\/p>\n<p style=\"text-align: justify;\">Questo sito rispetta il copyright. Tutti i diritti degli autori delle opere protette riprodotte e comunicate su questo sito sono riservati Salvo autorizzazione, \u00e8 vietato qualsiasi uso delle Opere diverso dalla riproduzione e consultazione individuale e privata.  <\/p>\n<p style=\"text-align: justify;\">I siti web pubblicati da Wikeeps\u00ae sono stati dichiarati alla CNIL con i seguenti numeri: <strong>1812200<\/strong><\/p>\n<h4 style=\"text-align: justify;\"><strong>Quali dati personali raccogliamo e perch\u00e9? <\/strong><\/h4>\n<h5 style=\"text-align: justify;\">Proc\u00e9sso<\/h5>\n<p style=\"text-align: justify;\">Wikeeps\u00ae concede all&#8217;utente il diritto di consultare i suddetti siti per il proprio uso personale e privato.<br \/>\n\u00c8 vietata qualsiasi riproduzione, ridistribuzione o commercializzazione totale o parziale dei contenuti. <\/p>\n<p style=\"text-align: justify;\">Di seguito troverai la nostra politica sul trattamento dei dati personali.<br \/>\nQuesto testo ha lo scopo di informarti su come utilizziamo questi dati e ti dice come procedere se desideri apportare modifiche. <\/p>\n<h5 style=\"text-align: justify;\">1. Natura dei dati personali raccolti<\/h5>\n<p style=\"text-align: justify;\">Le informazioni che raccogliamo provengono da :<\/p>\n<p style=\"text-align: justify;\">\u2013 Sia la registrazione volontaria di un indirizzo e-mail che ti consente di ricevere una delle nostre Newsletter.<\/p>\n<p style=\"text-align: justify;\">\u2013 Completare l&#8217;inserimento dei tuoi dati di contatto nel nostro negozio online (cognome, nome, azienda, indirizzo di fatturazione e consegna, numero di telefono, indirizzo e-mail) in modo che possiamo elaborare il tuo ordine.<\/p>\n<h5 style=\"text-align: justify;\">2. Cosa facciamo con questi dati?<\/h5>\n<p style=\"text-align: justify;\">Le informazioni che ci comunichi non sono mai affidate a terzi. A seconda dei casi gli utilizzi sono i seguenti:<br \/>\u2013 Se sei iscritto ad una delle nostre newsletter. In questo caso, il tuo indirizzo email \u00e8 strettamente utilizzato per l&#8217;invio delle nostre mailing list e annunci interni. Non utilizziamo mai i tuoi contatti per inviare messaggi da potenziali partner commerciali. Inoltre, puoi annullare l&#8217;iscrizione alla nostra newsletter in qualsiasi momento facendo clic sul link &#8220;Annulla iscrizione&#8221; che appare su ciascuna delle nostre newsletter. Oppure, in caso di incidente, scrivere a: <a href=\"mailto:contact@wikeeps.com\">contact@wikeeps.com<\/a>.<\/p>\n<p style=\"text-align: justify;\">In conformit\u00e0 con la legge sulla protezione dei dati del 6 gennaio 1978, hai anche il diritto di accedere, rettificare, modificare e cancellare i dati che ti riguardano.<br \/>\nPuoi esercitare questo diritto scrivendo a <a href=\"mailto:lrparis@lrparis.fr\">contact@wikeeps.com<\/a> <\/p>\n<h5 style=\"text-align: justify;\">3.Cookie<\/h5>\n<p style=\"text-align: justify;\">Al fine di ottimizzare l&#8217;uso dei suoi servizi online, Wikeeps\u00ae si riserva il diritto di collocare cookie sui computer degli utenti dei suoi siti.<br \/>\nQuesti cookie vengono utilizzati in particolare per facilitare l&#8217;accesso dell&#8217;utente ai propri account nonch\u00e9 per visualizzare banner pubblicitari adattati al suo modo di navigare in Internet.<br \/>\nQuesti cookie possono essere emessi da Wikeeps\u00ae o da societ\u00e0 terze.<br \/>\nPer sapere come rifiutare, eliminare questi &#8220;Cookie&#8221; o essere avvisato della loro ricezione tramite un messaggio, consulta la sezione di aiuto del tuo browser Internet.   <\/p>\n<p>[\/et_pb_text][\/et_pb_column][\/et_pb_row][\/et_pb_section]<\/p>\n","protected":false},"excerpt":{"rendered":"<p>Il sito wikeeps.com \u00e8 pubblicato da: Time To Market40, rue Condorcet75009 Paris &#8211; FranceT\u00e9l\u00e9phone : +33 9 87 32 98 00 CREAZIONE E SVILUPPO Studio Boh\u00e8me 33300 Bordeaux &#8211; France OSPITE DEL SITO OVH SAS au capital de 10 000 000 \u20ac RCS Roubaix \u2013 Tourcoing 424 761 419 00045Codice APE 6202APartita IVA: FR 22 [&hellip;]<\/p>\n","protected":false},"author":1,"featured_media":0,"parent":0,"menu_order":0,"comment_status":"closed","ping_status":"closed","template":"","meta":{"_et_pb_use_builder":"on","_et_pb_old_content":"","_et_gb_content_width":"","footnotes":""},"class_list":["post-16344","page","type-page","status-publish","hentry"],"yoast_head":"<!-- This site is optimized with the Yoast SEO plugin v27.4 - https:\/\/yoast.com\/product\/yoast-seo-wordpress\/ -->\n<title>Informazioni legali - Wikeeps<\/title>\n<meta name=\"robots\" content=\"noindex, follow\" \/>\n<meta property=\"og:locale\" content=\"it_IT\" \/>\n<meta property=\"og:type\" content=\"article\" \/>\n<meta property=\"og:title\" content=\"Informazioni legali - Wikeeps\" \/>\n<meta property=\"og:description\" content=\"Il sito wikeeps.com \u00e8 pubblicato da: Time To Market40, rue Condorcet75009 Paris - FranceT\u00e9l\u00e9phone : +33 9 87 32 98 00 CREAZIONE E SVILUPPO Studio Boh\u00e8me 33300 Bordeaux - France OSPITE DEL SITO OVH SAS au capital de 10 000 000 \u20ac RCS Roubaix \u2013 Tourcoing 424 761 419 00045Codice APE 6202APartita IVA: FR 22 [&hellip;]\" \/>\n<meta property=\"og:url\" content=\"https:\/\/www.wikeeps.com\/it\/informazioni-legali\/\" \/>\n<meta property=\"og:site_name\" content=\"Wikeeps\" \/>\n<meta property=\"article:publisher\" content=\"https:\/\/www.facebook.com\/wikeepsFr\" \/>\n<meta property=\"article:modified_time\" content=\"2025-01-27T10:15:51+00:00\" \/>\n<meta name=\"twitter:card\" content=\"summary_large_image\" \/>\n<meta name=\"twitter:site\" content=\"@WIKEEPS\" \/>\n<meta name=\"twitter:label1\" content=\"Tempo di lettura stimato\" \/>\n\t<meta name=\"twitter:data1\" content=\"4 minuti\" \/>\n<script type=\"application\/ld+json\" class=\"yoast-schema-graph\">{\"@context\":\"https:\\\/\\\/schema.org\",\"@graph\":[{\"@type\":\"WebPage\",\"@id\":\"https:\\\/\\\/www.wikeeps.com\\\/it\\\/informazioni-legali\\\/\",\"url\":\"https:\\\/\\\/www.wikeeps.com\\\/it\\\/informazioni-legali\\\/\",\"name\":\"Informazioni legali - Wikeeps\",\"isPartOf\":{\"@id\":\"https:\\\/\\\/www.wikeeps.com\\\/it\\\/#website\"},\"datePublished\":\"2022-01-27T11:48:31+00:00\",\"dateModified\":\"2025-01-27T10:15:51+00:00\",\"breadcrumb\":{\"@id\":\"https:\\\/\\\/www.wikeeps.com\\\/it\\\/informazioni-legali\\\/#breadcrumb\"},\"inLanguage\":\"it-IT\",\"potentialAction\":[{\"@type\":\"ReadAction\",\"target\":[\"https:\\\/\\\/www.wikeeps.com\\\/it\\\/informazioni-legali\\\/\"]}]},{\"@type\":\"BreadcrumbList\",\"@id\":\"https:\\\/\\\/www.wikeeps.com\\\/it\\\/informazioni-legali\\\/#breadcrumb\",\"itemListElement\":[{\"@type\":\"ListItem\",\"position\":1,\"name\":\"Accueil\",\"item\":\"https:\\\/\\\/www.wikeeps.com\\\/it\\\/vino-al-calice\\\/\"},{\"@type\":\"ListItem\",\"position\":2,\"name\":\"Informazioni legali\"}]},{\"@type\":\"WebSite\",\"@id\":\"https:\\\/\\\/www.wikeeps.com\\\/it\\\/#website\",\"url\":\"https:\\\/\\\/www.wikeeps.com\\\/it\\\/\",\"name\":\"Wikeeps\",\"description\":\"Service, a\u00e9ration et conservation | vin au verre\",\"publisher\":{\"@id\":\"https:\\\/\\\/www.wikeeps.com\\\/it\\\/#organization\"},\"potentialAction\":[{\"@type\":\"SearchAction\",\"target\":{\"@type\":\"EntryPoint\",\"urlTemplate\":\"https:\\\/\\\/www.wikeeps.com\\\/it\\\/?s={search_term_string}\"},\"query-input\":{\"@type\":\"PropertyValueSpecification\",\"valueRequired\":true,\"valueName\":\"search_term_string\"}}],\"inLanguage\":\"it-IT\"},{\"@type\":\"Organization\",\"@id\":\"https:\\\/\\\/www.wikeeps.com\\\/it\\\/#organization\",\"name\":\"Wikeeps\",\"url\":\"https:\\\/\\\/www.wikeeps.com\\\/it\\\/\",\"logo\":{\"@type\":\"ImageObject\",\"inLanguage\":\"it-IT\",\"@id\":\"https:\\\/\\\/www.wikeeps.com\\\/it\\\/#\\\/schema\\\/logo\\\/image\\\/\",\"url\":\"https:\\\/\\\/www.wikeeps.com\\\/wp-content\\\/uploads\\\/2025\\\/01\\\/Logo-Wikeeps.png\",\"contentUrl\":\"https:\\\/\\\/www.wikeeps.com\\\/wp-content\\\/uploads\\\/2025\\\/01\\\/Logo-Wikeeps.png\",\"width\":1000,\"height\":184,\"caption\":\"Wikeeps\"},\"image\":{\"@id\":\"https:\\\/\\\/www.wikeeps.com\\\/it\\\/#\\\/schema\\\/logo\\\/image\\\/\"},\"sameAs\":[\"https:\\\/\\\/www.facebook.com\\\/wikeepsFr\",\"https:\\\/\\\/x.com\\\/WIKEEPS\",\"https:\\\/\\\/www.instagram.com\\\/wikeeps\\\/\"]}]}<\/script>\n<!-- \/ Yoast SEO plugin. -->","yoast_head_json":{"title":"Informazioni legali - Wikeeps","robots":{"index":"noindex","follow":"follow"},"og_locale":"it_IT","og_type":"article","og_title":"Informazioni legali - Wikeeps","og_description":"Il sito wikeeps.com \u00e8 pubblicato da: Time To Market40, rue Condorcet75009 Paris - FranceT\u00e9l\u00e9phone : +33 9 87 32 98 00 CREAZIONE E SVILUPPO Studio Boh\u00e8me 33300 Bordeaux - France OSPITE DEL SITO OVH SAS au capital de 10 000 000 \u20ac RCS Roubaix \u2013 Tourcoing 424 761 419 00045Codice APE 6202APartita IVA: FR 22 [&hellip;]","og_url":"https:\/\/www.wikeeps.com\/it\/informazioni-legali\/","og_site_name":"Wikeeps","article_publisher":"https:\/\/www.facebook.com\/wikeepsFr","article_modified_time":"2025-01-27T10:15:51+00:00","twitter_card":"summary_large_image","twitter_site":"@WIKEEPS","twitter_misc":{"Tempo di lettura stimato":"4 minuti"},"schema":{"@context":"https:\/\/schema.org","@graph":[{"@type":"WebPage","@id":"https:\/\/www.wikeeps.com\/it\/informazioni-legali\/","url":"https:\/\/www.wikeeps.com\/it\/informazioni-legali\/","name":"Informazioni legali - Wikeeps","isPartOf":{"@id":"https:\/\/www.wikeeps.com\/it\/#website"},"datePublished":"2022-01-27T11:48:31+00:00","dateModified":"2025-01-27T10:15:51+00:00","breadcrumb":{"@id":"https:\/\/www.wikeeps.com\/it\/informazioni-legali\/#breadcrumb"},"inLanguage":"it-IT","potentialAction":[{"@type":"ReadAction","target":["https:\/\/www.wikeeps.com\/it\/informazioni-legali\/"]}]},{"@type":"BreadcrumbList","@id":"https:\/\/www.wikeeps.com\/it\/informazioni-legali\/#breadcrumb","itemListElement":[{"@type":"ListItem","position":1,"name":"Accueil","item":"https:\/\/www.wikeeps.com\/it\/vino-al-calice\/"},{"@type":"ListItem","position":2,"name":"Informazioni legali"}]},{"@type":"WebSite","@id":"https:\/\/www.wikeeps.com\/it\/#website","url":"https:\/\/www.wikeeps.com\/it\/","name":"Wikeeps","description":"Service, a\u00e9ration et conservation | vin au verre","publisher":{"@id":"https:\/\/www.wikeeps.com\/it\/#organization"},"potentialAction":[{"@type":"SearchAction","target":{"@type":"EntryPoint","urlTemplate":"https:\/\/www.wikeeps.com\/it\/?s={search_term_string}"},"query-input":{"@type":"PropertyValueSpecification","valueRequired":true,"valueName":"search_term_string"}}],"inLanguage":"it-IT"},{"@type":"Organization","@id":"https:\/\/www.wikeeps.com\/it\/#organization","name":"Wikeeps","url":"https:\/\/www.wikeeps.com\/it\/","logo":{"@type":"ImageObject","inLanguage":"it-IT","@id":"https:\/\/www.wikeeps.com\/it\/#\/schema\/logo\/image\/","url":"https:\/\/www.wikeeps.com\/wp-content\/uploads\/2025\/01\/Logo-Wikeeps.png","contentUrl":"https:\/\/www.wikeeps.com\/wp-content\/uploads\/2025\/01\/Logo-Wikeeps.png","width":1000,"height":184,"caption":"Wikeeps"},"image":{"@id":"https:\/\/www.wikeeps.com\/it\/#\/schema\/logo\/image\/"},"sameAs":["https:\/\/www.facebook.com\/wikeepsFr","https:\/\/x.com\/WIKEEPS","https:\/\/www.instagram.com\/wikeeps\/"]}]}},"_links":{"self":[{"href":"https:\/\/www.wikeeps.com\/it\/wp-json\/wp\/v2\/pages\/16344","targetHints":{"allow":["GET"]}}],"collection":[{"href":"https:\/\/www.wikeeps.com\/it\/wp-json\/wp\/v2\/pages"}],"about":[{"href":"https:\/\/www.wikeeps.com\/it\/wp-json\/wp\/v2\/types\/page"}],"author":[{"embeddable":true,"href":"https:\/\/www.wikeeps.com\/it\/wp-json\/wp\/v2\/users\/1"}],"replies":[{"embeddable":true,"href":"https:\/\/www.wikeeps.com\/it\/wp-json\/wp\/v2\/comments?post=16344"}],"version-history":[{"count":0,"href":"https:\/\/www.wikeeps.com\/it\/wp-json\/wp\/v2\/pages\/16344\/revisions"}],"wp:attachment":[{"href":"https:\/\/www.wikeeps.com\/it\/wp-json\/wp\/v2\/media?parent=16344"}],"curies":[{"name":"wp","href":"https:\/\/api.w.org\/{rel}","templated":true}]}}