{"id":16340,"date":"2022-01-27T12:24:09","date_gmt":"2022-01-27T11:24:09","guid":{"rendered":"https:\/\/www.wikeeps.com\/condizioni-generali-di-vendita\/"},"modified":"2025-12-08T20:02:51","modified_gmt":"2025-12-08T19:02:51","slug":"condizioni-generali-di-vendita","status":"publish","type":"page","link":"https:\/\/www.wikeeps.com\/it\/condizioni-generali-di-vendita\/","title":{"rendered":"Condizioni Generali di vendita Wikeeps\u00ae"},"content":{"rendered":"<p>[et_pb_section fb_built=&#8221;1&#8243; admin_label=&#8221;section&#8221; _builder_version=&#8221;4.16&#8243; global_colors_info=&#8221;{}&#8221;][et_pb_row use_custom_gutter=&#8221;on&#8221; gutter_width=&#8221;1&#8243; _builder_version=&#8221;4.27.4&#8243; background_enable_color=&#8221;off&#8221; background_size=&#8221;initial&#8221; background_position=&#8221;top_left&#8221; background_repeat=&#8221;repeat&#8221; width=&#8221;100%&#8221; custom_margin=&#8221;0px|auto||auto||&#8221; custom_padding=&#8221;40px|0px|14px|0px|false|true&#8221; animation_style=&#8221;slide&#8221; animation_direction=&#8221;left&#8221; animation_duration=&#8221;800ms&#8221; animation_intensity_slide=&#8221;30%&#8221; global_colors_info=&#8221;{}&#8221;][et_pb_column type=&#8221;4_4&#8243; _builder_version=&#8221;4.16&#8243; custom_padding=&#8221;|||&#8221; global_colors_info=&#8221;{}&#8221; custom_padding__hover=&#8221;|||&#8221;][et_pb_post_title meta=&#8221;off&#8221; featured_image=&#8221;off&#8221; _builder_version=&#8221;4.27.4&#8243; _module_preset=&#8221;default&#8221; title_font=&#8221;|700||on|||||&#8221; title_text_align=&#8221;center&#8221; title_text_color=&#8221;#000000&#8243; title_font_size=&#8221;30px&#8221; global_colors_info=&#8221;{}&#8221;][\/et_pb_post_title][et_pb_divider color=&#8221;#000000&#8243; divider_weight=&#8221;3px&#8221; _builder_version=&#8221;4.27.3&#8243; _module_preset=&#8221;default&#8221; width=&#8221;16%&#8221; module_alignment=&#8221;center&#8221; global_colors_info=&#8221;{}&#8221;][\/et_pb_divider][\/et_pb_column][\/et_pb_row][et_pb_row admin_label=&#8221;row&#8221; _builder_version=&#8221;4.16&#8243; background_size=&#8221;initial&#8221; background_position=&#8221;top_left&#8221; background_repeat=&#8221;repeat&#8221; global_colors_info=&#8221;{}&#8221;][et_pb_column type=&#8221;4_4&#8243; _builder_version=&#8221;4.16&#8243; custom_padding=&#8221;|||&#8221; global_colors_info=&#8221;{}&#8221; custom_padding__hover=&#8221;|||&#8221;][et_pb_text admin_label=&#8221;Text&#8221; _builder_version=&#8221;4.27.5&#8243; background_size=&#8221;initial&#8221; background_position=&#8221;top_left&#8221; background_repeat=&#8221;repeat&#8221; hover_enabled=&#8221;0&#8243; global_colors_info=&#8221;{}&#8221; sticky_enabled=&#8221;0&#8243;]<\/p>\n<h2 style=\"text-align: left;\"><strong>Condizioni Generali di vendita Wikeeps\u00ae &amp; Bubbl.\u00ae<\/strong><\/h2>\n<h2 style=\"text-align: left;\"><strong>\u00ae<\/strong><strong>denominatto dopo &#8220;Wikeeps\u00ae&#8221;<\/strong><\/h2>\n<p>&nbsp;<\/p>\n<h3 style=\"text-align: justify;\">Preambolo<\/h3>\n<p style=\"text-align: justify;\">Conformemente alle disposizioni degli articoli 6-III e 19 della legge n\u00b0 2004-575 del 21 giugno 2004 per la fiducia nell&#8217;economia digitale, detta L.C.E.N., gli utenti e i visitatori del sito www.wikeeps.com sono informati del presente avviso legale.<\/p>\n<ul style=\"text-align: justify;\">\n<li>\n<h3>1. Presentazione<\/h3>\n<\/li>\n<\/ul>\n<p style=\"text-align: justify;\">Il cliente riconosce di aver letto le condizioni speciali di vendita al momento dell&#8217;ordine e dichiara espressamente di accettarle senza riserve.<br \/>\nLe presenti condizioni generali di vendita regolano le relazioni contrattuali tra la societ\u00e0 Wikeeps\u00ae e il suo cliente, entrambe le parti le accettano senza riserve.<br \/>\nLe presenti condizioni generali di vendita prevalgono su qualsiasi altro termine e condizione che appaia in qualsiasi altro documento, a meno che non venga fatta una deroga preliminare, espressa e scritta.  <\/p>\n<ul style=\"text-align: justify;\">\n<li>\n<h3>2. Prodotti<\/h3>\n<\/li>\n<\/ul>\n<p style=\"text-align: justify;\">Le fotografie che illustrano i prodotti non fanno parte del contratto.<br \/>\nIn caso di errori, Wikeeps\u00ae non potr\u00e0 essere ritenuta responsabile in nessun caso.<br \/>\nLa maggior parte dei prodotti offerti ai suoi clienti da Wikeeps\u00ae sono disponibili nel nostro magazzino.  <\/p>\n<ol start=\"3\" style=\"text-align: justify;\">\n<li>\n<h3>Ordine<\/h3>\n<\/li>\n<\/ol>\n<p style=\"text-align: justify;\">La vendita sar\u00e0 conclusa solo dopo la conferma dell&#8217;ordine.<br \/>\nWikeeps\u00ae si riserva il diritto di annullare qualsiasi ordine di un cliente con il quale esiste una controversia sul pagamento di un ordine precedente.<br \/>\nLe informazioni fornite dall&#8217;acquirente al momento dell&#8217;ordine sono vincolanti per l&#8217;acquirente: in caso di errore nei dati del destinatario o di assenza delle informazioni obbligatorie sopra elencate, il venditore non pu\u00f2 essere ritenuto responsabile dell&#8217;impossibilit\u00e0 di consegnare il prodotto.  <\/p>\n<ol start=\"4\" style=\"text-align: justify;\">\n<li>\n<h3>Consegna<\/h3>\n<\/li>\n<\/ol>\n<p style=\"text-align: justify;\">Il trasportatore si impegna per contratto con Wikeeps\u00ae a consegnare l&#8217;ordine all&#8217;indirizzo dell&#8217;acquirente fornito da Wikeeps\u00ae.<br \/>\nIn caso di trasporto con il cosiddetto sistema di contrassegno, il cliente si impegna a pagare al trasportatore o al suo rappresentante l&#8217;intero importo indicato nella conferma d&#8217;ordine.<br \/>\nInoltre, per le consegne al di fuori della Francia metropolitana, il cliente si impegna a pagare tutte le tasse dovute sull&#8217;importazione dei prodotti (dazio doganale, imposta sul valore aggiunto e qualsiasi altra tassa dovuta secondo le leggi del paese in cui si riceve l&#8217;ordine) e a fornire a Wikeeps\u00ae qualsiasi informazione aggiuntiva che possa essere richiesta.<br \/>\nTutti gli ordini effettuati con Wikeeps\u00ae sono per uso personale del cliente, e al cliente o al destinatario dei prodotti \u00e8 vietato rivendere i prodotti in tutto o in parte.<br \/>\nLa societ\u00e0 Wikeeps\u00ae non \u00e8 legalmente responsabile se le tasse non sono pagate dal cliente. La consegna sar\u00e0 effettuata da La Poste in Colissimo, o Chronopost o da vettore con un supplemento minimo di 30 \u20ac\/spedizione negli ultimi due casi di trasporto del cliente in Francia metropolitana.<br \/>\nLa consegna viene effettuata entro la fascia oraria concordata con il cliente consegnando il prodotto direttamente al destinatario annunciato o, in caso di assenza, a un&#8217;altra persona autorizzata dal cliente.<br \/>\nEventuali ritardi non danno diritto all&#8217;acquirente di chiedere un risarcimento.<br \/>\nLe consegne nei paesi della CEE sono effettuate da La Poste a Colissimo suivi Europe, DPD o Chronopost secondo la scelta del cliente, per le consegne fuori della CEE, le consegne sono effettuate dai servizi postali internazionali o Chronopost secondo la scelta del cliente.<br \/>\nIn caso di difetti apparenti, l&#8217;acquirente ha il diritto di restituire la merce alle condizioni stabilite in questo documento.<br \/>\nLa guerra, la rivolta, l&#8217;incendio, gli scioperi, gli incidenti e l&#8217;impossibilit\u00e0 di essere forniti sono considerati come forza maggiore che esonera il venditore dal suo obbligo di consegna.<br \/>\nLa merce viaggia sempre a rischio del destinatario.<br \/>\nControlla sempre il tuo pacco all&#8217;arrivo.<br \/>\nDovete controllare immediatamente lo stato del vostro ordine per fare le riserve necessarie sulla bolla di consegna del trasportatore in caso di ammanchi o danni.<br \/>\nPer ragioni di disponibilit\u00e0, un ordine pu\u00f2 essere consegnato al cliente in diverse rate.<br \/>\nIl cliente paga solo per una consegna.<br \/>\nSe il cliente desidera avere 2 luoghi di consegna, effettua 2 ordini, con le relative spese di consegna.               <\/p>\n<ol start=\"5\" style=\"text-align: justify;\">\n<li>\n<h3>Ritiro<\/h3>\n<\/li>\n<\/ol>\n<p style=\"text-align: justify;\">Hai 7 giorni di tempo (dal ricevimento degli articoli) per decidere.<br \/>\nIn caso di cambio o rimborso, restituire il nuovo articolo (i nuovi articoli) nella sua (loro) confezione originale, non danneggiata, accompagnata da tutti gli eventuali accessori, istruzioni e documentazione al seguente indirizzo <\/p>\n<address>Wikeeps\u00ae <br \/><strong>Service Retour<\/strong><br \/>14, rue Milton 75009 Paris France<\/address>\n<p style=\"text-align: justify;\">In caso di esercizio del diritto di recesso, la societ\u00e0 Wikeeps\u00ae \u00e8 tenuta al rimborso delle somme versate dal cliente, senza spese, ad eccezione delle spese di restituzione che rimangono a carico del cliente. Il rimborso deve essere effettuato entro un termine massimo di 15 giorni dal ricevimento dei prodotti. I rimborsi sono dovuti entro un massimo di 15 giorni dal ricevimento dei prodotti.<\/p>\n<ol start=\"6\" style=\"text-align: justify;\">\n<li>\n<h3>Prezzo<\/h3>\n<\/li>\n<\/ol>\n<p style=\"text-align: justify;\">Il prezzo \u00e8 espresso in euro.<br \/>\nIl prezzo indicato nelle schede prodotto non include il trasporto.<br \/>\nIl prezzo indicato nella conferma d&#8217;ordine \u00e8 il prezzo finale, incluse tutte le tasse e inclusa l&#8217;IVA per la Francia e i paesi della CEE.<br \/>\nQuesto prezzo include il prezzo dei prodotti, i costi di manipolazione, imballaggio e stoccaggio dei prodotti, i costi di trasporto e di messa in servizio.   <\/p>\n<ol start=\"7\" style=\"text-align: justify;\">\n<li>\n<h3>Pagamento<\/h3>\n<\/li>\n<\/ol>\n<p style=\"text-align: justify;\">Il prezzo addebitato al cliente \u00e8 quello indicato nella conferma d&#8217;ordine inviata da Wikeeps\u00ae.<\/p>\n<ol start=\"8\" style=\"text-align: justify;\">\n<li>\n<h3>Contenzioso<\/h3>\n<\/li>\n<\/ol>\n<p style=\"text-align: justify;\">Questo contratto \u00e8 soggetto alla legge francese.<br \/>\nWikeeps\u00ae non pu\u00f2 essere ritenuta responsabile dei danni di qualsiasi tipo, sia materiali che immateriali o fisici, che potrebbero derivare da un malfunzionamento o da un uso improprio dei prodotti commercializzati.<br \/>\nLo stesso vale per qualsiasi modifica dei prodotti risultante dai produttori.<br \/>\nLa responsabilit\u00e0 di Wikeeps\u00ae sar\u00e0, in ogni caso, limitata all&#8217;importo dell&#8217;ordine e non potr\u00e0 essere ritenuta responsabile di semplici errori od omissioni che possano essersi verificati nonostante tutte le precauzioni prese nella presentazione dei prodotti.<br \/>\nIn caso di difficolt\u00e0 nell&#8217;applicazione del presente contratto, l&#8217;acquirente ha la possibilit\u00e0, prima di qualsiasi azione legale, di cercare una soluzione amichevole in particolare con l&#8217;aiuto di un&#8217;associazione professionale del settore, un&#8217;associazione di consumatori o qualsiasi altro consiglio di sua scelta.<br \/>\nISi ricorda che la ricerca di una soluzione amichevole non interrompe il &#8220;periodo breve&#8221; della garanzia legale, n\u00e9 la durata della garanzia contrattuale.<br \/>\nSi ricorda che, come regola generale e con riserva dell&#8217;apprezzamento dei tribunali, il rispetto delle disposizioni del presente contratto relative alla garanzia contrattuale presuppone che l&#8217;acquirente onori i suoi impegni finanziari nei confronti del venditore.<br \/>\nI reclami o le controversie saranno sempre ricevuti con attenta benevolenza, essendo sempre presunta la buona fede di coloro che si prendono la briga di spiegare la loro situazione.<br \/>\nIn caso di controversia, il cliente deve prima contattare l&#8217;azienda per ottenere una soluzione amichevole.<br \/>\nIn caso contrario, il tribunale commerciale di PARIGI \u00e8 l&#8217;unico competente, indipendentemente dal luogo di consegna e dal metodo di pagamento accettato.         <\/p>\n<ol start=\"9\" style=\"text-align: justify;\">\n<li>\n<h3>Garanzia<\/h3>\n<\/li>\n<\/ol>\n<p style=\"text-align: justify;\">In tutti i casi, la societ\u00e0 Wikeeps\u00ae non pu\u00f2 essere ritenuta responsabile del mancato rispetto delle disposizioni regolamentari e legislative in vigore nel paese di ricezione, la responsabilit\u00e0 della societ\u00e0 Wikeeps\u00ae \u00e8 sistematicamente limitata al valore del prodotto in questione, valore alla data di vendita, e questo senza possibilit\u00e0 di rivalsa nei confronti del marchio o della societ\u00e0 che produce il prodotto. Tradotto con www.DeepL.com\/Translator (versione gratuita)<br \/>\nIn ogni caso, il cliente beneficia della garanzia legale di sfratto e difetti nascosti (art. 1625 e seguenti del Codice Civile).<br \/>\nA condizione che l&#8217;acquirente provi il difetto nascosto, il venditore deve riparare legalmente tutte le conseguenze (art. 1641 e seguenti del Codice Civile); se l&#8217;acquirente si rivolge al tribunale, deve farlo entro un &#8220;breve termine&#8221; dalla scoperta del difetto nascosto (art. 1648 del Codice Civile).<br \/>\nPuoi contattare il servizio clienti: 5 giorni alla settimana (da luned\u00ec a venerd\u00ec sera incluso) al seguente numero di telefono: + 33 9 52 19 11 39; via e-mail a contact@wikeeps.com (risposta entro 72 ore).   <\/p>\n<ol start=\"10\" style=\"text-align: justify;\">\n<li>\n<h3>Informazioni legali<\/h3>\n<\/li>\n<\/ol>\n<p style=\"text-align: justify;\">I dati personali raccolti ai fini della vendita a distanza sono obbligatori, in quanto tali dati sono essenziali per il trattamento e la consegna degli ordini, nonch\u00e9 per la redazione di fatture e contratti di garanzia.<br \/>\nSe non si forniscono queste informazioni, l&#8217;ordine non sar\u00e0 convalidato.<br \/>\nIn conformit\u00e0 con la legge &#8220;Informatica e Libert\u00e0&#8221;, il trattamento delle informazioni personali relative ai clienti \u00e8 stato dichiarato alla Commissione Nazionale dell&#8217;Informatica e delle Libert\u00e0 (CNIL).<br \/>\nIl cliente dispone di un diritto di accesso, di modifica, di rettifica e di cancellazione dei dati che lo riguardano (articolo 34 della legge del 6 gennaio 1978), che pu\u00f2 esercitare contattando la societ\u00e0 Wikeeps\u00ae.<br \/>\nInoltre, Wikeeps\u00ae non comunicher\u00e0, gratuitamente o in cambio di un pagamento, le informazioni di contatto dei propri clienti a terzi.    <\/p>\n<p>[\/et_pb_text][\/et_pb_column][\/et_pb_row][\/et_pb_section]<\/p>\n","protected":false},"excerpt":{"rendered":"<p>Condizioni Generali di vendita Wikeeps\u00ae &amp; Bubbl.\u00ae \u00aedenominatto dopo &#8220;Wikeeps\u00ae&#8221; &nbsp; Preambolo Conformemente alle disposizioni degli articoli 6-III e 19 della legge n\u00b0 2004-575 del 21 giugno 2004 per la fiducia nell&#8217;economia digitale, detta L.C.E.N., gli utenti e i visitatori del sito www.wikeeps.com sono informati del presente avviso legale. 1. Presentazione Il cliente riconosce di [&hellip;]<\/p>\n","protected":false},"author":1,"featured_media":0,"parent":0,"menu_order":0,"comment_status":"closed","ping_status":"closed","template":"","meta":{"_et_pb_use_builder":"on","_et_pb_old_content":"","_et_gb_content_width":"","footnotes":""},"class_list":["post-16340","page","type-page","status-publish","hentry"],"yoast_head":"<!-- This site is optimized with the Yoast SEO plugin v27.6 - https:\/\/yoast.com\/product\/yoast-seo-wordpress\/ -->\n<title>Condizioni Generali di vendita Wikeeps\u00ae<\/title>\n<meta name=\"description\" content=\"Condizioni Generali di vendita di Wikeeps\u00ae in Francia. CGV wikeeps.com\" \/>\n<meta name=\"robots\" content=\"noindex, follow\" \/>\n<meta property=\"og:locale\" content=\"it_IT\" \/>\n<meta property=\"og:type\" content=\"article\" \/>\n<meta property=\"og:title\" content=\"Condizioni Generali di vendita Wikeeps\u00ae\" \/>\n<meta property=\"og:description\" content=\"Condizioni Generali di vendita di Wikeeps\u00ae in Francia. CGV wikeeps.com\" \/>\n<meta property=\"og:url\" content=\"https:\/\/www.wikeeps.com\/it\/condizioni-generali-di-vendita\/\" \/>\n<meta property=\"og:site_name\" content=\"Wikeeps\" \/>\n<meta property=\"article:publisher\" content=\"https:\/\/www.facebook.com\/wikeepsFr\" \/>\n<meta property=\"article:modified_time\" content=\"2025-12-08T19:02:51+00:00\" \/>\n<meta name=\"twitter:card\" content=\"summary_large_image\" \/>\n<meta name=\"twitter:site\" content=\"@WIKEEPS\" \/>\n<meta name=\"twitter:label1\" content=\"Tempo di lettura stimato\" \/>\n\t<meta name=\"twitter:data1\" content=\"7 minuti\" \/>\n<script type=\"application\/ld+json\" class=\"yoast-schema-graph\">{\"@context\":\"https:\\\/\\\/schema.org\",\"@graph\":[{\"@type\":\"WebPage\",\"@id\":\"https:\\\/\\\/www.wikeeps.com\\\/it\\\/condizioni-generali-di-vendita\\\/\",\"url\":\"https:\\\/\\\/www.wikeeps.com\\\/it\\\/condizioni-generali-di-vendita\\\/\",\"name\":\"Condizioni Generali di vendita Wikeeps\u00ae\",\"isPartOf\":{\"@id\":\"https:\\\/\\\/www.wikeeps.com\\\/it\\\/#website\"},\"datePublished\":\"2022-01-27T11:24:09+00:00\",\"dateModified\":\"2025-12-08T19:02:51+00:00\",\"description\":\"Condizioni Generali di vendita di Wikeeps\u00ae in Francia. CGV wikeeps.com\",\"breadcrumb\":{\"@id\":\"https:\\\/\\\/www.wikeeps.com\\\/it\\\/condizioni-generali-di-vendita\\\/#breadcrumb\"},\"inLanguage\":\"it-IT\",\"potentialAction\":[{\"@type\":\"ReadAction\",\"target\":[\"https:\\\/\\\/www.wikeeps.com\\\/it\\\/condizioni-generali-di-vendita\\\/\"]}]},{\"@type\":\"BreadcrumbList\",\"@id\":\"https:\\\/\\\/www.wikeeps.com\\\/it\\\/condizioni-generali-di-vendita\\\/#breadcrumb\",\"itemListElement\":[{\"@type\":\"ListItem\",\"position\":1,\"name\":\"Accueil\",\"item\":\"https:\\\/\\\/www.wikeeps.com\\\/it\\\/vino-al-calice\\\/\"},{\"@type\":\"ListItem\",\"position\":2,\"name\":\"Condizioni Generali di vendita Wikeeps\u00ae\"}]},{\"@type\":\"WebSite\",\"@id\":\"https:\\\/\\\/www.wikeeps.com\\\/it\\\/#website\",\"url\":\"https:\\\/\\\/www.wikeeps.com\\\/it\\\/\",\"name\":\"Wikeeps\",\"description\":\"Service, a\u00e9ration et conservation | vin au verre\",\"publisher\":{\"@id\":\"https:\\\/\\\/www.wikeeps.com\\\/it\\\/#organization\"},\"potentialAction\":[{\"@type\":\"SearchAction\",\"target\":{\"@type\":\"EntryPoint\",\"urlTemplate\":\"https:\\\/\\\/www.wikeeps.com\\\/it\\\/?s={search_term_string}\"},\"query-input\":{\"@type\":\"PropertyValueSpecification\",\"valueRequired\":true,\"valueName\":\"search_term_string\"}}],\"inLanguage\":\"it-IT\"},{\"@type\":\"Organization\",\"@id\":\"https:\\\/\\\/www.wikeeps.com\\\/it\\\/#organization\",\"name\":\"Wikeeps\",\"url\":\"https:\\\/\\\/www.wikeeps.com\\\/it\\\/\",\"logo\":{\"@type\":\"ImageObject\",\"inLanguage\":\"it-IT\",\"@id\":\"https:\\\/\\\/www.wikeeps.com\\\/it\\\/#\\\/schema\\\/logo\\\/image\\\/\",\"url\":\"https:\\\/\\\/www.wikeeps.com\\\/wp-content\\\/uploads\\\/2025\\\/01\\\/Logo-Wikeeps.png\",\"contentUrl\":\"https:\\\/\\\/www.wikeeps.com\\\/wp-content\\\/uploads\\\/2025\\\/01\\\/Logo-Wikeeps.png\",\"width\":1000,\"height\":184,\"caption\":\"Wikeeps\"},\"image\":{\"@id\":\"https:\\\/\\\/www.wikeeps.com\\\/it\\\/#\\\/schema\\\/logo\\\/image\\\/\"},\"sameAs\":[\"https:\\\/\\\/www.facebook.com\\\/wikeepsFr\",\"https:\\\/\\\/x.com\\\/WIKEEPS\",\"https:\\\/\\\/www.instagram.com\\\/wikeeps\\\/\"]}]}<\/script>\n<!-- \/ Yoast SEO plugin. -->","yoast_head_json":{"title":"Condizioni Generali di vendita Wikeeps\u00ae","description":"Condizioni Generali di vendita di Wikeeps\u00ae in Francia. CGV wikeeps.com","robots":{"index":"noindex","follow":"follow"},"og_locale":"it_IT","og_type":"article","og_title":"Condizioni Generali di vendita Wikeeps\u00ae","og_description":"Condizioni Generali di vendita di Wikeeps\u00ae in Francia. CGV wikeeps.com","og_url":"https:\/\/www.wikeeps.com\/it\/condizioni-generali-di-vendita\/","og_site_name":"Wikeeps","article_publisher":"https:\/\/www.facebook.com\/wikeepsFr","article_modified_time":"2025-12-08T19:02:51+00:00","twitter_card":"summary_large_image","twitter_site":"@WIKEEPS","twitter_misc":{"Tempo di lettura stimato":"7 minuti"},"schema":{"@context":"https:\/\/schema.org","@graph":[{"@type":"WebPage","@id":"https:\/\/www.wikeeps.com\/it\/condizioni-generali-di-vendita\/","url":"https:\/\/www.wikeeps.com\/it\/condizioni-generali-di-vendita\/","name":"Condizioni Generali di vendita Wikeeps\u00ae","isPartOf":{"@id":"https:\/\/www.wikeeps.com\/it\/#website"},"datePublished":"2022-01-27T11:24:09+00:00","dateModified":"2025-12-08T19:02:51+00:00","description":"Condizioni Generali di vendita di Wikeeps\u00ae in Francia. CGV wikeeps.com","breadcrumb":{"@id":"https:\/\/www.wikeeps.com\/it\/condizioni-generali-di-vendita\/#breadcrumb"},"inLanguage":"it-IT","potentialAction":[{"@type":"ReadAction","target":["https:\/\/www.wikeeps.com\/it\/condizioni-generali-di-vendita\/"]}]},{"@type":"BreadcrumbList","@id":"https:\/\/www.wikeeps.com\/it\/condizioni-generali-di-vendita\/#breadcrumb","itemListElement":[{"@type":"ListItem","position":1,"name":"Accueil","item":"https:\/\/www.wikeeps.com\/it\/vino-al-calice\/"},{"@type":"ListItem","position":2,"name":"Condizioni Generali di vendita Wikeeps\u00ae"}]},{"@type":"WebSite","@id":"https:\/\/www.wikeeps.com\/it\/#website","url":"https:\/\/www.wikeeps.com\/it\/","name":"Wikeeps","description":"Service, a\u00e9ration et conservation | vin au verre","publisher":{"@id":"https:\/\/www.wikeeps.com\/it\/#organization"},"potentialAction":[{"@type":"SearchAction","target":{"@type":"EntryPoint","urlTemplate":"https:\/\/www.wikeeps.com\/it\/?s={search_term_string}"},"query-input":{"@type":"PropertyValueSpecification","valueRequired":true,"valueName":"search_term_string"}}],"inLanguage":"it-IT"},{"@type":"Organization","@id":"https:\/\/www.wikeeps.com\/it\/#organization","name":"Wikeeps","url":"https:\/\/www.wikeeps.com\/it\/","logo":{"@type":"ImageObject","inLanguage":"it-IT","@id":"https:\/\/www.wikeeps.com\/it\/#\/schema\/logo\/image\/","url":"https:\/\/www.wikeeps.com\/wp-content\/uploads\/2025\/01\/Logo-Wikeeps.png","contentUrl":"https:\/\/www.wikeeps.com\/wp-content\/uploads\/2025\/01\/Logo-Wikeeps.png","width":1000,"height":184,"caption":"Wikeeps"},"image":{"@id":"https:\/\/www.wikeeps.com\/it\/#\/schema\/logo\/image\/"},"sameAs":["https:\/\/www.facebook.com\/wikeepsFr","https:\/\/x.com\/WIKEEPS","https:\/\/www.instagram.com\/wikeeps\/"]}]}},"_links":{"self":[{"href":"https:\/\/www.wikeeps.com\/it\/wp-json\/wp\/v2\/pages\/16340","targetHints":{"allow":["GET"]}}],"collection":[{"href":"https:\/\/www.wikeeps.com\/it\/wp-json\/wp\/v2\/pages"}],"about":[{"href":"https:\/\/www.wikeeps.com\/it\/wp-json\/wp\/v2\/types\/page"}],"author":[{"embeddable":true,"href":"https:\/\/www.wikeeps.com\/it\/wp-json\/wp\/v2\/users\/1"}],"replies":[{"embeddable":true,"href":"https:\/\/www.wikeeps.com\/it\/wp-json\/wp\/v2\/comments?post=16340"}],"version-history":[{"count":3,"href":"https:\/\/www.wikeeps.com\/it\/wp-json\/wp\/v2\/pages\/16340\/revisions"}],"predecessor-version":[{"id":34029,"href":"https:\/\/www.wikeeps.com\/it\/wp-json\/wp\/v2\/pages\/16340\/revisions\/34029"}],"wp:attachment":[{"href":"https:\/\/www.wikeeps.com\/it\/wp-json\/wp\/v2\/media?parent=16340"}],"curies":[{"name":"wp","href":"https:\/\/api.w.org\/{rel}","templated":true}]}}