{"id":16109,"date":"2022-01-05T19:05:09","date_gmt":"2022-01-05T18:05:09","guid":{"rendered":"https:\/\/www.wikeeps.com\/?page_id=16109"},"modified":"2025-01-28T11:54:23","modified_gmt":"2025-01-28T10:54:23","slug":"la-nostra-storia","status":"publish","type":"page","link":"https:\/\/www.wikeeps.com\/it\/la-nostra-storia\/","title":{"rendered":"La nostra storia"},"content":{"rendered":"<p>[et_pb_section fb_built=&#8221;1&#8243; admin_label=&#8221;section&#8221; _builder_version=&#8221;4.27.4&#8243; custom_padding=&#8221;||||false|false&#8221; global_colors_info=&#8221;{}&#8221;][et_pb_row use_custom_gutter=&#8221;on&#8221; gutter_width=&#8221;1&#8243; custom_padding_last_edited=&#8221;on|phone&#8221; _builder_version=&#8221;4.27.4&#8243; background_enable_color=&#8221;off&#8221; background_size=&#8221;initial&#8221; background_position=&#8221;top_left&#8221; background_repeat=&#8221;repeat&#8221; width=&#8221;100%&#8221; custom_margin=&#8221;0px|auto||auto|false|false&#8221; custom_margin_tablet=&#8221;0px|auto||auto|false|false&#8221; custom_margin_phone=&#8221;0px||||false|true&#8221; custom_margin_last_edited=&#8221;on|phone&#8221; custom_padding=&#8221;0px|0px|14px|0px|false|true&#8221; custom_padding_tablet=&#8221;0px|0px|14px|0px|false|true&#8221; custom_padding_phone=&#8221;0px|40px|14px|40px|false|true&#8221; animation_style=&#8221;slide&#8221; animation_direction=&#8221;left&#8221; animation_duration=&#8221;800ms&#8221; animation_intensity_slide=&#8221;30%&#8221; global_colors_info=&#8221;{}&#8221;][et_pb_column type=&#8221;4_4&#8243; _builder_version=&#8221;4.16&#8243; custom_padding=&#8221;|||&#8221; global_colors_info=&#8221;{}&#8221; custom_padding__hover=&#8221;|||&#8221;][et_pb_post_title meta=&#8221;off&#8221; featured_image=&#8221;off&#8221; _builder_version=&#8221;4.27.4&#8243; _module_preset=&#8221;default&#8221; title_font=&#8221;|700||on|||||&#8221; title_text_align=&#8221;center&#8221; title_text_color=&#8221;#000000&#8243; title_font_size=&#8221;30px&#8221; global_colors_info=&#8221;{}&#8221;][\/et_pb_post_title][et_pb_divider color=&#8221;#000000&#8243; divider_weight=&#8221;3px&#8221; _builder_version=&#8221;4.27.3&#8243; _module_preset=&#8221;default&#8221; width=&#8221;16%&#8221; module_alignment=&#8221;center&#8221; global_colors_info=&#8221;{}&#8221;][\/et_pb_divider][et_pb_text admin_label=&#8221;Text&#8221; _builder_version=&#8221;4.27.4&#8243; header_font_size=&#8221;29px&#8221; header_2_font_size=&#8221;23px&#8221; header_2_line_height=&#8221;1.2em&#8221; background_size=&#8221;initial&#8221; background_position=&#8221;top_left&#8221; background_repeat=&#8221;repeat&#8221; global_colors_info=&#8221;{}&#8221;]<\/p>\n<h2 style=\"text-align: center;\"><strong>Wikeeps\u00ae \u00e8 soprattutto una storia di wine lover<\/strong><\/h2>\n<p>[\/et_pb_text][\/et_pb_column][\/et_pb_row][et_pb_row column_structure=&#8221;1_2,1_2&#8243; admin_label=&#8221;row&#8221; _builder_version=&#8221;4.27.4&#8243; background_size=&#8221;initial&#8221; background_position=&#8221;top_left&#8221; background_repeat=&#8221;repeat&#8221; animation_style=&#8221;fade&#8221; global_colors_info=&#8221;{}&#8221;][et_pb_column type=&#8221;1_2&#8243; _builder_version=&#8221;4.16&#8243; custom_padding=&#8221;|||&#8221; global_colors_info=&#8221;{}&#8221; custom_padding__hover=&#8221;|||&#8221;][et_pb_text admin_label=&#8221;Text&#8221; _builder_version=&#8221;4.27.4&#8243; text_font=&#8221;&#8211;et_global_body_font||||||||&#8221; text_font_size=&#8221;16px&#8221; text_line_height=&#8221;1.8em&#8221; header_font_size=&#8221;29px&#8221; header_2_font_size=&#8221;23px&#8221; header_2_line_height=&#8221;1.2em&#8221; header_3_line_height=&#8221;1.4em&#8221; background_size=&#8221;initial&#8221; background_position=&#8221;top_left&#8221; background_repeat=&#8221;repeat&#8221; global_colors_info=&#8221;{}&#8221;]<\/p>\n<p style=\"text-align: justify;\">Laurent e S\u00e9bastien, due imprenditori e amici, sono entrambi amanti del vino e visitano regolarmente tenute e cantine.<\/p>\n<p style=\"text-align: justify;\">\u00c8 parlando con i viticoltori che identificano un bisogno reale:<\/p>\n<ul>\n<li style=\"text-align: justify;\"><a href=\"https:\/\/www.wikeeps.com\/it\/nostri-clienti\/\">Questi professionisti del vino<\/a> vogliono condividere le loro grandi annate, ma devono affrontare il problema di conservare le bottiglie aperte.<\/li>\n<li style=\"text-align: justify;\">Stappare e condividere un grand cru, s\u00ec, ma un grand cru aperto va bevuto altrimenti, \u00e8 perduto&#8230;<\/li>\n<li style=\"text-align: justify;\">Le idee si concretizzarono rapidamente: era possibile <a href=\"https:\/\/www.wikeeps.com\/it\/cantina\/mescita-del-vino\/\">conservare il vino dopo l&#8217;apertura!<\/a><\/li>\n<\/ul>\n<h3 style=\"text-align: center;\"><span style=\"color: #bf191b;\"><strong><\/strong><\/span><\/h3>\n<h3 style=\"text-align: left;\"><span style=\"color: #bf191b;\"><strong>\u00c8 stato durante la visita ai vigneti e alle cantine che \u00e8 nata l&#8217;idea di Wikeeps\u00ae.<\/strong> <\/span><\/h3>\n<p>&nbsp;<\/p>\n<p>[\/et_pb_text][et_pb_button button_url=&#8221;@ET-DC@eyJkeW5hbWljIjp0cnVlLCJjb250ZW50IjoicG9zdF9saW5rX3VybF9wYWdlIiwic2V0dGluZ3MiOnsicG9zdF9pZCI6IjEyMDcifX0=@&#8221; button_text=&#8221;L&#039;innovazione Wikeeps&#8221; button_alignment=&#8221;left&#8221; button_alignment_tablet=&#8221;left&#8221; button_alignment_phone=&#8221;center&#8221; button_alignment_last_edited=&#8221;on|phone&#8221; _builder_version=&#8221;4.27.4&#8243; _dynamic_attributes=&#8221;button_url&#8221; _module_preset=&#8221;a93bd5f4-85ca-4af8-aab9-5954042d5969&#8243; custom_button=&#8221;on&#8221; button_text_size=&#8221;16px&#8221; button_text_color=&#8221;#FFFFFF&#8221; button_bg_color=&#8221;#000000&#8243; button_border_width=&#8221;0px&#8221; button_border_radius=&#8221;0px&#8221; button_letter_spacing=&#8221;2px&#8221; button_font=&#8221;Montserrat|600||on|||||&#8221; custom_margin_tablet=&#8221;&#8221; custom_margin_phone=&#8221;-35px||||false|false&#8221; custom_margin_last_edited=&#8221;on|phone&#8221; custom_padding=&#8221;15px|30px|15px|30px|true|true&#8221; custom_padding_tablet=&#8221;13px|25px|13px|25px|true|true&#8221; custom_padding_phone=&#8221;10px|20px|10px|20px|true|true&#8221; custom_padding_last_edited=&#8221;on|phone&#8221; animation_style=&#8221;slide&#8221; animation_direction=&#8221;top&#8221; animation_duration=&#8221;800ms&#8221; animation_intensity_slide=&#8221;30%&#8221; button_text_size_tablet=&#8221;15px&#8221; button_text_size_phone=&#8221;14px&#8221; button_text_size_last_edited=&#8221;on|phone&#8221; button_letter_spacing_tablet=&#8221;2px&#8221; button_letter_spacing_phone=&#8221;0px&#8221; button_letter_spacing_last_edited=&#8221;on|phone&#8221; locked=&#8221;off&#8221; global_colors_info=&#8221;{}&#8221; button_bg_color__hover_enabled=&#8221;on|hover&#8221; button_bg_color__hover=&#8221;#383838&#8243; button_bg_enable_color__hover=&#8221;on&#8221;][\/et_pb_button][\/et_pb_column][et_pb_column type=&#8221;1_2&#8243; _builder_version=&#8221;4.16&#8243; custom_padding=&#8221;|||&#8221; global_colors_info=&#8221;{}&#8221; custom_padding__hover=&#8221;|||&#8221;][et_pb_image src=&#8221;https:\/\/www.wikeeps.com\/wp-content\/uploads\/2015\/01\/sven-wilhelm-2cRXSWyMHA8-unsplash.jpg&#8221; alt=&#8221;Vigneto mattutino&#8221; title_text=&#8221;Vigneto mattutino&#8221; _builder_version=&#8221;4.27.4&#8243; _module_preset=&#8221;default&#8221; global_colors_info=&#8221;{}&#8221;][\/et_pb_image][et_pb_image src=&#8221;https:\/\/www.wikeeps.com\/wp-content\/uploads\/2023\/05\/daniel-vogel-NUD6cWNdBv8-unsplash-scaled.jpg&#8221; alt=&#8221;Vino da conservare 2023&#8243; title_text=&#8221;daniel-vogel-NUD6cWNdBv8-unsplash&#8221; _builder_version=&#8221;4.27.4&#8243; _module_preset=&#8221;default&#8221; global_colors_info=&#8221;{}&#8221;][\/et_pb_image][\/et_pb_column][\/et_pb_row][\/et_pb_section]<\/p>\n","protected":false},"excerpt":{"rendered":"<p>Wikeeps\u00ae \u00e8 soprattutto una storia di wine loverLaurent e S\u00e9bastien, due imprenditori e amici, sono entrambi amanti del vino e visitano regolarmente tenute e cantine. \u00c8 parlando con i viticoltori che identificano un bisogno reale: Questi professionisti del vino vogliono condividere le loro grandi annate, ma devono affrontare il problema di conservare le bottiglie aperte. [&hellip;]<\/p>\n","protected":false},"author":1,"featured_media":0,"parent":0,"menu_order":0,"comment_status":"closed","ping_status":"closed","template":"","meta":{"_et_pb_use_builder":"on","_et_pb_old_content":"","_et_gb_content_width":"","footnotes":""},"class_list":["post-16109","page","type-page","status-publish","hentry"],"yoast_head":"<!-- This site is optimized with the Yoast SEO plugin v27.6 - https:\/\/yoast.com\/product\/yoast-seo-wordpress\/ -->\n<title>La nostra storia \u2013 Servizio vino e degustazione al bicchiere - Wikeeps<\/title>\n<meta name=\"description\" content=\"Wikeeps\u00ae \u00e8 soprattutto una storia di wine lover. \u00c8 stato visitando vigneti e cantine che \u00e8 nata l&#039;idea di Wikeeps\u00ae.\" \/>\n<meta name=\"robots\" content=\"index, follow, max-snippet:-1, max-image-preview:large, max-video-preview:-1\" \/>\n<link rel=\"canonical\" href=\"https:\/\/www.wikeeps.com\/it\/la-nostra-storia\/\" \/>\n<meta property=\"og:locale\" content=\"it_IT\" \/>\n<meta property=\"og:type\" content=\"article\" \/>\n<meta property=\"og:title\" content=\"La nostra storia \u2013 Servizio vino e degustazione al bicchiere - Wikeeps\" \/>\n<meta property=\"og:description\" content=\"Wikeeps\u00ae \u00e8 soprattutto una storia di wine lover. \u00c8 stato visitando vigneti e cantine che \u00e8 nata l&#039;idea di Wikeeps\u00ae.\" \/>\n<meta property=\"og:url\" content=\"https:\/\/www.wikeeps.com\/it\/la-nostra-storia\/\" \/>\n<meta property=\"og:site_name\" content=\"Wikeeps\" \/>\n<meta property=\"article:publisher\" content=\"https:\/\/www.facebook.com\/wikeepsFr\" \/>\n<meta property=\"article:modified_time\" content=\"2025-01-28T10:54:23+00:00\" \/>\n<meta name=\"twitter:card\" content=\"summary_large_image\" \/>\n<meta name=\"twitter:site\" content=\"@WIKEEPS\" \/>\n<meta name=\"twitter:label1\" content=\"Tempo di lettura stimato\" \/>\n\t<meta name=\"twitter:data1\" content=\"2 minuti\" \/>\n<script type=\"application\/ld+json\" class=\"yoast-schema-graph\">{\"@context\":\"https:\\\/\\\/schema.org\",\"@graph\":[{\"@type\":\"WebPage\",\"@id\":\"https:\\\/\\\/www.wikeeps.com\\\/it\\\/la-nostra-storia\\\/\",\"url\":\"https:\\\/\\\/www.wikeeps.com\\\/it\\\/la-nostra-storia\\\/\",\"name\":\"La nostra storia \u2013 Servizio vino e degustazione al bicchiere - Wikeeps\",\"isPartOf\":{\"@id\":\"https:\\\/\\\/www.wikeeps.com\\\/it\\\/#website\"},\"datePublished\":\"2022-01-05T18:05:09+00:00\",\"dateModified\":\"2025-01-28T10:54:23+00:00\",\"description\":\"Wikeeps\u00ae \u00e8 soprattutto una storia di wine lover. \u00c8 stato visitando vigneti e cantine che \u00e8 nata l'idea di Wikeeps\u00ae.\",\"breadcrumb\":{\"@id\":\"https:\\\/\\\/www.wikeeps.com\\\/it\\\/la-nostra-storia\\\/#breadcrumb\"},\"inLanguage\":\"it-IT\",\"potentialAction\":[{\"@type\":\"ReadAction\",\"target\":[\"https:\\\/\\\/www.wikeeps.com\\\/it\\\/la-nostra-storia\\\/\"]}]},{\"@type\":\"BreadcrumbList\",\"@id\":\"https:\\\/\\\/www.wikeeps.com\\\/it\\\/la-nostra-storia\\\/#breadcrumb\",\"itemListElement\":[{\"@type\":\"ListItem\",\"position\":1,\"name\":\"Accueil\",\"item\":\"https:\\\/\\\/www.wikeeps.com\\\/it\\\/vino-al-calice\\\/\"},{\"@type\":\"ListItem\",\"position\":2,\"name\":\"La nostra storia\"}]},{\"@type\":\"WebSite\",\"@id\":\"https:\\\/\\\/www.wikeeps.com\\\/it\\\/#website\",\"url\":\"https:\\\/\\\/www.wikeeps.com\\\/it\\\/\",\"name\":\"Wikeeps\",\"description\":\"Service, a\u00e9ration et conservation | vin au verre\",\"publisher\":{\"@id\":\"https:\\\/\\\/www.wikeeps.com\\\/it\\\/#organization\"},\"potentialAction\":[{\"@type\":\"SearchAction\",\"target\":{\"@type\":\"EntryPoint\",\"urlTemplate\":\"https:\\\/\\\/www.wikeeps.com\\\/it\\\/?s={search_term_string}\"},\"query-input\":{\"@type\":\"PropertyValueSpecification\",\"valueRequired\":true,\"valueName\":\"search_term_string\"}}],\"inLanguage\":\"it-IT\"},{\"@type\":\"Organization\",\"@id\":\"https:\\\/\\\/www.wikeeps.com\\\/it\\\/#organization\",\"name\":\"Wikeeps\",\"url\":\"https:\\\/\\\/www.wikeeps.com\\\/it\\\/\",\"logo\":{\"@type\":\"ImageObject\",\"inLanguage\":\"it-IT\",\"@id\":\"https:\\\/\\\/www.wikeeps.com\\\/it\\\/#\\\/schema\\\/logo\\\/image\\\/\",\"url\":\"https:\\\/\\\/www.wikeeps.com\\\/wp-content\\\/uploads\\\/2025\\\/01\\\/Logo-Wikeeps.png\",\"contentUrl\":\"https:\\\/\\\/www.wikeeps.com\\\/wp-content\\\/uploads\\\/2025\\\/01\\\/Logo-Wikeeps.png\",\"width\":1000,\"height\":184,\"caption\":\"Wikeeps\"},\"image\":{\"@id\":\"https:\\\/\\\/www.wikeeps.com\\\/it\\\/#\\\/schema\\\/logo\\\/image\\\/\"},\"sameAs\":[\"https:\\\/\\\/www.facebook.com\\\/wikeepsFr\",\"https:\\\/\\\/x.com\\\/WIKEEPS\",\"https:\\\/\\\/www.instagram.com\\\/wikeeps\\\/\"]}]}<\/script>\n<!-- \/ Yoast SEO plugin. -->","yoast_head_json":{"title":"La nostra storia \u2013 Servizio vino e degustazione al bicchiere - Wikeeps","description":"Wikeeps\u00ae \u00e8 soprattutto una storia di wine lover. \u00c8 stato visitando vigneti e cantine che \u00e8 nata l'idea di Wikeeps\u00ae.","robots":{"index":"index","follow":"follow","max-snippet":"max-snippet:-1","max-image-preview":"max-image-preview:large","max-video-preview":"max-video-preview:-1"},"canonical":"https:\/\/www.wikeeps.com\/it\/la-nostra-storia\/","og_locale":"it_IT","og_type":"article","og_title":"La nostra storia \u2013 Servizio vino e degustazione al bicchiere - Wikeeps","og_description":"Wikeeps\u00ae \u00e8 soprattutto una storia di wine lover. \u00c8 stato visitando vigneti e cantine che \u00e8 nata l'idea di Wikeeps\u00ae.","og_url":"https:\/\/www.wikeeps.com\/it\/la-nostra-storia\/","og_site_name":"Wikeeps","article_publisher":"https:\/\/www.facebook.com\/wikeepsFr","article_modified_time":"2025-01-28T10:54:23+00:00","twitter_card":"summary_large_image","twitter_site":"@WIKEEPS","twitter_misc":{"Tempo di lettura stimato":"2 minuti"},"schema":{"@context":"https:\/\/schema.org","@graph":[{"@type":"WebPage","@id":"https:\/\/www.wikeeps.com\/it\/la-nostra-storia\/","url":"https:\/\/www.wikeeps.com\/it\/la-nostra-storia\/","name":"La nostra storia \u2013 Servizio vino e degustazione al bicchiere - Wikeeps","isPartOf":{"@id":"https:\/\/www.wikeeps.com\/it\/#website"},"datePublished":"2022-01-05T18:05:09+00:00","dateModified":"2025-01-28T10:54:23+00:00","description":"Wikeeps\u00ae \u00e8 soprattutto una storia di wine lover. \u00c8 stato visitando vigneti e cantine che \u00e8 nata l'idea di Wikeeps\u00ae.","breadcrumb":{"@id":"https:\/\/www.wikeeps.com\/it\/la-nostra-storia\/#breadcrumb"},"inLanguage":"it-IT","potentialAction":[{"@type":"ReadAction","target":["https:\/\/www.wikeeps.com\/it\/la-nostra-storia\/"]}]},{"@type":"BreadcrumbList","@id":"https:\/\/www.wikeeps.com\/it\/la-nostra-storia\/#breadcrumb","itemListElement":[{"@type":"ListItem","position":1,"name":"Accueil","item":"https:\/\/www.wikeeps.com\/it\/vino-al-calice\/"},{"@type":"ListItem","position":2,"name":"La nostra storia"}]},{"@type":"WebSite","@id":"https:\/\/www.wikeeps.com\/it\/#website","url":"https:\/\/www.wikeeps.com\/it\/","name":"Wikeeps","description":"Service, a\u00e9ration et conservation | vin au verre","publisher":{"@id":"https:\/\/www.wikeeps.com\/it\/#organization"},"potentialAction":[{"@type":"SearchAction","target":{"@type":"EntryPoint","urlTemplate":"https:\/\/www.wikeeps.com\/it\/?s={search_term_string}"},"query-input":{"@type":"PropertyValueSpecification","valueRequired":true,"valueName":"search_term_string"}}],"inLanguage":"it-IT"},{"@type":"Organization","@id":"https:\/\/www.wikeeps.com\/it\/#organization","name":"Wikeeps","url":"https:\/\/www.wikeeps.com\/it\/","logo":{"@type":"ImageObject","inLanguage":"it-IT","@id":"https:\/\/www.wikeeps.com\/it\/#\/schema\/logo\/image\/","url":"https:\/\/www.wikeeps.com\/wp-content\/uploads\/2025\/01\/Logo-Wikeeps.png","contentUrl":"https:\/\/www.wikeeps.com\/wp-content\/uploads\/2025\/01\/Logo-Wikeeps.png","width":1000,"height":184,"caption":"Wikeeps"},"image":{"@id":"https:\/\/www.wikeeps.com\/it\/#\/schema\/logo\/image\/"},"sameAs":["https:\/\/www.facebook.com\/wikeepsFr","https:\/\/x.com\/WIKEEPS","https:\/\/www.instagram.com\/wikeeps\/"]}]}},"_links":{"self":[{"href":"https:\/\/www.wikeeps.com\/it\/wp-json\/wp\/v2\/pages\/16109","targetHints":{"allow":["GET"]}}],"collection":[{"href":"https:\/\/www.wikeeps.com\/it\/wp-json\/wp\/v2\/pages"}],"about":[{"href":"https:\/\/www.wikeeps.com\/it\/wp-json\/wp\/v2\/types\/page"}],"author":[{"embeddable":true,"href":"https:\/\/www.wikeeps.com\/it\/wp-json\/wp\/v2\/users\/1"}],"replies":[{"embeddable":true,"href":"https:\/\/www.wikeeps.com\/it\/wp-json\/wp\/v2\/comments?post=16109"}],"version-history":[{"count":0,"href":"https:\/\/www.wikeeps.com\/it\/wp-json\/wp\/v2\/pages\/16109\/revisions"}],"wp:attachment":[{"href":"https:\/\/www.wikeeps.com\/it\/wp-json\/wp\/v2\/media?parent=16109"}],"curies":[{"name":"wp","href":"https:\/\/api.w.org\/{rel}","templated":true}]}}