{"id":16094,"date":"2022-01-05T18:19:42","date_gmt":"2022-01-05T17:19:42","guid":{"rendered":"https:\/\/www.wikeeps.com\/?page_id=16094"},"modified":"2025-01-27T11:42:21","modified_gmt":"2025-01-27T10:42:21","slug":"innovazione-wikeeps-conservazione-del-vino","status":"publish","type":"page","link":"https:\/\/www.wikeeps.com\/it\/innovazione-wikeeps-conservazione-del-vino\/","title":{"rendered":"L&#8217;innovazione Wikeeps"},"content":{"rendered":"<p>[et_pb_section fb_built=&#8221;1&#8243; admin_label=&#8221;section&#8221; _builder_version=&#8221;4.16&#8243; global_colors_info=&#8221;{}&#8221;][et_pb_row use_custom_gutter=&#8221;on&#8221; gutter_width=&#8221;1&#8243; _builder_version=&#8221;4.27.4&#8243; background_enable_color=&#8221;off&#8221; background_size=&#8221;initial&#8221; background_position=&#8221;top_left&#8221; background_repeat=&#8221;repeat&#8221; width=&#8221;100%&#8221; custom_margin=&#8221;0px|auto||auto|false|false&#8221; custom_padding=&#8221;0px|0px|14px|0px|false|true&#8221; animation_style=&#8221;slide&#8221; animation_direction=&#8221;left&#8221; animation_duration=&#8221;800ms&#8221; animation_intensity_slide=&#8221;30%&#8221; hover_enabled=&#8221;0&#8243; global_colors_info=&#8221;{}&#8221; custom_margin_last_edited=&#8221;on|phone&#8221; custom_padding_last_edited=&#8221;on|phone&#8221; custom_padding_phone=&#8221;|20px||20px|false|true&#8221; sticky_enabled=&#8221;0&#8243; custom_margin_tablet=&#8221;0px|auto||auto|false|false&#8221; custom_margin_phone=&#8221;0px|auto||auto|false|false&#8221; custom_padding_tablet=&#8221;0px|0px|14px|0px|false|true&#8221;][et_pb_column type=&#8221;4_4&#8243; _builder_version=&#8221;4.16&#8243; custom_padding=&#8221;|||&#8221; global_colors_info=&#8221;{}&#8221; custom_padding__hover=&#8221;|||&#8221;][et_pb_post_title meta=&#8221;off&#8221; featured_image=&#8221;off&#8221; _builder_version=&#8221;4.27.4&#8243; _module_preset=&#8221;default&#8221; title_font=&#8221;|700||on|||||&#8221; title_text_align=&#8221;center&#8221; title_text_color=&#8221;#000000&#8243; title_font_size=&#8221;30px&#8221; global_colors_info=&#8221;{}&#8221;][\/et_pb_post_title][et_pb_divider color=&#8221;#000000&#8243; divider_weight=&#8221;3px&#8221; _builder_version=&#8221;4.27.3&#8243; _module_preset=&#8221;default&#8221; width=&#8221;16%&#8221; module_alignment=&#8221;center&#8221; global_colors_info=&#8221;{}&#8221;][\/et_pb_divider][et_pb_text admin_label=&#8221;Text&#8221; _builder_version=&#8221;4.27.4&#8243; header_font_size=&#8221;29px&#8221; header_2_font_size=&#8221;23px&#8221; header_2_line_height=&#8221;1.2em&#8221; background_size=&#8221;initial&#8221; background_position=&#8221;top_left&#8221; background_repeat=&#8221;repeat&#8221; global_colors_info=&#8221;{}&#8221;]<\/p>\n<h2 style=\"text-align: center;\"><strong>Wikeeps\u00ae, un&#8217;innovazione tecnologica francese<\/strong><\/h2>\n<p>[\/et_pb_text][\/et_pb_column][\/et_pb_row][et_pb_row admin_label=&#8221;row&#8221; _builder_version=&#8221;4.16&#8243; background_size=&#8221;initial&#8221; background_position=&#8221;top_left&#8221; background_repeat=&#8221;repeat&#8221; global_colors_info=&#8221;{}&#8221;][et_pb_column type=&#8221;4_4&#8243; _builder_version=&#8221;4.16&#8243; custom_padding=&#8221;|||&#8221; global_colors_info=&#8221;{}&#8221; custom_padding__hover=&#8221;|||&#8221;][et_pb_text admin_label=&#8221;Text&#8221; _builder_version=&#8221;4.27.4&#8243; text_font_size=&#8221;16px&#8221; text_line_height=&#8221;1.8em&#8221; header_3_line_height=&#8221;1.2em&#8221; background_size=&#8221;initial&#8221; background_position=&#8221;top_left&#8221; background_repeat=&#8221;repeat&#8221; global_colors_info=&#8221;{}&#8221;]<\/p>\n<p style=\"text-align: justify;\">Wikeeps\u00ae \u00e8 un&#8217;innovazione tecnologica francese adottata da pi\u00f9 di 10 anni dai pi\u00f9 grandi sommelier. Il sistema consente un servizio elegante del <strong><a href=\"https:\/\/www.wikeeps.com\/service-conservation-vin\/kit-essentiel-service-conservation-vin\/\" title=\"vino al bicchiere\">vino al bicchiere<\/a><\/strong> e nel rispetto della tradizione: <strong>aerazione accelerata, bottiglia non rovesciata, filtrazione e conservazione.<\/strong>  <\/p>\n<p style=\"text-align: center;\"><strong>La missione di Wikeeps: servire sia i professionisti che gli appassionati del vino.<\/strong><\/p>\n<blockquote><\/blockquote>\n<h3 style=\"text-align: center;\"><span style=\"color: #bf191b;\"><b style=\"color: #bf191b;\">Wikeeps\u00ae \u00e8 un sistema di conservazione del vino che funziona<\/b><br \/><b><span style=\"color: #bf191b;\">grazie<\/span><\/b> <b style=\"color: #bf191b;\">al gas enologico<\/b><\/span><\/h3>\n<p style=\"text-align: left;\"><span style=\"color: #bf191b;\"><b style=\"color: #bf191b;\"><\/b><\/span><\/p>\n<blockquote><\/blockquote>\n<ul style=\"text-align: justify;\">\n<li>La cartuccia Wikeeps funziona con un gas neutro, naturale e inerte. \u00c8 una miscela di Argon e CO2 prodotta da Linde (leader mondiale nei gas enologici). <br \/>La sua iniezione nella bottiglia preserva il vino e mantiene tutte le sue qualit\u00e0 organolettiche nel bicchiere.<\/li>\n<li>Questo gas alimentare inattiva la bottiglia durante ogni servizio e crea un&#8217;atmosfera protettiva che \u00e8 completamente neutra nel gusto e nell&#8217;odore.<\/li>\n<li>Protetto dall&#8217;ossidazione e dal contatto con l&#8217;aria,<strong> il vino conserva tutte le sue qualit\u00e0 e i suoi aromi fino a 4 settimane<\/strong> dopo l&#8217;apertura della bottiglia.<\/li>\n<li>La funzione di Wikeeps\u00ae \u00e8 quindi molteplice: in un solo gesto servi elegantemente il tuo vino al calice, lo arieggi istantaneamente, filtri i sedimenti sul fondo della bottiglia e inertisci la bottiglia iniettando gas Wikeeps\u00ae enologia.<\/li>\n<li>Dopo la manutenzione, la bombola deve essere conservata verticalmente in modo che il gas neutro sia pi\u00f9 efficace. La pistola e l&#8217;ugello possono essere rimossi con attenzione a favore dei piccoli tappi di gomma forniti nella confezione. <\/li>\n<\/ul>\n<p style=\"text-align: justify;\">\n<p>[\/et_pb_text][et_pb_button button_url=&#8221;@ET-DC@eyJkeW5hbWljIjp0cnVlLCJjb250ZW50IjoicG9zdF9saW5rX3VybF9wYWdlIiwic2V0dGluZ3MiOnsicG9zdF9pZCI6IjEyMjEifX0=@&#8221; button_text=&#8221;I vantaggi di Wikeeps&#8221; button_alignment=&#8221;center&#8221; _builder_version=&#8221;4.27.4&#8243; _dynamic_attributes=&#8221;button_url&#8221; _module_preset=&#8221;a93bd5f4-85ca-4af8-aab9-5954042d5969&#8243; custom_button=&#8221;on&#8221; button_text_size=&#8221;16px&#8221; button_text_color=&#8221;#FFFFFF&#8221; button_bg_color=&#8221;#000000&#8243; button_border_width=&#8221;0px&#8221; button_border_radius=&#8221;0px&#8221; button_letter_spacing=&#8221;2px&#8221; button_font=&#8221;Montserrat|600||on|||||&#8221; custom_padding=&#8221;15px|30px|15px|30px|true|true&#8221; custom_padding_tablet=&#8221;13px|25px|13px|25px|true|true&#8221; custom_padding_phone=&#8221;10px|20px|10px|20px|true|true&#8221; custom_padding_last_edited=&#8221;on|phone&#8221; animation_style=&#8221;slide&#8221; animation_direction=&#8221;top&#8221; animation_duration=&#8221;800ms&#8221; animation_intensity_slide=&#8221;30%&#8221; button_text_size_tablet=&#8221;15px&#8221; button_text_size_phone=&#8221;14px&#8221; button_text_size_last_edited=&#8221;on|phone&#8221; button_letter_spacing_tablet=&#8221;2px&#8221; button_letter_spacing_phone=&#8221;0px&#8221; button_letter_spacing_last_edited=&#8221;on|phone&#8221; locked=&#8221;off&#8221; global_colors_info=&#8221;{}&#8221; button_bg_color__hover_enabled=&#8221;on|hover&#8221; button_bg_color__hover=&#8221;#383838&#8243; button_bg_enable_color__hover=&#8221;on&#8221;][\/et_pb_button][et_pb_image src=&#8221;https:\/\/www.wikeeps.com\/wp-content\/uploads\/2019\/09\/Wikeeps_about-wikeeps-pic-04.jpeg&#8221; alt=&#8221;L&#039;innovazione Wikeeps&#8221; title_text=&#8221;Wikeeps_about-wikeeps-pic-04&#8243; align=&#8221;center&#8221; _builder_version=&#8221;4.27.4&#8243; _module_preset=&#8221;default&#8221; animation_style=&#8221;slide&#8221; animation_direction=&#8221;left&#8221; global_colors_info=&#8221;{}&#8221;][\/et_pb_image][et_pb_image src=&#8221;https:\/\/www.wikeeps.com\/wp-content\/uploads\/2025\/01\/Innovation-francaise.jpg&#8221; alt=&#8221;Innovazione francese&#8221; title_text=&#8221;Innovazione francese&#8221; align=&#8221;center&#8221; _builder_version=&#8221;4.27.4&#8243; _module_preset=&#8221;default&#8221; width=&#8221;23%&#8221; custom_margin=&#8221;60px||||false|false&#8221; animation_style=&#8221;slide&#8221; animation_direction=&#8221;left&#8221; global_colors_info=&#8221;{}&#8221;][\/et_pb_image][\/et_pb_column][\/et_pb_row][\/et_pb_section]<\/p>\n","protected":false},"excerpt":{"rendered":"<p>Wikeeps\u00ae, un&#8217;innovazione tecnologica franceseWikeeps\u00ae \u00e8 un&#8217;innovazione tecnologica francese adottata da pi\u00f9 di 10 anni dai pi\u00f9 grandi sommelier. Il sistema consente un servizio elegante del vino al bicchiere e nel rispetto della tradizione: aerazione accelerata, bottiglia non rovesciata, filtrazione e conservazione. La missione di Wikeeps: servire sia i professionisti che gli appassionati del vino. Wikeeps\u00ae [&hellip;]<\/p>\n","protected":false},"author":1,"featured_media":0,"parent":0,"menu_order":0,"comment_status":"closed","ping_status":"closed","template":"","meta":{"_et_pb_use_builder":"on","_et_pb_old_content":"","_et_gb_content_width":"","footnotes":""},"class_list":["post-16094","page","type-page","status-publish","hentry"],"yoast_head":"<!-- This site is optimized with the Yoast SEO plugin v27.6 - https:\/\/yoast.com\/product\/yoast-seo-wordpress\/ -->\n<title>INNOVAZIONE WIKEEPS\u00ae per la degustazione del vino<\/title>\n<meta name=\"description\" content=\"Wikeeps\u00ae \u00e8 un&#039;innovazione francese per la conservazione del vino adottata da professionisti e amanti del vino.\" \/>\n<meta name=\"robots\" content=\"index, follow, max-snippet:-1, max-image-preview:large, max-video-preview:-1\" \/>\n<link rel=\"canonical\" href=\"https:\/\/www.wikeeps.com\/it\/innovazione-wikeeps-conservazione-del-vino\/\" \/>\n<meta property=\"og:locale\" content=\"it_IT\" \/>\n<meta property=\"og:type\" content=\"article\" \/>\n<meta property=\"og:title\" content=\"INNOVAZIONE WIKEEPS\u00ae per la degustazione del vino\" \/>\n<meta property=\"og:description\" content=\"Wikeeps\u00ae \u00e8 un&#039;innovazione francese per la conservazione del vino adottata da professionisti e amanti del vino.\" \/>\n<meta property=\"og:url\" content=\"https:\/\/www.wikeeps.com\/it\/innovazione-wikeeps-conservazione-del-vino\/\" \/>\n<meta property=\"og:site_name\" content=\"Wikeeps\" \/>\n<meta property=\"article:publisher\" content=\"https:\/\/www.facebook.com\/wikeepsFr\" \/>\n<meta property=\"article:modified_time\" content=\"2025-01-27T10:42:21+00:00\" \/>\n<meta name=\"twitter:card\" content=\"summary_large_image\" \/>\n<meta name=\"twitter:site\" content=\"@WIKEEPS\" \/>\n<meta name=\"twitter:label1\" content=\"Tempo di lettura stimato\" \/>\n\t<meta name=\"twitter:data1\" content=\"2 minuti\" \/>\n<script type=\"application\/ld+json\" class=\"yoast-schema-graph\">{\"@context\":\"https:\\\/\\\/schema.org\",\"@graph\":[{\"@type\":\"WebPage\",\"@id\":\"https:\\\/\\\/www.wikeeps.com\\\/it\\\/innovazione-wikeeps-conservazione-del-vino\\\/\",\"url\":\"https:\\\/\\\/www.wikeeps.com\\\/it\\\/innovazione-wikeeps-conservazione-del-vino\\\/\",\"name\":\"INNOVAZIONE WIKEEPS\u00ae per la degustazione del vino\",\"isPartOf\":{\"@id\":\"https:\\\/\\\/www.wikeeps.com\\\/it\\\/#website\"},\"datePublished\":\"2022-01-05T17:19:42+00:00\",\"dateModified\":\"2025-01-27T10:42:21+00:00\",\"description\":\"Wikeeps\u00ae \u00e8 un'innovazione francese per la conservazione del vino adottata da professionisti e amanti del vino.\",\"breadcrumb\":{\"@id\":\"https:\\\/\\\/www.wikeeps.com\\\/it\\\/innovazione-wikeeps-conservazione-del-vino\\\/#breadcrumb\"},\"inLanguage\":\"it-IT\",\"potentialAction\":[{\"@type\":\"ReadAction\",\"target\":[\"https:\\\/\\\/www.wikeeps.com\\\/it\\\/innovazione-wikeeps-conservazione-del-vino\\\/\"]}]},{\"@type\":\"BreadcrumbList\",\"@id\":\"https:\\\/\\\/www.wikeeps.com\\\/it\\\/innovazione-wikeeps-conservazione-del-vino\\\/#breadcrumb\",\"itemListElement\":[{\"@type\":\"ListItem\",\"position\":1,\"name\":\"Accueil\",\"item\":\"https:\\\/\\\/www.wikeeps.com\\\/it\\\/vino-al-calice\\\/\"},{\"@type\":\"ListItem\",\"position\":2,\"name\":\"L&#8217;innovazione Wikeeps\"}]},{\"@type\":\"WebSite\",\"@id\":\"https:\\\/\\\/www.wikeeps.com\\\/it\\\/#website\",\"url\":\"https:\\\/\\\/www.wikeeps.com\\\/it\\\/\",\"name\":\"Wikeeps\",\"description\":\"Service, a\u00e9ration et conservation | vin au verre\",\"publisher\":{\"@id\":\"https:\\\/\\\/www.wikeeps.com\\\/it\\\/#organization\"},\"potentialAction\":[{\"@type\":\"SearchAction\",\"target\":{\"@type\":\"EntryPoint\",\"urlTemplate\":\"https:\\\/\\\/www.wikeeps.com\\\/it\\\/?s={search_term_string}\"},\"query-input\":{\"@type\":\"PropertyValueSpecification\",\"valueRequired\":true,\"valueName\":\"search_term_string\"}}],\"inLanguage\":\"it-IT\"},{\"@type\":\"Organization\",\"@id\":\"https:\\\/\\\/www.wikeeps.com\\\/it\\\/#organization\",\"name\":\"Wikeeps\",\"url\":\"https:\\\/\\\/www.wikeeps.com\\\/it\\\/\",\"logo\":{\"@type\":\"ImageObject\",\"inLanguage\":\"it-IT\",\"@id\":\"https:\\\/\\\/www.wikeeps.com\\\/it\\\/#\\\/schema\\\/logo\\\/image\\\/\",\"url\":\"https:\\\/\\\/www.wikeeps.com\\\/wp-content\\\/uploads\\\/2025\\\/01\\\/Logo-Wikeeps.png\",\"contentUrl\":\"https:\\\/\\\/www.wikeeps.com\\\/wp-content\\\/uploads\\\/2025\\\/01\\\/Logo-Wikeeps.png\",\"width\":1000,\"height\":184,\"caption\":\"Wikeeps\"},\"image\":{\"@id\":\"https:\\\/\\\/www.wikeeps.com\\\/it\\\/#\\\/schema\\\/logo\\\/image\\\/\"},\"sameAs\":[\"https:\\\/\\\/www.facebook.com\\\/wikeepsFr\",\"https:\\\/\\\/x.com\\\/WIKEEPS\",\"https:\\\/\\\/www.instagram.com\\\/wikeeps\\\/\"]}]}<\/script>\n<!-- \/ Yoast SEO plugin. -->","yoast_head_json":{"title":"INNOVAZIONE WIKEEPS\u00ae per la degustazione del vino","description":"Wikeeps\u00ae \u00e8 un'innovazione francese per la conservazione del vino adottata da professionisti e amanti del vino.","robots":{"index":"index","follow":"follow","max-snippet":"max-snippet:-1","max-image-preview":"max-image-preview:large","max-video-preview":"max-video-preview:-1"},"canonical":"https:\/\/www.wikeeps.com\/it\/innovazione-wikeeps-conservazione-del-vino\/","og_locale":"it_IT","og_type":"article","og_title":"INNOVAZIONE WIKEEPS\u00ae per la degustazione del vino","og_description":"Wikeeps\u00ae \u00e8 un'innovazione francese per la conservazione del vino adottata da professionisti e amanti del vino.","og_url":"https:\/\/www.wikeeps.com\/it\/innovazione-wikeeps-conservazione-del-vino\/","og_site_name":"Wikeeps","article_publisher":"https:\/\/www.facebook.com\/wikeepsFr","article_modified_time":"2025-01-27T10:42:21+00:00","twitter_card":"summary_large_image","twitter_site":"@WIKEEPS","twitter_misc":{"Tempo di lettura stimato":"2 minuti"},"schema":{"@context":"https:\/\/schema.org","@graph":[{"@type":"WebPage","@id":"https:\/\/www.wikeeps.com\/it\/innovazione-wikeeps-conservazione-del-vino\/","url":"https:\/\/www.wikeeps.com\/it\/innovazione-wikeeps-conservazione-del-vino\/","name":"INNOVAZIONE WIKEEPS\u00ae per la degustazione del vino","isPartOf":{"@id":"https:\/\/www.wikeeps.com\/it\/#website"},"datePublished":"2022-01-05T17:19:42+00:00","dateModified":"2025-01-27T10:42:21+00:00","description":"Wikeeps\u00ae \u00e8 un'innovazione francese per la conservazione del vino adottata da professionisti e amanti del vino.","breadcrumb":{"@id":"https:\/\/www.wikeeps.com\/it\/innovazione-wikeeps-conservazione-del-vino\/#breadcrumb"},"inLanguage":"it-IT","potentialAction":[{"@type":"ReadAction","target":["https:\/\/www.wikeeps.com\/it\/innovazione-wikeeps-conservazione-del-vino\/"]}]},{"@type":"BreadcrumbList","@id":"https:\/\/www.wikeeps.com\/it\/innovazione-wikeeps-conservazione-del-vino\/#breadcrumb","itemListElement":[{"@type":"ListItem","position":1,"name":"Accueil","item":"https:\/\/www.wikeeps.com\/it\/vino-al-calice\/"},{"@type":"ListItem","position":2,"name":"L&#8217;innovazione Wikeeps"}]},{"@type":"WebSite","@id":"https:\/\/www.wikeeps.com\/it\/#website","url":"https:\/\/www.wikeeps.com\/it\/","name":"Wikeeps","description":"Service, a\u00e9ration et conservation | vin au verre","publisher":{"@id":"https:\/\/www.wikeeps.com\/it\/#organization"},"potentialAction":[{"@type":"SearchAction","target":{"@type":"EntryPoint","urlTemplate":"https:\/\/www.wikeeps.com\/it\/?s={search_term_string}"},"query-input":{"@type":"PropertyValueSpecification","valueRequired":true,"valueName":"search_term_string"}}],"inLanguage":"it-IT"},{"@type":"Organization","@id":"https:\/\/www.wikeeps.com\/it\/#organization","name":"Wikeeps","url":"https:\/\/www.wikeeps.com\/it\/","logo":{"@type":"ImageObject","inLanguage":"it-IT","@id":"https:\/\/www.wikeeps.com\/it\/#\/schema\/logo\/image\/","url":"https:\/\/www.wikeeps.com\/wp-content\/uploads\/2025\/01\/Logo-Wikeeps.png","contentUrl":"https:\/\/www.wikeeps.com\/wp-content\/uploads\/2025\/01\/Logo-Wikeeps.png","width":1000,"height":184,"caption":"Wikeeps"},"image":{"@id":"https:\/\/www.wikeeps.com\/it\/#\/schema\/logo\/image\/"},"sameAs":["https:\/\/www.facebook.com\/wikeepsFr","https:\/\/x.com\/WIKEEPS","https:\/\/www.instagram.com\/wikeeps\/"]}]}},"_links":{"self":[{"href":"https:\/\/www.wikeeps.com\/it\/wp-json\/wp\/v2\/pages\/16094","targetHints":{"allow":["GET"]}}],"collection":[{"href":"https:\/\/www.wikeeps.com\/it\/wp-json\/wp\/v2\/pages"}],"about":[{"href":"https:\/\/www.wikeeps.com\/it\/wp-json\/wp\/v2\/types\/page"}],"author":[{"embeddable":true,"href":"https:\/\/www.wikeeps.com\/it\/wp-json\/wp\/v2\/users\/1"}],"replies":[{"embeddable":true,"href":"https:\/\/www.wikeeps.com\/it\/wp-json\/wp\/v2\/comments?post=16094"}],"version-history":[{"count":0,"href":"https:\/\/www.wikeeps.com\/it\/wp-json\/wp\/v2\/pages\/16094\/revisions"}],"wp:attachment":[{"href":"https:\/\/www.wikeeps.com\/it\/wp-json\/wp\/v2\/media?parent=16094"}],"curies":[{"name":"wp","href":"https:\/\/api.w.org\/{rel}","templated":true}]}}