{"id":2440,"date":"2018-07-20T13:04:10","date_gmt":"2018-07-20T11:04:10","guid":{"rendered":"https:\/\/www.wikeeps.com\/mentions-legales\/"},"modified":"2025-01-26T18:50:58","modified_gmt":"2025-01-26T17:50:58","slug":"legal-notice","status":"publish","type":"page","link":"https:\/\/www.wikeeps.com\/en\/legal-notice\/","title":{"rendered":"Legal information"},"content":{"rendered":"<p>[et_pb_section fb_built=&#8221;1&#8243; admin_label=&#8221;section&#8221; _builder_version=&#8221;4.16&#8243; global_colors_info=&#8221;{}&#8221; custom_padding=&#8221;3px|||||&#8221;][et_pb_row use_custom_gutter=&#8221;on&#8221; gutter_width=&#8221;1&#8243; _builder_version=&#8221;4.27.4&#8243; background_enable_color=&#8221;off&#8221; background_size=&#8221;initial&#8221; background_position=&#8221;top_left&#8221; background_repeat=&#8221;repeat&#8221; width=&#8221;100%&#8221; custom_margin=&#8221;27px|auto||auto||&#8221; custom_padding=&#8221;40px|0px|14px|0px|false|true&#8221; animation_style=&#8221;slide&#8221; animation_direction=&#8221;left&#8221; animation_duration=&#8221;800ms&#8221; animation_intensity_slide=&#8221;30%&#8221; global_colors_info=&#8221;{}&#8221; theme_builder_area=&#8221;post_content&#8221;][et_pb_column type=&#8221;4_4&#8243; _builder_version=&#8221;4.16&#8243; custom_padding=&#8221;|||&#8221; global_colors_info=&#8221;{}&#8221; custom_padding__hover=&#8221;|||&#8221; theme_builder_area=&#8221;post_content&#8221;][et_pb_post_title meta=&#8221;off&#8221; featured_image=&#8221;off&#8221; _builder_version=&#8221;4.27.4&#8243; _module_preset=&#8221;default&#8221; title_font=&#8221;|700||on|||||&#8221; title_text_align=&#8221;center&#8221; title_text_color=&#8221;#000000&#8243; title_font_size=&#8221;30px&#8221; global_colors_info=&#8221;{}&#8221; theme_builder_area=&#8221;post_content&#8221;][\/et_pb_post_title][et_pb_divider color=&#8221;#000000&#8243; divider_weight=&#8221;3px&#8221; _builder_version=&#8221;4.27.3&#8243; _module_preset=&#8221;default&#8221; width=&#8221;16%&#8221; module_alignment=&#8221;center&#8221; global_colors_info=&#8221;{}&#8221; theme_builder_area=&#8221;post_content&#8221;][\/et_pb_divider][\/et_pb_column][\/et_pb_row][et_pb_row admin_label=&#8221;row&#8221; _builder_version=&#8221;4.16&#8243; background_size=&#8221;initial&#8221; background_position=&#8221;top_left&#8221; background_repeat=&#8221;repeat&#8221; global_colors_info=&#8221;{}&#8221; custom_padding=&#8221;0px|||||&#8221;][et_pb_column type=&#8221;4_4&#8243; _builder_version=&#8221;4.16&#8243; custom_padding=&#8221;|||&#8221; global_colors_info=&#8221;{}&#8221; custom_padding__hover=&#8221;|||&#8221;][et_pb_text admin_label=&#8221;Text&#8221; _builder_version=&#8221;4.16&#8243; background_size=&#8221;initial&#8221; background_position=&#8221;top_left&#8221; background_repeat=&#8221;repeat&#8221; global_colors_info=&#8221;{}&#8221;]<\/p>\n<p style=\"text-align: justify;\"><strong>The site wikeeps.com is published by:<\/strong><\/p>\n<p style=\"text-align: justify;\">Time To Market<br \/>40, rue Condorcet<br \/>75009 Paris &#8211; France<br \/>T\u00e9l\u00e9phone : +33 9 87 32 98 00<\/p>\n<p style=\"text-align: justify;\"><strong>CREATION &amp; DEVELOPMENT<\/strong><\/p>\n<p style=\"text-align: justify;\">Studio Boh\u00e8me <br \/>33300 Bordeaux &#8211; France<\/p>\n<p style=\"text-align: justify;\"><strong>SITE HOST <\/strong><br \/><strong>OVH<\/strong><\/p>\n<p style=\"text-align: justify;\"><strong>SAS with capital of \u20ac10,000,000<\/strong><\/p>\n<p style=\"text-align: justify;\">RCS Roubaix \u2013 Tourcoing 424 761 419 00045 <br \/>APE code 6202A <br \/>VAT number: FR 22 424 761 419 <br \/>Head office: 2 rue Kellermann &#8211; 59100 Roubaix &#8211; France. <br \/>Publication director: Octave KLABA<\/p>\n<p style=\"text-align: justify;\"><strong>REGISTRATION <\/strong><\/p>\n<p style=\"text-align: justify;\">Registration with the Paris RCS under number: 501 299 820 <br \/>Company registration number: 501 299 820 00016 <br \/>APE or NAF code: 702Z <br \/>Limited company with capital of \u20ac10,000 <br \/>VAT identification number: FR26501299820<\/p>\n<p style=\"text-align: justify;\">This site respects copyright. All rights of the authors of the protected works reproduced and communicated on this site are reserved. Unless authorized, any use of the Works other than individual and private reproduction and consultation is prohibited.  <\/p>\n<p style=\"text-align: justify;\">The websites published by Wikeeps\u00ae have been declared to the CNIL under the following numbers: <strong>1812200<\/strong><\/p>\n<h4 style=\"text-align: justify;\"><strong>What personal data do we collect and for what reasons? <\/strong><\/h4>\n<h5 style=\"text-align: justify;\">Process<\/h5>\n<p style=\"text-align: justify;\">Wikeeps\u00ae grants the user the right to consult said sites for their strictly personal and private use. Any reproduction, redistribution or total or partial commercialization of the content is prohibited. <\/p>\n<p style=\"text-align: justify;\">Below you will find our policy regarding the processing of personal data. This text aims to inform you about how we use this data and tells you how to proceed if you wish to make a change. <\/p>\n<h5 style=\"text-align: justify;\">1. Nature of personal data collected<\/h5>\n<p style=\"text-align: justify;\">The information we collect comes from:<\/p>\n<p style=\"text-align: justify;\">\u2013 Either the voluntary registration of an e-mail address allowing you to receive one of our Newsletters.<\/p>\n<p style=\"text-align: justify;\">\u2013 Or complete entry of your contact details in our online store (last name, first name, company, billing and delivery address, telephone number, e-mail address) so as to be able to process your order.<\/p>\n<h5 style=\"text-align: justify;\">What do we do with this data?<\/h5>\n<p style=\"text-align: justify;\">The information you provide to us is never entrusted to third parties. Depending on the case, the uses are as follows: \u2013 If you have subscribed to one of our newsletters. In this case, your email address is strictly used for sending our mailing lists and internal announcements. We never use your contacts to send messages to potential business partners. Furthermore, you can unsubscribe from our newsletter at any time by clicking on the \u201cUnsubscribe link\u201d which appears on each of our newsletters. Or, in the event of an incident, write to: <a href=\"mailto:contact@wikeeps.com\">contact@wikeeps.com. <\/a>     <\/p>\n<p style=\"text-align: justify;\">In accordance with the Data Protection Act dated January 6, 1978, you also have the right to access, rectify, modify and delete data concerning you. You can exercise this right by writing to <a href=\"mailto:lrparis@lrparis.fr\">contact@wikeeps.com<\/a> <\/p>\n<h5 style=\"text-align: justify;\">3. Cookies<\/h5>\n<p style=\"text-align: justify;\">In order to optimize the use of its online services, Wikeeps\u00ae reserves the right to place cookies on the computers of users of its sites. These cookies are used in particular to facilitate user access to their accounts as well as to display advertising banners adapted to their way of browsing the internet. These cookies may be delivered by Wikeeps\u00ae or by third-party companies. To find out how to refuse, delete these \u201cCookies\u201d or be notified of their receipt by a message, please consult the help section of your internet browser.   <\/p>\n<p>[\/et_pb_text][\/et_pb_column][\/et_pb_row][\/et_pb_section]<\/p>\n","protected":false},"excerpt":{"rendered":"<p>The site wikeeps.com is published by: Time To Market40, rue Condorcet75009 Paris &#8211; FranceT\u00e9l\u00e9phone : +33 9 87 32 98 00 CREATION &amp; DEVELOPMENT Studio Boh\u00e8me 33300 Bordeaux &#8211; France SITE HOST OVH SAS with capital of \u20ac10,000,000 RCS Roubaix \u2013 Tourcoing 424 761 419 00045 APE code 6202A VAT number: FR 22 424 761 [&hellip;]<\/p>\n","protected":false},"author":1,"featured_media":0,"parent":0,"menu_order":0,"comment_status":"closed","ping_status":"closed","template":"","meta":{"_et_pb_use_builder":"on","_et_pb_old_content":"","_et_gb_content_width":"","footnotes":""},"class_list":["post-2440","page","type-page","status-publish","hentry"],"yoast_head":"<!-- This site is optimized with the Yoast SEO plugin v27.4 - https:\/\/yoast.com\/product\/yoast-seo-wordpress\/ -->\n<title>Legal information - Wikeeps<\/title>\n<meta name=\"robots\" content=\"noindex, follow\" \/>\n<meta property=\"og:locale\" content=\"en_US\" \/>\n<meta property=\"og:type\" content=\"article\" \/>\n<meta property=\"og:title\" content=\"Legal information - Wikeeps\" \/>\n<meta property=\"og:description\" content=\"The site wikeeps.com is published by: Time To Market40, rue Condorcet75009 Paris - FranceT\u00e9l\u00e9phone : +33 9 87 32 98 00 CREATION &amp; DEVELOPMENT Studio Boh\u00e8me 33300 Bordeaux - France SITE HOST OVH SAS with capital of \u20ac10,000,000 RCS Roubaix \u2013 Tourcoing 424 761 419 00045 APE code 6202A VAT number: FR 22 424 761 [&hellip;]\" \/>\n<meta property=\"og:url\" content=\"https:\/\/www.wikeeps.com\/en\/legal-notice\/\" \/>\n<meta property=\"og:site_name\" content=\"Wikeeps\" \/>\n<meta property=\"article:publisher\" content=\"https:\/\/www.facebook.com\/wikeepsFr\" \/>\n<meta property=\"article:modified_time\" content=\"2025-01-26T17:50:58+00:00\" \/>\n<meta name=\"twitter:card\" content=\"summary_large_image\" \/>\n<meta name=\"twitter:site\" content=\"@WIKEEPS\" \/>\n<meta name=\"twitter:label1\" content=\"Est. reading time\" \/>\n\t<meta name=\"twitter:data1\" content=\"3 minutes\" \/>\n<script type=\"application\/ld+json\" class=\"yoast-schema-graph\">{\"@context\":\"https:\\\/\\\/schema.org\",\"@graph\":[{\"@type\":\"WebPage\",\"@id\":\"https:\\\/\\\/www.wikeeps.com\\\/en\\\/legal-notice\\\/\",\"url\":\"https:\\\/\\\/www.wikeeps.com\\\/en\\\/legal-notice\\\/\",\"name\":\"Legal information - Wikeeps\",\"isPartOf\":{\"@id\":\"https:\\\/\\\/www.wikeeps.com\\\/en\\\/#website\"},\"datePublished\":\"2018-07-20T11:04:10+00:00\",\"dateModified\":\"2025-01-26T17:50:58+00:00\",\"breadcrumb\":{\"@id\":\"https:\\\/\\\/www.wikeeps.com\\\/en\\\/legal-notice\\\/#breadcrumb\"},\"inLanguage\":\"en-US\",\"potentialAction\":[{\"@type\":\"ReadAction\",\"target\":[\"https:\\\/\\\/www.wikeeps.com\\\/en\\\/legal-notice\\\/\"]}]},{\"@type\":\"BreadcrumbList\",\"@id\":\"https:\\\/\\\/www.wikeeps.com\\\/en\\\/legal-notice\\\/#breadcrumb\",\"itemListElement\":[{\"@type\":\"ListItem\",\"position\":1,\"name\":\"Accueil\",\"item\":\"https:\\\/\\\/www.wikeeps.com\\\/en\\\/wine-preservation\\\/\"},{\"@type\":\"ListItem\",\"position\":2,\"name\":\"Legal information\"}]},{\"@type\":\"WebSite\",\"@id\":\"https:\\\/\\\/www.wikeeps.com\\\/en\\\/#website\",\"url\":\"https:\\\/\\\/www.wikeeps.com\\\/en\\\/\",\"name\":\"Wikeeps\",\"description\":\"Service, a\u00e9ration et conservation | vin au verre\",\"publisher\":{\"@id\":\"https:\\\/\\\/www.wikeeps.com\\\/en\\\/#organization\"},\"potentialAction\":[{\"@type\":\"SearchAction\",\"target\":{\"@type\":\"EntryPoint\",\"urlTemplate\":\"https:\\\/\\\/www.wikeeps.com\\\/en\\\/?s={search_term_string}\"},\"query-input\":{\"@type\":\"PropertyValueSpecification\",\"valueRequired\":true,\"valueName\":\"search_term_string\"}}],\"inLanguage\":\"en-US\"},{\"@type\":\"Organization\",\"@id\":\"https:\\\/\\\/www.wikeeps.com\\\/en\\\/#organization\",\"name\":\"Wikeeps\",\"url\":\"https:\\\/\\\/www.wikeeps.com\\\/en\\\/\",\"logo\":{\"@type\":\"ImageObject\",\"inLanguage\":\"en-US\",\"@id\":\"https:\\\/\\\/www.wikeeps.com\\\/en\\\/#\\\/schema\\\/logo\\\/image\\\/\",\"url\":\"https:\\\/\\\/www.wikeeps.com\\\/wp-content\\\/uploads\\\/2025\\\/01\\\/Logo-Wikeeps.png\",\"contentUrl\":\"https:\\\/\\\/www.wikeeps.com\\\/wp-content\\\/uploads\\\/2025\\\/01\\\/Logo-Wikeeps.png\",\"width\":1000,\"height\":184,\"caption\":\"Wikeeps\"},\"image\":{\"@id\":\"https:\\\/\\\/www.wikeeps.com\\\/en\\\/#\\\/schema\\\/logo\\\/image\\\/\"},\"sameAs\":[\"https:\\\/\\\/www.facebook.com\\\/wikeepsFr\",\"https:\\\/\\\/x.com\\\/WIKEEPS\",\"https:\\\/\\\/www.instagram.com\\\/wikeeps\\\/\"]}]}<\/script>\n<!-- \/ Yoast SEO plugin. -->","yoast_head_json":{"title":"Legal information - Wikeeps","robots":{"index":"noindex","follow":"follow"},"og_locale":"en_US","og_type":"article","og_title":"Legal information - Wikeeps","og_description":"The site wikeeps.com is published by: Time To Market40, rue Condorcet75009 Paris - FranceT\u00e9l\u00e9phone : +33 9 87 32 98 00 CREATION &amp; DEVELOPMENT Studio Boh\u00e8me 33300 Bordeaux - France SITE HOST OVH SAS with capital of \u20ac10,000,000 RCS Roubaix \u2013 Tourcoing 424 761 419 00045 APE code 6202A VAT number: FR 22 424 761 [&hellip;]","og_url":"https:\/\/www.wikeeps.com\/en\/legal-notice\/","og_site_name":"Wikeeps","article_publisher":"https:\/\/www.facebook.com\/wikeepsFr","article_modified_time":"2025-01-26T17:50:58+00:00","twitter_card":"summary_large_image","twitter_site":"@WIKEEPS","twitter_misc":{"Est. reading time":"3 minutes"},"schema":{"@context":"https:\/\/schema.org","@graph":[{"@type":"WebPage","@id":"https:\/\/www.wikeeps.com\/en\/legal-notice\/","url":"https:\/\/www.wikeeps.com\/en\/legal-notice\/","name":"Legal information - Wikeeps","isPartOf":{"@id":"https:\/\/www.wikeeps.com\/en\/#website"},"datePublished":"2018-07-20T11:04:10+00:00","dateModified":"2025-01-26T17:50:58+00:00","breadcrumb":{"@id":"https:\/\/www.wikeeps.com\/en\/legal-notice\/#breadcrumb"},"inLanguage":"en-US","potentialAction":[{"@type":"ReadAction","target":["https:\/\/www.wikeeps.com\/en\/legal-notice\/"]}]},{"@type":"BreadcrumbList","@id":"https:\/\/www.wikeeps.com\/en\/legal-notice\/#breadcrumb","itemListElement":[{"@type":"ListItem","position":1,"name":"Accueil","item":"https:\/\/www.wikeeps.com\/en\/wine-preservation\/"},{"@type":"ListItem","position":2,"name":"Legal information"}]},{"@type":"WebSite","@id":"https:\/\/www.wikeeps.com\/en\/#website","url":"https:\/\/www.wikeeps.com\/en\/","name":"Wikeeps","description":"Service, a\u00e9ration et conservation | vin au verre","publisher":{"@id":"https:\/\/www.wikeeps.com\/en\/#organization"},"potentialAction":[{"@type":"SearchAction","target":{"@type":"EntryPoint","urlTemplate":"https:\/\/www.wikeeps.com\/en\/?s={search_term_string}"},"query-input":{"@type":"PropertyValueSpecification","valueRequired":true,"valueName":"search_term_string"}}],"inLanguage":"en-US"},{"@type":"Organization","@id":"https:\/\/www.wikeeps.com\/en\/#organization","name":"Wikeeps","url":"https:\/\/www.wikeeps.com\/en\/","logo":{"@type":"ImageObject","inLanguage":"en-US","@id":"https:\/\/www.wikeeps.com\/en\/#\/schema\/logo\/image\/","url":"https:\/\/www.wikeeps.com\/wp-content\/uploads\/2025\/01\/Logo-Wikeeps.png","contentUrl":"https:\/\/www.wikeeps.com\/wp-content\/uploads\/2025\/01\/Logo-Wikeeps.png","width":1000,"height":184,"caption":"Wikeeps"},"image":{"@id":"https:\/\/www.wikeeps.com\/en\/#\/schema\/logo\/image\/"},"sameAs":["https:\/\/www.facebook.com\/wikeepsFr","https:\/\/x.com\/WIKEEPS","https:\/\/www.instagram.com\/wikeeps\/"]}]}},"_links":{"self":[{"href":"https:\/\/www.wikeeps.com\/en\/wp-json\/wp\/v2\/pages\/2440","targetHints":{"allow":["GET"]}}],"collection":[{"href":"https:\/\/www.wikeeps.com\/en\/wp-json\/wp\/v2\/pages"}],"about":[{"href":"https:\/\/www.wikeeps.com\/en\/wp-json\/wp\/v2\/types\/page"}],"author":[{"embeddable":true,"href":"https:\/\/www.wikeeps.com\/en\/wp-json\/wp\/v2\/users\/1"}],"replies":[{"embeddable":true,"href":"https:\/\/www.wikeeps.com\/en\/wp-json\/wp\/v2\/comments?post=2440"}],"version-history":[{"count":0,"href":"https:\/\/www.wikeeps.com\/en\/wp-json\/wp\/v2\/pages\/2440\/revisions"}],"wp:attachment":[{"href":"https:\/\/www.wikeeps.com\/en\/wp-json\/wp\/v2\/media?parent=2440"}],"curies":[{"name":"wp","href":"https:\/\/api.w.org\/{rel}","templated":true}]}}